{"id":36530,"date":"2026-04-18T01:56:39","date_gmt":"2026-04-18T01:56:39","guid":{"rendered":"https:\/\/singuli.wpress.me\/index.php\/proizvod\/braun-serija-3-3000-brijaci-aparat\/"},"modified":"2026-04-20T12:33:18","modified_gmt":"2026-04-20T12:33:18","slug":"braun-serija-3-3000-brijaci-aparat","status":"publish","type":"product","link":"https:\/\/singuli.wpress.me\/index.php\/proizvod\/braun-serija-3-3000-brijaci-aparat\/","title":{"rendered":"BRAUN SERIJA 3 3000, brija\u0107i aparat"},"content":{"rendered":"<p>\n    Braun Series 3+ 3000s elektri\u010dni brija\u0107i aparat za mu\u0161karce<\/p>\n<p>\n    Elektri\u010dni brija\u0107i aparat Braun Series 3+ 3000s osmi\u0161ljen je za temeljito i ugodno brijanje. Aparat ima 3 fleksibilne o\u0161trice (2 Braunove brija\u0107e mre\u017eice i 1 sredi\u0161nji trimer za brijanje duljih dla\u010dica) koje se prilago\u0111avaju konturama lica za lako brijanje svakog podru\u010dja.<\/p>\n<p>\n    Ovaj model ima u\u010dinkoviti mikro\u010de\u0161lji\u0107 koji hvata vi\u0161e dla\u010dica u svakom potezu* za br\u017ee i nje\u017enije brijanje. Tanka brija\u0107a glava s lako\u0107om brije \u010dak i te\u0161ko dostupna mjesta poput podru\u010dja ispod nosa.<\/p>\n<p>\n    Brija\u0107i aparat je vodootporan te prikladan za suho brijanje. Proizveden je u Njema\u010dkoj. Baterija traje 45 minuta, a tu je i opcija 5-minutnog brzog punjenja dovoljnog za jedno brijanje.<\/p>\n<p>\n    *u odnosu na dosada\u0161nji Braun Series 3, testirano na 3-dnevnoj bradi<\/p>\n","protected":false},"excerpt":{"rendered":"<p>Temeljito i ugodno brijanje uz 3 fleksibilne o\u0161trice<br \/>\nU\u010dinkoviti mikro\u010de\u0161lji\u0107 za br\u017ee i nje\u017enije brijanje<br \/>\nVodootporan, prikladan za suho brijanje i proizveden u Njema\u010dkoj<\/p>\n","protected":false},"featured_media":36531,"template":"","meta":{"_seopress_robots_primary_cat":"","_seopress_titles_title":"","_seopress_titles_desc":"","_seopress_robots_index":"","iawp_total_views":0},"product_brand":[144],"product_cat":[280,192,279],"product_tag":[],"class_list":{"0":"post-36530","1":"product","2":"type-product","3":"status-publish","4":"has-post-thumbnail","6":"product_brand-braun","7":"product_cat-aparati-za-muskarce-279","8":"product_cat-aparati-za-osobnu-njegu","9":"product_cat-brijanje-i-sisanje-192","11":"first","12":"instock","13":"shipping-taxable","14":"purchasable","15":"product-type-simple"},"_links":{"self":[{"href":"https:\/\/singuli.wpress.me\/index.php\/wp-json\/wp\/v2\/product\/36530","targetHints":{"allow":["GET"]}}],"collection":[{"href":"https:\/\/singuli.wpress.me\/index.php\/wp-json\/wp\/v2\/product"}],"about":[{"href":"https:\/\/singuli.wpress.me\/index.php\/wp-json\/wp\/v2\/types\/product"}],"version-history":[{"count":0,"href":"https:\/\/singuli.wpress.me\/index.php\/wp-json\/wp\/v2\/product\/36530\/revisions"}],"wp:featuredmedia":[{"embeddable":true,"href":"https:\/\/singuli.wpress.me\/index.php\/wp-json\/wp\/v2\/media\/36531"}],"wp:attachment":[{"href":"https:\/\/singuli.wpress.me\/index.php\/wp-json\/wp\/v2\/media?parent=36530"}],"wp:term":[{"taxonomy":"product_brand","embeddable":true,"href":"https:\/\/singuli.wpress.me\/index.php\/wp-json\/wp\/v2\/product_brand?post=36530"},{"taxonomy":"product_cat","embeddable":true,"href":"https:\/\/singuli.wpress.me\/index.php\/wp-json\/wp\/v2\/product_cat?post=36530"},{"taxonomy":"product_tag","embeddable":true,"href":"https:\/\/singuli.wpress.me\/index.php\/wp-json\/wp\/v2\/product_tag?post=36530"}],"curies":[{"name":"wp","href":"https:\/\/api.w.org\/{rel}","templated":true}]}}