{"id":36542,"date":"2026-04-18T01:56:44","date_gmt":"2026-04-18T01:56:44","guid":{"rendered":"https:\/\/singuli.wpress.me\/index.php\/proizvod\/braun-9615s-sivi-brijaci-aparat\/"},"modified":"2026-04-20T12:33:18","modified_gmt":"2026-04-20T12:33:18","slug":"braun-9615s-sivi-brijaci-aparat","status":"publish","type":"product","link":"https:\/\/singuli.wpress.me\/index.php\/proizvod\/braun-9615s-sivi-brijaci-aparat\/","title":{"rendered":"BRAUN 9615s SIVI, brija\u0107i aparat"},"content":{"rendered":"<p>\n    Braun Series 9 PRO+ 9615s elektri\u010dni brija\u0107i aparat 5+1 (grafitno sivi)<\/p>\n<p>\n    Brija\u0107i aparat Braun Series 9 PRO+ dizajniran je za mu\u0161karce kako bi im pomogao u postizanju savr\u0161ene glatko\u0107e i za\u0161tite ko\u017ee. Aparat ima 5+1 savr\u0161eno sinkroniziranih brija\u0107ih elemenata koji nje\u017eno podrezuju najzahtjevnije brade.<\/p>\n<p>\n    Elementi uklju\u010duju o\u0161tricu Direct&amp;Cut, ProTrimmer (integriran za preciznost na najdu\u017eim dla\u010dicama), mre\u017eicu OptiFoil, \u0161titnik SkinGuard i o\u0161tricu ProLift presvu\u010denu titanijem. Ultra tanke precizne o\u0161trice briju u\u010dinkovitije od prethodnih modela Series 9, pru\u017eaju\u0107i izuzetnu za\u0161titu ko\u017ee.<\/p>\n<p>\n    Za maksimalnu u\u010dinkovitost na bilo kojoj gusto\u0107i brade, tehnologija Pro SensoAdapt s visokopreciznim senzorima analizira gusto\u0107u va\u0161e brade brzinom od 300 puta u sekundi i automatski prilago\u0111ava snagu brijanja.<\/p>\n<p>\n    Series 9 PRO+ je 100% vodootporan, prikladan za mokro i suho brijanje, te je proizveden u Njema\u010dkoj. Dolazi s postoljem za punjenje i 60-minutnom litij-ionskom baterijom.<\/p>\n","protected":false},"excerpt":{"rendered":"<p>Savr\u0161ena glatko\u0107a i za\u0161tita ko\u017ee uz 5+1 brija\u0107i element<br \/>\nTehnologija Pro SensoAdapt koja automatski prilago\u0111ava snagu brijanja<br \/>\n100% vodootporan, za mokro i suho brijanje, s 60 minuta litij-ionske baterije<\/p>\n","protected":false},"featured_media":36543,"template":"","meta":{"_seopress_robots_primary_cat":"","_seopress_titles_title":"","_seopress_titles_desc":"","_seopress_robots_index":"","iawp_total_views":0},"product_brand":[144],"product_cat":[280,192,279],"product_tag":[],"class_list":{"0":"post-36542","1":"product","2":"type-product","3":"status-publish","4":"has-post-thumbnail","6":"product_brand-braun","7":"product_cat-aparati-za-muskarce-279","8":"product_cat-aparati-za-osobnu-njegu","9":"product_cat-brijanje-i-sisanje-192","11":"first","12":"instock","13":"shipping-taxable","14":"purchasable","15":"product-type-simple"},"_links":{"self":[{"href":"https:\/\/singuli.wpress.me\/index.php\/wp-json\/wp\/v2\/product\/36542","targetHints":{"allow":["GET"]}}],"collection":[{"href":"https:\/\/singuli.wpress.me\/index.php\/wp-json\/wp\/v2\/product"}],"about":[{"href":"https:\/\/singuli.wpress.me\/index.php\/wp-json\/wp\/v2\/types\/product"}],"version-history":[{"count":0,"href":"https:\/\/singuli.wpress.me\/index.php\/wp-json\/wp\/v2\/product\/36542\/revisions"}],"wp:featuredmedia":[{"embeddable":true,"href":"https:\/\/singuli.wpress.me\/index.php\/wp-json\/wp\/v2\/media\/36543"}],"wp:attachment":[{"href":"https:\/\/singuli.wpress.me\/index.php\/wp-json\/wp\/v2\/media?parent=36542"}],"wp:term":[{"taxonomy":"product_brand","embeddable":true,"href":"https:\/\/singuli.wpress.me\/index.php\/wp-json\/wp\/v2\/product_brand?post=36542"},{"taxonomy":"product_cat","embeddable":true,"href":"https:\/\/singuli.wpress.me\/index.php\/wp-json\/wp\/v2\/product_cat?post=36542"},{"taxonomy":"product_tag","embeddable":true,"href":"https:\/\/singuli.wpress.me\/index.php\/wp-json\/wp\/v2\/product_tag?post=36542"}],"curies":[{"name":"wp","href":"https:\/\/api.w.org\/{rel}","templated":true}]}}