{"id":36566,"date":"2026-04-18T01:58:55","date_gmt":"2026-04-18T01:58:55","guid":{"rendered":"https:\/\/singuli.wpress.me\/index.php\/proizvod\/picasso-tiles-klasicni-set-set-za-igru-33-kom\/"},"modified":"2026-04-20T12:33:18","modified_gmt":"2026-04-20T12:33:18","slug":"picasso-tiles-klasicni-set-set-za-igru-33-kom","status":"publish","type":"product","link":"https:\/\/singuli.wpress.me\/index.php\/proizvod\/picasso-tiles-klasicni-set-set-za-igru-33-kom\/","title":{"rendered":"PICASSO TILES klasi\u010dni set, set za igru, 33 kom"},"content":{"rendered":"<p>\n    <strong>PicassoTiles \u2013 Set magnetskih plo\u010dica za 3D izgradnju (33 komada)<\/strong>\n<\/p>\n<p>\n    Predstavljamo fantasti\u010dan set za kreativnu izgradnju <strong>PicassoTiles<\/strong>, koji pru\u017ea djeci priliku da istra\u017ee svijet <strong>3D konstrukcija<\/strong> i razviju svoje vje\u0161tine.\n<\/p>\n<p>\n    Set se sastoji od <strong>33 komada magnetskih plo\u010dica<\/strong> koje se izuzetno <strong>lako sla\u017eu<\/strong>, omogu\u0107uju\u0107i djeci da grade vlastite oblike, strukture i modele, poti\u010du\u0107i pritom njihovu <strong>ma\u0161tu i kreativnost<\/strong>.\n<\/p>\n<h3>Idealno za STEM u\u010denje kroz igru:<\/h3>\n<p>\n    Ovaj set je savr\u0161en alat za razvoj <strong>fine motorike, prostorne percepcije i logi\u010dkog razmi\u0161ljanja<\/strong>. Djeca mogu graditi sve, od jednostavnih oblika do slo\u017eenih 3D struktura, istovremeno razvijaju\u0107i vje\u0161tine u znanstvenom, tehni\u010dkom, in\u017eenjerskom i matemati\u010dkom podru\u010dju (<strong>STEM<\/strong>).\n<\/p>\n<p>\n    S inovativnim dizajnom i jasnim, \u017eivopisnim bojama, PicassoTiles set omogu\u0107uje djeci <strong>kreativnost bez granica<\/strong>. Idealno za sve uzraste i savr\u0161en za razvoj novih vje\u0161tina na zabavan na\u010din!<\/p>\n","protected":false},"excerpt":{"rendered":"<p>3D Konstrukcijski set s magnetskim plo\u010dicama<br \/>\n33 komada magnetskih plo\u010dica<br \/>\nPotpora za STEM vje\u0161tine, razvoj fine motorike i prostorne percepcije<\/p>\n","protected":false},"featured_media":36567,"template":"","meta":{"_seopress_robots_primary_cat":"","_seopress_titles_title":"","_seopress_titles_desc":"","_seopress_robots_index":"","iawp_total_views":0},"product_brand":[750],"product_cat":[221,291],"product_tag":[],"class_list":{"0":"post-36566","1":"product","2":"type-product","3":"status-publish","4":"has-post-thumbnail","6":"product_brand-picasso-tiles","7":"product_cat-igracke","8":"product_cat-igracke-za-djecu-221","10":"first","11":"instock","12":"shipping-taxable","13":"purchasable","14":"product-type-simple"},"_links":{"self":[{"href":"https:\/\/singuli.wpress.me\/index.php\/wp-json\/wp\/v2\/product\/36566","targetHints":{"allow":["GET"]}}],"collection":[{"href":"https:\/\/singuli.wpress.me\/index.php\/wp-json\/wp\/v2\/product"}],"about":[{"href":"https:\/\/singuli.wpress.me\/index.php\/wp-json\/wp\/v2\/types\/product"}],"version-history":[{"count":0,"href":"https:\/\/singuli.wpress.me\/index.php\/wp-json\/wp\/v2\/product\/36566\/revisions"}],"wp:featuredmedia":[{"embeddable":true,"href":"https:\/\/singuli.wpress.me\/index.php\/wp-json\/wp\/v2\/media\/36567"}],"wp:attachment":[{"href":"https:\/\/singuli.wpress.me\/index.php\/wp-json\/wp\/v2\/media?parent=36566"}],"wp:term":[{"taxonomy":"product_brand","embeddable":true,"href":"https:\/\/singuli.wpress.me\/index.php\/wp-json\/wp\/v2\/product_brand?post=36566"},{"taxonomy":"product_cat","embeddable":true,"href":"https:\/\/singuli.wpress.me\/index.php\/wp-json\/wp\/v2\/product_cat?post=36566"},{"taxonomy":"product_tag","embeddable":true,"href":"https:\/\/singuli.wpress.me\/index.php\/wp-json\/wp\/v2\/product_tag?post=36566"}],"curies":[{"name":"wp","href":"https:\/\/api.w.org\/{rel}","templated":true}]}}