{"id":36572,"date":"2026-04-18T01:58:59","date_gmt":"2026-04-18T01:58:59","guid":{"rendered":"https:\/\/singuli.wpress.me\/index.php\/proizvod\/braun-serija-5-54b-zamjenska-mrezica-i-noz\/"},"modified":"2026-04-20T12:33:18","modified_gmt":"2026-04-20T12:33:18","slug":"braun-serija-5-54b-zamjenska-mrezica-i-noz","status":"publish","type":"product","link":"https:\/\/singuli.wpress.me\/index.php\/proizvod\/braun-serija-5-54b-zamjenska-mrezica-i-noz\/","title":{"rendered":"BRAUN SERIJA 5 54B, zamjenska mre\u017eica i no\u017e"},"content":{"rendered":"<p>\n    Braun Series 5 54B ORIGINALNA zamjenska glava (srebrna)<\/p>\n<p>\n    Vratite svom brija\u0107em aparatu 100% performanse brijanja! Braun preporu\u010duje zamjenu mre\u017eice i bloka no\u017ea svakih 18 mjeseci, budu\u0107i da se glava nakon brijanja oko 6.000.000 dla\u010dica prirodno istro\u0161i.<\/p>\n<p>\n    Ova ORIGINALNA zamjenska glava proizvedena je u Njema\u010dkoj i dizajnirana je za brzo i lako brijanje. Ima 3 fleksibilne o\u0161trice koje se lako prilago\u0111avaju konturama va\u0161eg lica za temeljito i brzo brijanje. Posebna tehnologija mre\u017eice je nje\u017ena prema ko\u017ei i \u0161titi je od posjekotina i ogrebotina.<\/p>\n<p>\n    Glava je kompatibilna s generacijama 50, 51 i 52 brija\u0107ih aparata Series 5 te se lako mijenja jednim klikom. Koristite isklju\u010divo originalne Braunove zamjenske glave kako biste osigurali da ne\u0107e do\u0107i do o\u0161te\u0107enja va\u0161eg aparata.<\/p>\n<p>\n    Sadr\u017eaj kutije: 1x ORIGINALNA zamjenska brija\u0107a glava za Series 5.<\/p>\n","protected":false},"excerpt":{"rendered":"<p>Vra\u0107a 100% performanse brijanja<br \/>\nBrzo i temeljito brijanje uz 3 fleksibilne o\u0161trice<br \/>\nKompatibilna s generacijama 50, 51 i 52 aparata Series 5<\/p>\n","protected":false},"featured_media":36573,"template":"","meta":{"_seopress_robots_primary_cat":"","_seopress_titles_title":"","_seopress_titles_desc":"","_seopress_robots_index":"","iawp_total_views":0},"product_brand":[144],"product_cat":[280,192,279],"product_tag":[],"class_list":{"0":"post-36572","1":"product","2":"type-product","3":"status-publish","4":"has-post-thumbnail","6":"product_brand-braun","7":"product_cat-aparati-za-muskarce-279","8":"product_cat-aparati-za-osobnu-njegu","9":"product_cat-brijanje-i-sisanje-192","11":"first","12":"instock","13":"shipping-taxable","14":"purchasable","15":"product-type-simple"},"_links":{"self":[{"href":"https:\/\/singuli.wpress.me\/index.php\/wp-json\/wp\/v2\/product\/36572","targetHints":{"allow":["GET"]}}],"collection":[{"href":"https:\/\/singuli.wpress.me\/index.php\/wp-json\/wp\/v2\/product"}],"about":[{"href":"https:\/\/singuli.wpress.me\/index.php\/wp-json\/wp\/v2\/types\/product"}],"version-history":[{"count":0,"href":"https:\/\/singuli.wpress.me\/index.php\/wp-json\/wp\/v2\/product\/36572\/revisions"}],"wp:featuredmedia":[{"embeddable":true,"href":"https:\/\/singuli.wpress.me\/index.php\/wp-json\/wp\/v2\/media\/36573"}],"wp:attachment":[{"href":"https:\/\/singuli.wpress.me\/index.php\/wp-json\/wp\/v2\/media?parent=36572"}],"wp:term":[{"taxonomy":"product_brand","embeddable":true,"href":"https:\/\/singuli.wpress.me\/index.php\/wp-json\/wp\/v2\/product_brand?post=36572"},{"taxonomy":"product_cat","embeddable":true,"href":"https:\/\/singuli.wpress.me\/index.php\/wp-json\/wp\/v2\/product_cat?post=36572"},{"taxonomy":"product_tag","embeddable":true,"href":"https:\/\/singuli.wpress.me\/index.php\/wp-json\/wp\/v2\/product_tag?post=36572"}],"curies":[{"name":"wp","href":"https:\/\/api.w.org\/{rel}","templated":true}]}}