{"id":36584,"date":"2026-04-18T01:59:04","date_gmt":"2026-04-18T01:59:04","guid":{"rendered":"https:\/\/singuli.wpress.me\/index.php\/proizvod\/braun-serija-3-300-bt-brijaci-aparat\/"},"modified":"2026-04-20T12:33:18","modified_gmt":"2026-04-20T12:33:18","slug":"braun-serija-3-300-bt-brijaci-aparat","status":"publish","type":"product","link":"https:\/\/singuli.wpress.me\/index.php\/proizvod\/braun-serija-3-300-bt-brijaci-aparat\/","title":{"rendered":"BRAUN SERIJA 3 300 BT, brija\u0107i aparat"},"content":{"rendered":"<p>\n    Braun Series 3 300 BT elektri\u010dni brija\u0107i aparat za mu\u0161karce<\/p>\n<p>\n    Elektri\u010dni brija\u0107i aparat Braun Series 3 300BT osmi\u0161ljen je za glatko i temeljito brijanje. Aparat ima 3 fleksibilne o\u0161trice (2 Braunove brija\u0107e mre\u017eice i 1 sredi\u0161nji trimer za brijanje duljih dla\u010dica) koje se prilago\u0111avaju konturama lica za lako brijanje svakog podru\u010dja.<\/p>\n<p>\n    Preciznost je osigurana glavom s trimerom za bradu koja omogu\u0107uje precizno konturiranje zalizaka i brkova, kao i tankom brija\u0107om glavom koja s lako\u0107om brije \u010dak i te\u0161ko dostupna mjesta poput podru\u010dja ispod nosa. Uz aparat dolazi i 5 \u010de\u0161lji\u0107a.<\/p>\n<p>\n    Ovaj je aparat vodootporan i prikladan za suho brijanje. Dizajniran je u Njema\u010dkoj. Baterija traje 30 minuta, a tu je i opcija 5-minutnog brzog punjenja dovoljnog za jedno brijanje.<\/p>\n","protected":false},"excerpt":{"rendered":"<p>Glatko i temeljito brijanje uz 3 fleksibilne o\u0161trice<br \/>\nPrecizno konturiranje zahvaljuju\u0107i trimeru za bradu<br \/>\nVodootporan aparat, prikladan za suho brijanje i dizajniran u Njema\u010dkoj<\/p>\n","protected":false},"featured_media":36585,"template":"","meta":{"_seopress_robots_primary_cat":"","_seopress_titles_title":"","_seopress_titles_desc":"","_seopress_robots_index":"","iawp_total_views":0},"product_brand":[144],"product_cat":[280,192,279],"product_tag":[],"class_list":{"0":"post-36584","1":"product","2":"type-product","3":"status-publish","4":"has-post-thumbnail","6":"product_brand-braun","7":"product_cat-aparati-za-muskarce-279","8":"product_cat-aparati-za-osobnu-njegu","9":"product_cat-brijanje-i-sisanje-192","11":"first","12":"instock","13":"shipping-taxable","14":"purchasable","15":"product-type-simple"},"_links":{"self":[{"href":"https:\/\/singuli.wpress.me\/index.php\/wp-json\/wp\/v2\/product\/36584","targetHints":{"allow":["GET"]}}],"collection":[{"href":"https:\/\/singuli.wpress.me\/index.php\/wp-json\/wp\/v2\/product"}],"about":[{"href":"https:\/\/singuli.wpress.me\/index.php\/wp-json\/wp\/v2\/types\/product"}],"version-history":[{"count":0,"href":"https:\/\/singuli.wpress.me\/index.php\/wp-json\/wp\/v2\/product\/36584\/revisions"}],"wp:featuredmedia":[{"embeddable":true,"href":"https:\/\/singuli.wpress.me\/index.php\/wp-json\/wp\/v2\/media\/36585"}],"wp:attachment":[{"href":"https:\/\/singuli.wpress.me\/index.php\/wp-json\/wp\/v2\/media?parent=36584"}],"wp:term":[{"taxonomy":"product_brand","embeddable":true,"href":"https:\/\/singuli.wpress.me\/index.php\/wp-json\/wp\/v2\/product_brand?post=36584"},{"taxonomy":"product_cat","embeddable":true,"href":"https:\/\/singuli.wpress.me\/index.php\/wp-json\/wp\/v2\/product_cat?post=36584"},{"taxonomy":"product_tag","embeddable":true,"href":"https:\/\/singuli.wpress.me\/index.php\/wp-json\/wp\/v2\/product_tag?post=36584"}],"curies":[{"name":"wp","href":"https:\/\/api.w.org\/{rel}","templated":true}]}}