{"id":36602,"date":"2026-04-18T01:59:11","date_gmt":"2026-04-18T01:59:11","guid":{"rendered":"https:\/\/singuli.wpress.me\/index.php\/proizvod\/jurassic-world-dinosauri-sa-zvukovima-figure\/"},"modified":"2026-04-21T00:26:49","modified_gmt":"2026-04-21T00:26:49","slug":"jurassic-world-dinosauri-sa-zvukovima-figure","status":"publish","type":"product","link":"https:\/\/singuli.wpress.me\/index.php\/proizvod\/jurassic-world-dinosauri-sa-zvukovima-figure\/","title":{"rendered":"JURASSIC WORLD dinosauri sa zvukovima, figure"},"content":{"rendered":"<p>Postanite glasni i \u017eestoki uz nove akcijske figurice dinosaura iz Jurskog svijeta! Ove figure donose uzbu\u0111enje s ekrana izravno u va\u0161e ruke. Za ve\u0107inu modela, dovoljno je aktivirati rep kako biste pokrenuli napad udarcem glavom popra\u0107en \u017eestokom rikom. Svaki dinosaur krasi detaljan dizajn i pokretni zglobovi, \u0161to ih \u010dini savr\u0161enima za dinami\u010dnu igru sukoba ili impresivnu, bu\u010dnu demonstraciju na polici. Za dodatnu razinu zabave, skenirajte skriveni kod putem besplatne Jurassic World Play aplikacije na svom pametnom ure\u0111aju i otklju\u010dajte digitalnu verziju svog dinosaura uz pristup zabavnim igrama!<\/p>\n","protected":false},"excerpt":{"rendered":"<p>Aktivirajte rep za realisti\u010dan napad udarcem glavom i autenti\u010dnu riku dinosaura<br \/>\nDetaljno izra\u0111ene figure s pokretnim zglobovima omogu\u0107uju razli\u010dite borbene polo\u017eaje<br \/>\nSkriveni kod omogu\u0107uje otklju\u010davanje digitalnog sadr\u017eaja u besplatnoj aplikaciji Jurassic World Play<\/p>\n","protected":false},"featured_media":36603,"template":"","meta":{"_seopress_robots_primary_cat":"","_seopress_titles_title":"","_seopress_titles_desc":"","_seopress_robots_index":"","iawp_total_views":0},"product_brand":[786],"product_cat":[221,263],"product_tag":[],"class_list":{"0":"post-36602","1":"product","2":"type-product","3":"status-publish","4":"has-post-thumbnail","6":"product_brand-jurassic-world","7":"product_cat-igracke","8":"product_cat-tematske-igracke-221","10":"first","11":"outofstock","12":"shipping-taxable","13":"purchasable","14":"product-type-simple"},"_links":{"self":[{"href":"https:\/\/singuli.wpress.me\/index.php\/wp-json\/wp\/v2\/product\/36602","targetHints":{"allow":["GET"]}}],"collection":[{"href":"https:\/\/singuli.wpress.me\/index.php\/wp-json\/wp\/v2\/product"}],"about":[{"href":"https:\/\/singuli.wpress.me\/index.php\/wp-json\/wp\/v2\/types\/product"}],"version-history":[{"count":0,"href":"https:\/\/singuli.wpress.me\/index.php\/wp-json\/wp\/v2\/product\/36602\/revisions"}],"wp:featuredmedia":[{"embeddable":true,"href":"https:\/\/singuli.wpress.me\/index.php\/wp-json\/wp\/v2\/media\/36603"}],"wp:attachment":[{"href":"https:\/\/singuli.wpress.me\/index.php\/wp-json\/wp\/v2\/media?parent=36602"}],"wp:term":[{"taxonomy":"product_brand","embeddable":true,"href":"https:\/\/singuli.wpress.me\/index.php\/wp-json\/wp\/v2\/product_brand?post=36602"},{"taxonomy":"product_cat","embeddable":true,"href":"https:\/\/singuli.wpress.me\/index.php\/wp-json\/wp\/v2\/product_cat?post=36602"},{"taxonomy":"product_tag","embeddable":true,"href":"https:\/\/singuli.wpress.me\/index.php\/wp-json\/wp\/v2\/product_tag?post=36602"}],"curies":[{"name":"wp","href":"https:\/\/api.w.org\/{rel}","templated":true}]}}