{"id":36609,"date":"2026-04-18T01:59:14","date_gmt":"2026-04-18T01:59:14","guid":{"rendered":"https:\/\/singuli.wpress.me\/index.php\/proizvod\/jurassic-world-preporod-napad-dinosaura-figure\/"},"modified":"2026-04-20T12:33:18","modified_gmt":"2026-04-20T12:33:18","slug":"jurassic-world-preporod-napad-dinosaura-figure","status":"publish","type":"product","link":"https:\/\/singuli.wpress.me\/index.php\/proizvod\/jurassic-world-preporod-napad-dinosaura-figure\/","title":{"rendered":"JURASSIC WORLD Preporod napad dinosaura, figure"},"content":{"rendered":"<p>Uronite u svijet uzbudljivih akcija s dinosaurima inspiriranim filmom Jurski svijet: Zemlja uskrsnu\u0107a! Ova serija donosi legendarne dinosaure poznate po svom specifi\u010dnom lovu i napadima u jatu. U\u017eivajte u autenti\u010dnoj igri borbe uz realisti\u010dne pokrete \u2013 jednostavnim pomicanjem repa aktivirate napade mahanjem vratom. Svaka figura krije i digitalno iznena\u0111enje: skenirajte poseban kod za pra\u0107enje koji se nalazi na stopalu dinosaura putem besplatne Jurassic World Play aplikacije i o\u017eivite svog prapovijesnog grabe\u017eljivca na pametnom ure\u0111aju.<\/p>\n","protected":false},"excerpt":{"rendered":"<p>Aktivirajte napad mahanjem vratom pomicanjem repa za dinami\u010dnu igru borbe<br \/>\nFigure su inspirirane vrstama poznatim po timskom lovu i napadima iz filma Zemlja uskrsnu\u0107a.<br \/>\nSadr\u017ei kod na stopalu koji se skenira za pristup besplatnoj aplikaciji Jurassic World Play<\/p>\n","protected":false},"featured_media":36610,"template":"","meta":{"_seopress_robots_primary_cat":"","_seopress_titles_title":"","_seopress_titles_desc":"","_seopress_robots_index":"","iawp_total_views":0},"product_brand":[786],"product_cat":[221,263],"product_tag":[],"class_list":{"0":"post-36609","1":"product","2":"type-product","3":"status-publish","4":"has-post-thumbnail","6":"product_brand-jurassic-world","7":"product_cat-igracke","8":"product_cat-tematske-igracke-221","10":"first","11":"outofstock","12":"shipping-taxable","13":"purchasable","14":"product-type-simple"},"_links":{"self":[{"href":"https:\/\/singuli.wpress.me\/index.php\/wp-json\/wp\/v2\/product\/36609","targetHints":{"allow":["GET"]}}],"collection":[{"href":"https:\/\/singuli.wpress.me\/index.php\/wp-json\/wp\/v2\/product"}],"about":[{"href":"https:\/\/singuli.wpress.me\/index.php\/wp-json\/wp\/v2\/types\/product"}],"version-history":[{"count":0,"href":"https:\/\/singuli.wpress.me\/index.php\/wp-json\/wp\/v2\/product\/36609\/revisions"}],"wp:featuredmedia":[{"embeddable":true,"href":"https:\/\/singuli.wpress.me\/index.php\/wp-json\/wp\/v2\/media\/36610"}],"wp:attachment":[{"href":"https:\/\/singuli.wpress.me\/index.php\/wp-json\/wp\/v2\/media?parent=36609"}],"wp:term":[{"taxonomy":"product_brand","embeddable":true,"href":"https:\/\/singuli.wpress.me\/index.php\/wp-json\/wp\/v2\/product_brand?post=36609"},{"taxonomy":"product_cat","embeddable":true,"href":"https:\/\/singuli.wpress.me\/index.php\/wp-json\/wp\/v2\/product_cat?post=36609"},{"taxonomy":"product_tag","embeddable":true,"href":"https:\/\/singuli.wpress.me\/index.php\/wp-json\/wp\/v2\/product_tag?post=36609"}],"curies":[{"name":"wp","href":"https:\/\/api.w.org\/{rel}","templated":true}]}}