{"id":36615,"date":"2026-04-18T01:59:17","date_gmt":"2026-04-18T01:59:17","guid":{"rendered":"https:\/\/singuli.wpress.me\/index.php\/proizvod\/jurassic-world-preporod-dinosaur-s-zvukovima-figure\/"},"modified":"2026-04-20T12:33:18","modified_gmt":"2026-04-20T12:33:18","slug":"jurassic-world-preporod-dinosaur-s-zvukovima-figure","status":"publish","type":"product","link":"https:\/\/singuli.wpress.me\/index.php\/proizvod\/jurassic-world-preporod-dinosaur-s-zvukovima-figure\/","title":{"rendered":"JURASSIC WORLD Preporod dinosaur s zvukovima, figure"},"content":{"rendered":"<p>Upoznajte jednog od najbr\u017eih i najopasnijih grabe\u017eljivaca iz uzbudljivog svijeta Jurassic World: Preporod! Ova Wild Roar Utahraptor napada\u010dka figura o\u010darat \u0107e male ljubitelje dinosaura svojim zastra\u0161uju\u0107im izgledom i interaktivnim funkcijama. Zahvaljuju\u0107i dvostrukom mehanizmu kretanja, pomo\u0107u repa figure lako se aktivira divlji napada\u010dki pokret popra\u0107en sna\u017enom, karakteristi\u010dnom rikom. Dodatnu dinamiku igri daje mogu\u0107nost zakretanja repa \u010dime se mijenja smjer napada, omogu\u0107uju\u0107i djeci stvaranje bezbrojnih novih situacija za igru i razvoj kreativnih pri\u010da.<\/p>\n","protected":false},"excerpt":{"rendered":"<p>Aktivirajte divlji napada\u010dki pokret i sna\u017enu riku pomo\u0107u repa figure.<br \/>\nZakretanjem repa mijenja se smjer napada za jo\u0161 uzbudljivije situacije u igri<br \/>\nKarakteristi\u010dna rika o\u017eivljava ovog opasnog grabe\u017eljivca iz serije Preporod<\/p>\n","protected":false},"featured_media":36616,"template":"","meta":{"_seopress_robots_primary_cat":"","_seopress_titles_title":"","_seopress_titles_desc":"","_seopress_robots_index":"","iawp_total_views":0},"product_brand":[786],"product_cat":[221,263],"product_tag":[],"class_list":{"0":"post-36615","1":"product","2":"type-product","3":"status-publish","4":"has-post-thumbnail","6":"product_brand-jurassic-world","7":"product_cat-igracke","8":"product_cat-tematske-igracke-221","10":"first","11":"outofstock","12":"shipping-taxable","13":"purchasable","14":"product-type-simple"},"_links":{"self":[{"href":"https:\/\/singuli.wpress.me\/index.php\/wp-json\/wp\/v2\/product\/36615","targetHints":{"allow":["GET"]}}],"collection":[{"href":"https:\/\/singuli.wpress.me\/index.php\/wp-json\/wp\/v2\/product"}],"about":[{"href":"https:\/\/singuli.wpress.me\/index.php\/wp-json\/wp\/v2\/types\/product"}],"version-history":[{"count":0,"href":"https:\/\/singuli.wpress.me\/index.php\/wp-json\/wp\/v2\/product\/36615\/revisions"}],"wp:featuredmedia":[{"embeddable":true,"href":"https:\/\/singuli.wpress.me\/index.php\/wp-json\/wp\/v2\/media\/36616"}],"wp:attachment":[{"href":"https:\/\/singuli.wpress.me\/index.php\/wp-json\/wp\/v2\/media?parent=36615"}],"wp:term":[{"taxonomy":"product_brand","embeddable":true,"href":"https:\/\/singuli.wpress.me\/index.php\/wp-json\/wp\/v2\/product_brand?post=36615"},{"taxonomy":"product_cat","embeddable":true,"href":"https:\/\/singuli.wpress.me\/index.php\/wp-json\/wp\/v2\/product_cat?post=36615"},{"taxonomy":"product_tag","embeddable":true,"href":"https:\/\/singuli.wpress.me\/index.php\/wp-json\/wp\/v2\/product_tag?post=36615"}],"curies":[{"name":"wp","href":"https:\/\/api.w.org\/{rel}","templated":true}]}}