{"id":36621,"date":"2026-04-18T01:59:20","date_gmt":"2026-04-18T01:59:20","guid":{"rendered":"https:\/\/singuli.wpress.me\/index.php\/proizvod\/revlon-easy-heat-susilo-za-kosu\/"},"modified":"2026-04-20T12:33:18","modified_gmt":"2026-04-20T12:33:18","slug":"revlon-easy-heat-susilo-za-kosu","status":"publish","type":"product","link":"https:\/\/singuli.wpress.me\/index.php\/proizvod\/revlon-easy-heat-susilo-za-kosu\/","title":{"rendered":"REVLON Easy Heat, su\u0161ilo za kosu"},"content":{"rendered":"<p>Otkrijte snagu i preciznost uz na\u0161 profesionalni su\u0161ilo za kosu, dizajnirano za savr\u0161eno stiliziranje. S turmalinskom ionskom tehnologijom i naprednom keramikom, ovo su\u0161ilo ne samo da su\u0161i, ve\u0107 i transformira va\u0161u kosu.<\/p>\n<p>Sna\u017enih 2000 W osigurava brz i u\u010dinkovit protok zraka, dok lagan i ergonomski dizajn (samo 500 g) \u010dini stiliziranje jednostavnim i ugodnim. Odaberite izme\u0111u 3 postavke topline i 2 postavke brzine kako biste u potpunosti prilagodili su\u0161enje svojoj kosi. Na kraju, iskoristite hladni mlaz za fiksiranje frizure i dodatni sjaj.<\/p>\n<p>Turmalin i keramika djeluju u harmoniji kako bi smanjili kovr\u010danje i stati\u010dki elektricitet, ostavljaju\u0107i kosu nevjerojatno zdravom, mekom i sjajnom. Idealno je \u010dak i za obojenu kosu jer poma\u017ee u zadr\u017eavanju vlage i smanjenju o\u0161te\u0107enja, ravnomjerno raspore\u0111uju\u0107i toplinu.<\/p>\n<p>S prilo\u017eenom uskom mlaznicom i dugim kabelom od 1.8 m, imate potpunu kontrolu za precizno oblikovanje. Su\u0161ilo je opremljeno i prstenom za vje\u0161anje za jednostavno spremanje.<\/p>\n","protected":false},"excerpt":{"rendered":"<p>Turmalinska ionska tehnologija i kerami\u010dki premaz smanjuju o\u0161te\u0107enja, sprje\u010davaju kovr\u010danje i daju kosi zdrav, sjajan i mekan izgled<br \/>\nSnaga od 2000 W omogu\u0107uje brzo su\u0161enje, dok izuzetno lagana te\u017eina od samo 500 g pru\u017ea potpunu udobnost i kontrolu<br \/>\nNudi 3 postavke topline, 2 postavke brzine i hladni mlaz za fleksibilnost u stiliziranju i dugotrajno fiksiranje frizure.<\/p>\n","protected":false},"featured_media":36622,"template":"","meta":{"_seopress_robots_primary_cat":"","_seopress_titles_title":"","_seopress_titles_desc":"","_seopress_robots_index":"","iawp_total_views":0},"product_brand":[155],"product_cat":[192,319],"product_tag":[],"class_list":{"0":"post-36621","1":"product","2":"type-product","3":"status-publish","4":"has-post-thumbnail","6":"product_brand-revlon","7":"product_cat-aparati-za-osobnu-njegu","8":"product_cat-susila-za-kosu-pegla-i-uvijaci-192","10":"first","11":"instock","12":"shipping-taxable","13":"purchasable","14":"product-type-simple"},"_links":{"self":[{"href":"https:\/\/singuli.wpress.me\/index.php\/wp-json\/wp\/v2\/product\/36621","targetHints":{"allow":["GET"]}}],"collection":[{"href":"https:\/\/singuli.wpress.me\/index.php\/wp-json\/wp\/v2\/product"}],"about":[{"href":"https:\/\/singuli.wpress.me\/index.php\/wp-json\/wp\/v2\/types\/product"}],"version-history":[{"count":0,"href":"https:\/\/singuli.wpress.me\/index.php\/wp-json\/wp\/v2\/product\/36621\/revisions"}],"wp:featuredmedia":[{"embeddable":true,"href":"https:\/\/singuli.wpress.me\/index.php\/wp-json\/wp\/v2\/media\/36622"}],"wp:attachment":[{"href":"https:\/\/singuli.wpress.me\/index.php\/wp-json\/wp\/v2\/media?parent=36621"}],"wp:term":[{"taxonomy":"product_brand","embeddable":true,"href":"https:\/\/singuli.wpress.me\/index.php\/wp-json\/wp\/v2\/product_brand?post=36621"},{"taxonomy":"product_cat","embeddable":true,"href":"https:\/\/singuli.wpress.me\/index.php\/wp-json\/wp\/v2\/product_cat?post=36621"},{"taxonomy":"product_tag","embeddable":true,"href":"https:\/\/singuli.wpress.me\/index.php\/wp-json\/wp\/v2\/product_tag?post=36621"}],"curies":[{"name":"wp","href":"https:\/\/api.w.org\/{rel}","templated":true}]}}