{"id":36630,"date":"2026-04-18T01:59:24","date_gmt":"2026-04-18T01:59:24","guid":{"rendered":"https:\/\/singuli.wpress.me\/index.php\/proizvod\/revlon-easy-heat-uvijac-za-kosu\/"},"modified":"2026-04-21T00:26:49","modified_gmt":"2026-04-21T00:26:49","slug":"revlon-easy-heat-uvijac-za-kosu","status":"publish","type":"product","link":"https:\/\/singuli.wpress.me\/index.php\/proizvod\/revlon-easy-heat-uvijac-za-kosu\/","title":{"rendered":"REVLON Easy Heat, uvija\u010d za kosu"},"content":{"rendered":"<p>Otkrijte ultimativno iskustvo stiliziranja uz na\u0161e profesionalno su\u0161ilo za kosu, savr\u0161eno prilago\u0111eno za obojenu kosu. Uz jasne i jednostavne postavke, osigurava vam potpunu kontrolu nad toplinom kako biste postigli savr\u0161en izgled bez o\u0161te\u0107enja.<\/p>\n<p>S iznimno dugom cijevi od 160 mm i keramikom oboga\u0107enom turmalinom, su\u0161ilo ravnomjerno raspore\u0111uje toplinu, pru\u017eaju\u0107i kosi ve\u0107i sjaj i \u0161tite\u0107i je od o\u0161te\u0107enja.<\/p>\n<p>Opremljeno je 4 postavke TruGuard\u2122 sustava za predefinirane temperature koje dodatno \u010duvaju intenzitet i zdravlje va\u0161e obojene kose. S okretnim kabelom od 1.8 m, zaboravite na zapetljavanje i u\u017eivajte u jednostavnom i brzom stiliziranju.<\/p>\n","protected":false},"excerpt":{"rendered":"<p>4 postavke TruGuard\u2122 temperature osiguravaju preciznu kontrolu i za\u0161titu od o\u0161te\u0107enja, posebno kod obojene kose<br \/>\nPosebno dizajnirane unaprijed postavljene temperature \u010duvaju boju i zdravlje va\u0161e kose od \u0161tetnog utjecaja topline<br \/>\nIznimno duga cijev od 160 mm omogu\u0107uje br\u017ee stiliziranje i bolje prianjanje, daju\u0107i kosi ve\u0107i sjaj i meko\u0107u<\/p>\n","protected":false},"featured_media":36631,"template":"","meta":{"_seopress_robots_primary_cat":"","_seopress_titles_title":"","_seopress_titles_desc":"","_seopress_robots_index":"","iawp_total_views":0},"product_brand":[155],"product_cat":[192,319],"product_tag":[],"class_list":{"0":"post-36630","1":"product","2":"type-product","3":"status-publish","4":"has-post-thumbnail","6":"product_brand-revlon","7":"product_cat-aparati-za-osobnu-njegu","8":"product_cat-susila-za-kosu-pegla-i-uvijaci-192","10":"first","11":"instock","12":"shipping-taxable","13":"purchasable","14":"product-type-simple"},"_links":{"self":[{"href":"https:\/\/singuli.wpress.me\/index.php\/wp-json\/wp\/v2\/product\/36630","targetHints":{"allow":["GET"]}}],"collection":[{"href":"https:\/\/singuli.wpress.me\/index.php\/wp-json\/wp\/v2\/product"}],"about":[{"href":"https:\/\/singuli.wpress.me\/index.php\/wp-json\/wp\/v2\/types\/product"}],"version-history":[{"count":0,"href":"https:\/\/singuli.wpress.me\/index.php\/wp-json\/wp\/v2\/product\/36630\/revisions"}],"wp:featuredmedia":[{"embeddable":true,"href":"https:\/\/singuli.wpress.me\/index.php\/wp-json\/wp\/v2\/media\/36631"}],"wp:attachment":[{"href":"https:\/\/singuli.wpress.me\/index.php\/wp-json\/wp\/v2\/media?parent=36630"}],"wp:term":[{"taxonomy":"product_brand","embeddable":true,"href":"https:\/\/singuli.wpress.me\/index.php\/wp-json\/wp\/v2\/product_brand?post=36630"},{"taxonomy":"product_cat","embeddable":true,"href":"https:\/\/singuli.wpress.me\/index.php\/wp-json\/wp\/v2\/product_cat?post=36630"},{"taxonomy":"product_tag","embeddable":true,"href":"https:\/\/singuli.wpress.me\/index.php\/wp-json\/wp\/v2\/product_tag?post=36630"}],"curies":[{"name":"wp","href":"https:\/\/api.w.org\/{rel}","templated":true}]}}