{"id":36635,"date":"2026-04-18T01:59:25","date_gmt":"2026-04-18T01:59:25","guid":{"rendered":"https:\/\/singuli.wpress.me\/index.php\/proizvod\/superthings-kpb-figurice-set-10-kom-10-kom\/"},"modified":"2026-04-20T12:33:18","modified_gmt":"2026-04-20T12:33:18","slug":"superthings-kpb-figurice-set-10-kom-10-kom","status":"publish","type":"product","link":"https:\/\/singuli.wpress.me\/index.php\/proizvod\/superthings-kpb-figurice-set-10-kom-10-kom\/","title":{"rendered":"SUPERTHINGS KPB figurice, set, 10 kom, 10\u00a0kom"},"content":{"rendered":"<p><strong>SuperThingsi<\/strong> su se vratili s vi\u0161e energije nego ikad u novoj seriji <strong>\u201eKazoom Power\u201c<\/strong>! Inspirirani novom animiranom serijom, spremni su za nove avanture u Kaboom Cityju. Sakupite vi\u0161e od <strong>80 figurica<\/strong> iz serije, uklju\u010duju\u0107i i novu verziju ultra rijetke Enigme.<\/p>\n<p>Zapo\u010dnite svoju kolekciju ili je brzo pro\u0161irite s ovim velikim paketom od <strong>10 figurica<\/strong>! U svakom paketu zajam\u010deno dobivate jednu <strong>figuricu iznena\u0111enja<\/strong> i jednog <strong>zlatnog kapetana<\/strong>!<\/p>\n<p>Postoje dvije ekskluzivne figurice za sakupljanje, jedan junak i jedan negativac. Pove\u0107ajte svoje \u0161anse za pronalazak nove, **ultra rijetke Enigme** i upotpunite svoju Kazoom Power ekipu!<\/p>\n<p><strong>Uklju\u010duje:<\/strong> 10 SuperThings figurica (uklju\u010duju\u0107i 1 figuricu iznena\u0111enja i 1 zlatnog kapetana).<\/p>\n","protected":false},"excerpt":{"rendered":"<p>Set uklju\u010duje 10 SuperThings figurica za brzo pro\u0161irenje kolekcije<br \/>\nZajam\u010deno sadr\u017ei 1 zlatnog kapetana i 1 figuricu iznena\u0111enja<br \/>\nDio nove serije &#8220;Kazoom Power&#8221; s preko 80 likova<\/p>\n","protected":false},"featured_media":36636,"template":"","meta":{"_seopress_robots_primary_cat":"","_seopress_titles_title":"","_seopress_titles_desc":"","_seopress_robots_index":"","iawp_total_views":0},"product_brand":[383],"product_cat":[221,263],"product_tag":[],"class_list":{"0":"post-36635","1":"product","2":"type-product","3":"status-publish","4":"has-post-thumbnail","6":"product_brand-superthings","7":"product_cat-igracke","8":"product_cat-tematske-igracke-221","10":"first","11":"outofstock","12":"shipping-taxable","13":"purchasable","14":"product-type-simple"},"_links":{"self":[{"href":"https:\/\/singuli.wpress.me\/index.php\/wp-json\/wp\/v2\/product\/36635","targetHints":{"allow":["GET"]}}],"collection":[{"href":"https:\/\/singuli.wpress.me\/index.php\/wp-json\/wp\/v2\/product"}],"about":[{"href":"https:\/\/singuli.wpress.me\/index.php\/wp-json\/wp\/v2\/types\/product"}],"version-history":[{"count":0,"href":"https:\/\/singuli.wpress.me\/index.php\/wp-json\/wp\/v2\/product\/36635\/revisions"}],"wp:featuredmedia":[{"embeddable":true,"href":"https:\/\/singuli.wpress.me\/index.php\/wp-json\/wp\/v2\/media\/36636"}],"wp:attachment":[{"href":"https:\/\/singuli.wpress.me\/index.php\/wp-json\/wp\/v2\/media?parent=36635"}],"wp:term":[{"taxonomy":"product_brand","embeddable":true,"href":"https:\/\/singuli.wpress.me\/index.php\/wp-json\/wp\/v2\/product_brand?post=36635"},{"taxonomy":"product_cat","embeddable":true,"href":"https:\/\/singuli.wpress.me\/index.php\/wp-json\/wp\/v2\/product_cat?post=36635"},{"taxonomy":"product_tag","embeddable":true,"href":"https:\/\/singuli.wpress.me\/index.php\/wp-json\/wp\/v2\/product_tag?post=36635"}],"curies":[{"name":"wp","href":"https:\/\/api.w.org\/{rel}","templated":true}]}}