{"id":36639,"date":"2026-04-18T01:59:28","date_gmt":"2026-04-18T01:59:28","guid":{"rendered":"https:\/\/singuli.wpress.me\/index.php\/proizvod\/superthings-kpb-figurice-set-5-kom-5-kom\/"},"modified":"2026-04-20T12:33:18","modified_gmt":"2026-04-20T12:33:18","slug":"superthings-kpb-figurice-set-5-kom-5-kom","status":"publish","type":"product","link":"https:\/\/singuli.wpress.me\/index.php\/proizvod\/superthings-kpb-figurice-set-5-kom-5-kom\/","title":{"rendered":"SUPERTHINGS KPB figurice, set, 5 kom, 5\u00a0kom"},"content":{"rendered":"<p><strong>SuperThingsi<\/strong> su se vratili s vi\u0161e energije nego ikad u novoj seriji <strong>\u201eKazoom Power\u201c<\/strong>! Upustite se u avanturu inspiriranu novom animiranom serijom i sakupite vi\u0161e od <strong>80 fantasti\u010dnih figurica<\/strong>.<\/p>\n<p>Ovaj paket idealan je za brzo pokretanje kolekcije jer uklju\u010duje <strong>5 likova<\/strong>, a me\u0111u njima je i <strong>zajam\u010deni srebrni kapetan<\/strong>! Tako\u0111er \u0107ete prona\u0107i jednu <strong>figuricu iznena\u0111enja<\/strong> kako bi uzbu\u0111enje bilo potpuno.<\/p>\n<p>Prona\u0111ite i nove, redizajnirane SuperVo\u0111e i zlikovce te se suo\u010dite u borbi za Kaboom City. Postoji <strong>6 razli\u010ditih verzija<\/strong> ovog paketa za sakupljanje \u2013 ho\u0107ete li ba\u0161 vi prona\u0107i novu, <strong>ultra rijetku Enigmu<\/strong>?<\/p>\n<p><strong>Uklju\u010duje:<\/strong> 5 SuperThings figurica (uklju\u010duju\u0107i 1 figuricu iznena\u0111enja i 1 srebrnog kapetana).<\/p>\n","protected":false},"excerpt":{"rendered":"<p>Set uklju\u010duje 5 SuperThings figurica<br \/>\nZajam\u010deno sadr\u017ei 1 srebrnog kapetana<br \/>\nDio nove serije &#8220;Kazoom Power&#8221; s preko 80 likova<\/p>\n","protected":false},"featured_media":36640,"template":"","meta":{"_seopress_robots_primary_cat":"","_seopress_titles_title":"","_seopress_titles_desc":"","_seopress_robots_index":"","iawp_total_views":0},"product_brand":[383],"product_cat":[221,263],"product_tag":[],"class_list":{"0":"post-36639","1":"product","2":"type-product","3":"status-publish","4":"has-post-thumbnail","6":"product_brand-superthings","7":"product_cat-igracke","8":"product_cat-tematske-igracke-221","10":"first","11":"outofstock","12":"shipping-taxable","13":"purchasable","14":"product-type-simple"},"_links":{"self":[{"href":"https:\/\/singuli.wpress.me\/index.php\/wp-json\/wp\/v2\/product\/36639","targetHints":{"allow":["GET"]}}],"collection":[{"href":"https:\/\/singuli.wpress.me\/index.php\/wp-json\/wp\/v2\/product"}],"about":[{"href":"https:\/\/singuli.wpress.me\/index.php\/wp-json\/wp\/v2\/types\/product"}],"version-history":[{"count":0,"href":"https:\/\/singuli.wpress.me\/index.php\/wp-json\/wp\/v2\/product\/36639\/revisions"}],"wp:featuredmedia":[{"embeddable":true,"href":"https:\/\/singuli.wpress.me\/index.php\/wp-json\/wp\/v2\/media\/36640"}],"wp:attachment":[{"href":"https:\/\/singuli.wpress.me\/index.php\/wp-json\/wp\/v2\/media?parent=36639"}],"wp:term":[{"taxonomy":"product_brand","embeddable":true,"href":"https:\/\/singuli.wpress.me\/index.php\/wp-json\/wp\/v2\/product_brand?post=36639"},{"taxonomy":"product_cat","embeddable":true,"href":"https:\/\/singuli.wpress.me\/index.php\/wp-json\/wp\/v2\/product_cat?post=36639"},{"taxonomy":"product_tag","embeddable":true,"href":"https:\/\/singuli.wpress.me\/index.php\/wp-json\/wp\/v2\/product_tag?post=36639"}],"curies":[{"name":"wp","href":"https:\/\/api.w.org\/{rel}","templated":true}]}}