{"id":36645,"date":"2026-04-18T01:59:32","date_gmt":"2026-04-18T01:59:32","guid":{"rendered":"https:\/\/singuli.wpress.me\/index.php\/proizvod\/superthings-kpb-tajna-baza-set\/"},"modified":"2026-04-20T12:33:18","modified_gmt":"2026-04-20T12:33:18","slug":"superthings-kpb-tajna-baza-set","status":"publish","type":"product","link":"https:\/\/singuli.wpress.me\/index.php\/proizvod\/superthings-kpb-tajna-baza-set\/","title":{"rendered":"SUPERTHINGS KPB tajna baza, set"},"content":{"rendered":"<p>Mo\u0107 Kazooma ponovno je o\u017eivjela temelje na\u0161ih najomiljenijih SuperThings junaka i zlikovaca! Zajedno s novom animiranom serijom <strong>\u201eKazoom Power\u201c<\/strong>, otkrijte potpuno nova i skrivena skrovi\u0161ta klju\u010dnih likova u Kaboom Cityju.<\/p>\n<p>Istra\u017eite tajne baze <strong>Gospodina Kinga<\/strong>, lukavog <strong>Profesora K<\/strong> te zagonetne <strong>Enigme<\/strong>. Svako skrovi\u0161te predstavlja savr\u0161eno mjesto za smi\u0161ljanje novih planova i bitku. Sakupite ih sva i ponovno stvorite pustolovine iz Kazoom Power serije!<\/p>\n","protected":false},"excerpt":{"rendered":"<p>Dio nove kolekcije &#8220;Kazoom Power&#8221; (temeljeno na animiranoj seriji)<br \/>\nPredstavlja nova skrovi\u0161ta klju\u010dnih likova: Gospodina Kinga, Profesora K i Enigme<br \/>\nIdealno za igru i rekonstrukciju borbi u Kaboom Cityju<\/p>\n","protected":false},"featured_media":36646,"template":"","meta":{"_seopress_robots_primary_cat":"","_seopress_titles_title":"","_seopress_titles_desc":"","_seopress_robots_index":"","iawp_total_views":0},"product_brand":[383],"product_cat":[221,263],"product_tag":[],"class_list":{"0":"post-36645","1":"product","2":"type-product","3":"status-publish","4":"has-post-thumbnail","6":"product_brand-superthings","7":"product_cat-igracke","8":"product_cat-tematske-igracke-221","10":"first","11":"outofstock","12":"shipping-taxable","13":"purchasable","14":"product-type-simple"},"_links":{"self":[{"href":"https:\/\/singuli.wpress.me\/index.php\/wp-json\/wp\/v2\/product\/36645","targetHints":{"allow":["GET"]}}],"collection":[{"href":"https:\/\/singuli.wpress.me\/index.php\/wp-json\/wp\/v2\/product"}],"about":[{"href":"https:\/\/singuli.wpress.me\/index.php\/wp-json\/wp\/v2\/types\/product"}],"version-history":[{"count":0,"href":"https:\/\/singuli.wpress.me\/index.php\/wp-json\/wp\/v2\/product\/36645\/revisions"}],"wp:featuredmedia":[{"embeddable":true,"href":"https:\/\/singuli.wpress.me\/index.php\/wp-json\/wp\/v2\/media\/36646"}],"wp:attachment":[{"href":"https:\/\/singuli.wpress.me\/index.php\/wp-json\/wp\/v2\/media?parent=36645"}],"wp:term":[{"taxonomy":"product_brand","embeddable":true,"href":"https:\/\/singuli.wpress.me\/index.php\/wp-json\/wp\/v2\/product_brand?post=36645"},{"taxonomy":"product_cat","embeddable":true,"href":"https:\/\/singuli.wpress.me\/index.php\/wp-json\/wp\/v2\/product_cat?post=36645"},{"taxonomy":"product_tag","embeddable":true,"href":"https:\/\/singuli.wpress.me\/index.php\/wp-json\/wp\/v2\/product_tag?post=36645"}],"curies":[{"name":"wp","href":"https:\/\/api.w.org\/{rel}","templated":true}]}}