{"id":36651,"date":"2026-04-18T01:59:35","date_gmt":"2026-04-18T01:59:35","guid":{"rendered":"https:\/\/singuli.wpress.me\/index.php\/proizvod\/superthings-kpb-king-truck-set\/"},"modified":"2026-04-21T00:26:49","modified_gmt":"2026-04-21T00:26:49","slug":"superthings-kpb-king-truck-set","status":"publish","type":"product","link":"https:\/\/singuli.wpress.me\/index.php\/proizvod\/superthings-kpb-king-truck-set\/","title":{"rendered":"SUPERTHINGS KPB King Truck, set"},"content":{"rendered":"<p>Kazoom City bit \u0107e va\u0161 zahvaljuju\u0107i mo\u0107nom kamionu <strong>Mr. Kinga<\/strong> iz animirane serije <strong>\u201eKazoom Power\u201c<\/strong>! Ovo vozilo je ultimativna prijetnja, spremno za bitku i osvajanje dragocjene Kazoom energije. Pritisnite prednji dio kamiona da biste se transformirali u <strong>\u201enapadni na\u010din rada\u201c<\/strong> i sravnili sve prepreke na putu!<\/p>\n<p>Kamion je opremljen razornim oru\u017ejem: sru\u0161ite protivnike <strong>puca\u010dem<\/strong>, a za jo\u0161 ve\u0107i kaos lansirajte <strong>Robotoxics katapultom<\/strong>. Koriste\u0107i <strong>mehani\u010dku ruku<\/strong>, Mr. King mo\u017ee zarobiti svakog heroja i zatvoriti ga u <strong>ugra\u0111eni zatvor<\/strong>.<\/p>\n<p>Sa svog prijestolja na vrhu kamiona, <strong>Mr. King<\/strong> kontrolira svu akciju, a u kabini ima mjesta za <strong>12 SuperThings zlikovaca<\/strong> spremnih u\u010diniti sve za svog gospodara. Ho\u0107e li Mr. King pobijediti? <strong>Vi odlu\u010dite!<\/strong><\/p>\n<p><strong>Uklju\u010duje:<\/strong> 1 Kamion Mr. Kinga, 1 ekskluzivni Mr. King, 1 Robotoxics, 1 puca\u010d, 3 projektila.<\/p>\n","protected":false},"excerpt":{"rendered":"<p>Kamion Mr. Kinga s transformacijom<br \/>\nInteraktivne funkcije: mehani\u010dka ruka, puca\u010d i Robotoxics katapult<br \/>\nUklju\u010duje ugra\u0111eni zatvor i prostor za 12 SuperThings zlikovaca<\/p>\n","protected":false},"featured_media":36652,"template":"","meta":{"_seopress_robots_primary_cat":"","_seopress_titles_title":"","_seopress_titles_desc":"","_seopress_robots_index":"","iawp_total_views":0},"product_brand":[383],"product_cat":[221,263],"product_tag":[],"class_list":{"0":"post-36651","1":"product","2":"type-product","3":"status-publish","4":"has-post-thumbnail","6":"product_brand-superthings","7":"product_cat-igracke","8":"product_cat-tematske-igracke-221","10":"first","11":"outofstock","12":"shipping-taxable","13":"purchasable","14":"product-type-simple"},"_links":{"self":[{"href":"https:\/\/singuli.wpress.me\/index.php\/wp-json\/wp\/v2\/product\/36651","targetHints":{"allow":["GET"]}}],"collection":[{"href":"https:\/\/singuli.wpress.me\/index.php\/wp-json\/wp\/v2\/product"}],"about":[{"href":"https:\/\/singuli.wpress.me\/index.php\/wp-json\/wp\/v2\/types\/product"}],"version-history":[{"count":0,"href":"https:\/\/singuli.wpress.me\/index.php\/wp-json\/wp\/v2\/product\/36651\/revisions"}],"wp:featuredmedia":[{"embeddable":true,"href":"https:\/\/singuli.wpress.me\/index.php\/wp-json\/wp\/v2\/media\/36652"}],"wp:attachment":[{"href":"https:\/\/singuli.wpress.me\/index.php\/wp-json\/wp\/v2\/media?parent=36651"}],"wp:term":[{"taxonomy":"product_brand","embeddable":true,"href":"https:\/\/singuli.wpress.me\/index.php\/wp-json\/wp\/v2\/product_brand?post=36651"},{"taxonomy":"product_cat","embeddable":true,"href":"https:\/\/singuli.wpress.me\/index.php\/wp-json\/wp\/v2\/product_cat?post=36651"},{"taxonomy":"product_tag","embeddable":true,"href":"https:\/\/singuli.wpress.me\/index.php\/wp-json\/wp\/v2\/product_tag?post=36651"}],"curies":[{"name":"wp","href":"https:\/\/api.w.org\/{rel}","templated":true}]}}