{"id":36657,"date":"2026-04-18T01:59:39","date_gmt":"2026-04-18T01:59:39","guid":{"rendered":"https:\/\/singuli.wpress.me\/index.php\/proizvod\/superthings-kpb-borbena-vozila-set\/"},"modified":"2026-04-20T12:33:18","modified_gmt":"2026-04-20T12:33:18","slug":"superthings-kpb-borbena-vozila-set","status":"publish","type":"product","link":"https:\/\/singuli.wpress.me\/index.php\/proizvod\/superthings-kpb-borbena-vozila-set\/","title":{"rendered":"SUPERTHINGS KPB borbena vozila, set"},"content":{"rendered":"<p>Va\u0161i omiljeni junaci \u2013 <strong>Kid Kazoom, Kid Fury i Multy<\/strong> iz animirane serije <strong>&#8220;Kazoom Power&#8221;<\/strong> \u2013 dolaze u Kaboom City sa svojim fantasti\u010dnim vozilima kako bi spasili grad! Spremni su boriti se protiv svakog neprijatelja koriste\u0107i svoje jedinstvene napade.<\/p>\n<p>Koristite <strong>Multyjeve sna\u017ene udarce<\/strong>, aktivirajte <strong>Kid Furyjevu pilu za sje\u010denje<\/strong> i upotrijebite <strong>Multyjevu te\u0161ku bu\u0161ilicu<\/strong> kako biste svladali svakog zlikovca. Opremljeni ovim posebnim mo\u0107ima, <strong>ni\u0161ta vas ne mo\u017ee zaustaviti<\/strong> u misiji spa\u0161avanja!<\/p>\n<p>Svaki set uklju\u010duje jedno vozilo i figuricu \u2013 sakupite ih sve za vrhunsku herojsku ekipu!<\/p>\n","protected":false},"excerpt":{"rendered":"<p>Uklju\u010duje vozila i junake iz animirane serije &#8220;Kazoom Power&#8221;<br \/>\nSvako vozilo ima posebne napade (udarci, pila za sje\u010denje, bu\u0161ilica)<br \/>\nIdealno za igranje uloga i rekonstrukciju herojskih misija u Kaboom Cityju<\/p>\n","protected":false},"featured_media":36658,"template":"","meta":{"_seopress_robots_primary_cat":"","_seopress_titles_title":"","_seopress_titles_desc":"","_seopress_robots_index":"","iawp_total_views":0},"product_brand":[383],"product_cat":[221,263],"product_tag":[],"class_list":{"0":"post-36657","1":"product","2":"type-product","3":"status-publish","4":"has-post-thumbnail","6":"product_brand-superthings","7":"product_cat-igracke","8":"product_cat-tematske-igracke-221","10":"first","11":"outofstock","12":"shipping-taxable","13":"purchasable","14":"product-type-simple"},"_links":{"self":[{"href":"https:\/\/singuli.wpress.me\/index.php\/wp-json\/wp\/v2\/product\/36657","targetHints":{"allow":["GET"]}}],"collection":[{"href":"https:\/\/singuli.wpress.me\/index.php\/wp-json\/wp\/v2\/product"}],"about":[{"href":"https:\/\/singuli.wpress.me\/index.php\/wp-json\/wp\/v2\/types\/product"}],"version-history":[{"count":0,"href":"https:\/\/singuli.wpress.me\/index.php\/wp-json\/wp\/v2\/product\/36657\/revisions"}],"wp:featuredmedia":[{"embeddable":true,"href":"https:\/\/singuli.wpress.me\/index.php\/wp-json\/wp\/v2\/media\/36658"}],"wp:attachment":[{"href":"https:\/\/singuli.wpress.me\/index.php\/wp-json\/wp\/v2\/media?parent=36657"}],"wp:term":[{"taxonomy":"product_brand","embeddable":true,"href":"https:\/\/singuli.wpress.me\/index.php\/wp-json\/wp\/v2\/product_brand?post=36657"},{"taxonomy":"product_cat","embeddable":true,"href":"https:\/\/singuli.wpress.me\/index.php\/wp-json\/wp\/v2\/product_cat?post=36657"},{"taxonomy":"product_tag","embeddable":true,"href":"https:\/\/singuli.wpress.me\/index.php\/wp-json\/wp\/v2\/product_tag?post=36657"}],"curies":[{"name":"wp","href":"https:\/\/api.w.org\/{rel}","templated":true}]}}