{"id":36663,"date":"2026-04-18T01:59:43","date_gmt":"2026-04-18T01:59:43","guid":{"rendered":"https:\/\/singuli.wpress.me\/index.php\/proizvod\/revlon-easy-heat-pegla-za-kosu\/"},"modified":"2026-04-20T12:33:18","modified_gmt":"2026-04-20T12:33:18","slug":"revlon-easy-heat-pegla-za-kosu","status":"publish","type":"product","link":"https:\/\/singuli.wpress.me\/index.php\/proizvod\/revlon-easy-heat-pegla-za-kosu\/","title":{"rendered":"REVLON Easy Heat, pegla za kosu"},"content":{"rendered":"<p>Dosegnite frizerski salon kod ku\u0107e s na\u0161om peglom za kosu, dizajniranom za sigurno stiliziranje, posebno za obojenu kosu. Uz jasne i jednostavne postavke, osigurava vam savr\u0161enu kontrolu nad temperaturom za postizanje \u017eeljenog izgleda bez o\u0161te\u0107enja.<\/p>\n<p>Opremljena plo\u010dama du\u017eine 100 mm s kerami\u010dkim i turmalinskim premazom, pegla ravnomjerno raspore\u0111uje toplinu, osiguravaju\u0107i ve\u0107i sjaj i za\u0161titu od o\u0161te\u0107enja. Njezini zaobljeni rubovi omogu\u0107uju vam kreiranje prekrasnih kovr\u010da i mekih valova, uz ravnu frizuru.<\/p>\n<p>S 4 postavke TruGuard\u2122 sustava i unaprijed postavljenim Colour guard temperaturama, mo\u017eete biti sigurni da je va\u0161a kosa za\u0161ti\u0107ena. Okretni kabel od 1.8 m sprje\u010dava zapetljavanje i pru\u017ea potpunu slobodu pokreta tijekom stiliziranja.<\/p>\n","protected":false},"excerpt":{"rendered":"<p>Zaobljeni rubovi omogu\u0107uju ravnanje, stvaranje kovr\u010da i mekih valova, dok duljina plo\u010da od 100 mm osigurava brzo i u\u010dinkovito stiliziranje<br \/>\n4 postavke TruGuard\u2122 temperature i Colour guard funkcija \u010duvaju boju i sprje\u010davaju o\u0161te\u0107enja kose od topline<br \/>\nKerami\u010dke plo\u010de s turmalinskim premazom osiguravaju ravnomjernu raspodjelu topline, smanjuju kovr\u010danje i dodaju kosi izniman sjaj<\/p>\n","protected":false},"featured_media":36664,"template":"","meta":{"_seopress_robots_primary_cat":"","_seopress_titles_title":"","_seopress_titles_desc":"","_seopress_robots_index":"","iawp_total_views":0},"product_brand":[155],"product_cat":[192,319],"product_tag":[],"class_list":{"0":"post-36663","1":"product","2":"type-product","3":"status-publish","4":"has-post-thumbnail","6":"product_brand-revlon","7":"product_cat-aparati-za-osobnu-njegu","8":"product_cat-susila-za-kosu-pegla-i-uvijaci-192","10":"first","11":"instock","12":"shipping-taxable","13":"purchasable","14":"product-type-simple"},"_links":{"self":[{"href":"https:\/\/singuli.wpress.me\/index.php\/wp-json\/wp\/v2\/product\/36663","targetHints":{"allow":["GET"]}}],"collection":[{"href":"https:\/\/singuli.wpress.me\/index.php\/wp-json\/wp\/v2\/product"}],"about":[{"href":"https:\/\/singuli.wpress.me\/index.php\/wp-json\/wp\/v2\/types\/product"}],"version-history":[{"count":0,"href":"https:\/\/singuli.wpress.me\/index.php\/wp-json\/wp\/v2\/product\/36663\/revisions"}],"wp:featuredmedia":[{"embeddable":true,"href":"https:\/\/singuli.wpress.me\/index.php\/wp-json\/wp\/v2\/media\/36664"}],"wp:attachment":[{"href":"https:\/\/singuli.wpress.me\/index.php\/wp-json\/wp\/v2\/media?parent=36663"}],"wp:term":[{"taxonomy":"product_brand","embeddable":true,"href":"https:\/\/singuli.wpress.me\/index.php\/wp-json\/wp\/v2\/product_brand?post=36663"},{"taxonomy":"product_cat","embeddable":true,"href":"https:\/\/singuli.wpress.me\/index.php\/wp-json\/wp\/v2\/product_cat?post=36663"},{"taxonomy":"product_tag","embeddable":true,"href":"https:\/\/singuli.wpress.me\/index.php\/wp-json\/wp\/v2\/product_tag?post=36663"}],"curies":[{"name":"wp","href":"https:\/\/api.w.org\/{rel}","templated":true}]}}