{"id":36667,"date":"2026-04-18T01:59:45","date_gmt":"2026-04-18T01:59:45","guid":{"rendered":"https:\/\/singuli.wpress.me\/index.php\/proizvod\/superthings-kpb-toranj-enigma-set\/"},"modified":"2026-04-21T00:26:49","modified_gmt":"2026-04-21T00:26:49","slug":"superthings-kpb-toranj-enigma-set","status":"publish","type":"product","link":"https:\/\/singuli.wpress.me\/index.php\/proizvod\/superthings-kpb-toranj-enigma-set\/","title":{"rendered":"SUPERTHINGS KPB toranj Enigma, set"},"content":{"rendered":"<p>Jedna od velikih misterija SuperThingsa kona\u010dno je otkrivena u animiranoj seriji **&#8217;Kazoom Power&#8217;**&#8230; Pred vama je <strong>Enigmino skrovi\u0161te<\/strong>! Preuzmite ulogu junaka i za\u0161titite dragocjeni **Kazoom** od zlih kand\u017ei zlikovaca, koriste\u0107i lukavost i napredne obrambene sustave.<\/p>\n<p>Otvorite toranj i aktivirajte **alarmni sustav** koji ima uzbudljive <strong>svjetlosne i zvu\u010dne efekte<\/strong>! Ispalite **projektile** na svakoga tko se pribli\u017ei ili upotrijebite **zamku** ako neprijatelji uspiju u\u0107i unutra. Rije\u0161ite zagonetku kako biste do\u0161li do <strong>zrakoplova<\/strong> i pobjegli s Kazoomom.<\/p>\n<p>Sudbina Kaboom Cityja je u va\u0161im rukama! Set sadr\u017ei i ekskluzivnu <strong>Enigma figuru<\/strong> kako biste odmah zapo\u010deli s igrom.<\/p>\n<p><strong>Uklju\u010duje:<\/strong> 1 Enigma toranj, 1 ekskluzivnu Enigmu, 1 zrakoplov, 1 zatvor, 1 katapult, 1 puca\u010d, 3 projektila.<\/p>\n","protected":false},"excerpt":{"rendered":"<p>Enigmino tajno skrovi\u0161te iz serije &#8216;Kazoom Power&#8217;<br \/>\nSadr\u017ei svjetlosne i zvu\u010dne efekte (alarmni sustav)<br \/>\nObrambene funkcije: puca\u010d, katapult, zamka i zatvor<\/p>\n","protected":false},"featured_media":36668,"template":"","meta":{"_seopress_robots_primary_cat":"","_seopress_titles_title":"","_seopress_titles_desc":"","_seopress_robots_index":"","iawp_total_views":0},"product_brand":[383],"product_cat":[221,263],"product_tag":[],"class_list":{"0":"post-36667","1":"product","2":"type-product","3":"status-publish","4":"has-post-thumbnail","6":"product_brand-superthings","7":"product_cat-igracke","8":"product_cat-tematske-igracke-221","10":"first","11":"outofstock","12":"shipping-taxable","13":"purchasable","14":"product-type-simple"},"_links":{"self":[{"href":"https:\/\/singuli.wpress.me\/index.php\/wp-json\/wp\/v2\/product\/36667","targetHints":{"allow":["GET"]}}],"collection":[{"href":"https:\/\/singuli.wpress.me\/index.php\/wp-json\/wp\/v2\/product"}],"about":[{"href":"https:\/\/singuli.wpress.me\/index.php\/wp-json\/wp\/v2\/types\/product"}],"version-history":[{"count":0,"href":"https:\/\/singuli.wpress.me\/index.php\/wp-json\/wp\/v2\/product\/36667\/revisions"}],"wp:featuredmedia":[{"embeddable":true,"href":"https:\/\/singuli.wpress.me\/index.php\/wp-json\/wp\/v2\/media\/36668"}],"wp:attachment":[{"href":"https:\/\/singuli.wpress.me\/index.php\/wp-json\/wp\/v2\/media?parent=36667"}],"wp:term":[{"taxonomy":"product_brand","embeddable":true,"href":"https:\/\/singuli.wpress.me\/index.php\/wp-json\/wp\/v2\/product_brand?post=36667"},{"taxonomy":"product_cat","embeddable":true,"href":"https:\/\/singuli.wpress.me\/index.php\/wp-json\/wp\/v2\/product_cat?post=36667"},{"taxonomy":"product_tag","embeddable":true,"href":"https:\/\/singuli.wpress.me\/index.php\/wp-json\/wp\/v2\/product_tag?post=36667"}],"curies":[{"name":"wp","href":"https:\/\/api.w.org\/{rel}","templated":true}]}}