{"id":36677,"date":"2026-04-18T01:59:49","date_gmt":"2026-04-18T01:59:49","guid":{"rendered":"https:\/\/singuli.wpress.me\/index.php\/proizvod\/lavazza-blue-trastevere-kapsule-100x9-g\/"},"modified":"2026-04-21T00:26:49","modified_gmt":"2026-04-21T00:26:49","slug":"lavazza-blue-trastevere-kapsule-100x9-g","status":"publish","type":"product","link":"https:\/\/singuli.wpress.me\/index.php\/proizvod\/lavazza-blue-trastevere-kapsule-100x9-g\/","title":{"rendered":"LAVAZZA Blue Trastevere, kapsule, 100&#215;9, \u00a0g"},"content":{"rendered":"<p>Trastevere je mje\u0161avina kave koja nosi bezvremenski \u0161arm Rima. Sastoji se od 50% Arabice iz planina Srednje Amerike i 50% fermentirane Robuste iz Azije i Ju\u017ene Amerike, \u0161to stvara jedinstven i sofisticiran okus.<\/p>\n<p>Ova savr\u0161eno uravnote\u017eena mje\u0161avina osvaja bogatim notama \u010dokolade i lje\u0161njaka, donose\u0107i duh rimskih kavana izravno u va\u0161u \u0161alicu. Idealna je za ljubitelje klasi\u010dnog, ali profinjenog okusa.<\/p>\n","protected":false},"excerpt":{"rendered":"<p>Kombinacija 50% Arabice i 50% Robuste stvara savr\u0161eno uravnote\u017een i ugodan okus<br \/>\nOtkrijte bogate arome \u010dokolade i lje\u0161njaka, koje oplemenjuju svaku \u0161alicu<br \/>\nMje\u0161avina je sastavljena od pa\u017eljivo birane prirodne Arabice iz Srednje Amerike te fermentirane i prane Robuste iz Azije i Ju\u017ene Amerike<\/p>\n","protected":false},"featured_media":36678,"template":"","meta":{"_seopress_robots_primary_cat":"","_seopress_titles_title":"","_seopress_titles_desc":"","_seopress_robots_index":"","iawp_total_views":0},"product_brand":[393],"product_cat":[261,275,211,289],"product_tag":[],"class_list":{"0":"post-36677","1":"product","2":"type-product","3":"status-publish","4":"has-post-thumbnail","6":"product_brand-lavazza","7":"product_cat-hrana-i-pice","8":"product_cat-kava-i-cajevi-261","9":"product_cat-njega-majke-i-djeteta","10":"product_cat-trudnoca-i-vitamini-211","12":"first","13":"instock","14":"shipping-taxable","15":"purchasable","16":"product-type-simple"},"_links":{"self":[{"href":"https:\/\/singuli.wpress.me\/index.php\/wp-json\/wp\/v2\/product\/36677","targetHints":{"allow":["GET"]}}],"collection":[{"href":"https:\/\/singuli.wpress.me\/index.php\/wp-json\/wp\/v2\/product"}],"about":[{"href":"https:\/\/singuli.wpress.me\/index.php\/wp-json\/wp\/v2\/types\/product"}],"version-history":[{"count":0,"href":"https:\/\/singuli.wpress.me\/index.php\/wp-json\/wp\/v2\/product\/36677\/revisions"}],"wp:featuredmedia":[{"embeddable":true,"href":"https:\/\/singuli.wpress.me\/index.php\/wp-json\/wp\/v2\/media\/36678"}],"wp:attachment":[{"href":"https:\/\/singuli.wpress.me\/index.php\/wp-json\/wp\/v2\/media?parent=36677"}],"wp:term":[{"taxonomy":"product_brand","embeddable":true,"href":"https:\/\/singuli.wpress.me\/index.php\/wp-json\/wp\/v2\/product_brand?post=36677"},{"taxonomy":"product_cat","embeddable":true,"href":"https:\/\/singuli.wpress.me\/index.php\/wp-json\/wp\/v2\/product_cat?post=36677"},{"taxonomy":"product_tag","embeddable":true,"href":"https:\/\/singuli.wpress.me\/index.php\/wp-json\/wp\/v2\/product_tag?post=36677"}],"curies":[{"name":"wp","href":"https:\/\/api.w.org\/{rel}","templated":true}]}}