{"id":36680,"date":"2026-04-18T01:59:50","date_gmt":"2026-04-18T01:59:50","guid":{"rendered":"https:\/\/singuli.wpress.me\/index.php\/proizvod\/gabbys-dollhouse-plisana-igracka\/"},"modified":"2026-04-20T12:33:18","modified_gmt":"2026-04-20T12:33:18","slug":"gabbys-dollhouse-plisana-igracka","status":"publish","type":"product","link":"https:\/\/singuli.wpress.me\/index.php\/proizvod\/gabbys-dollhouse-plisana-igracka\/","title":{"rendered":"GABBY&#8217;S DOLLHOUSE, pli\u0161ana igra\u010dka"},"content":{"rendered":"<p>U\u017eivajte u magiji popularnog serijala uz Gabbynu ku\u0107u lutaka u mekanoj, pli\u0161anoj verziji! Ovaj neodoljivi set savr\u0161en je za sve ljubitelje Gabby i njezinih avantura. Pli\u0161ana ku\u0107ica dolazi u pratnji tri mini prijatelja, \u0161to omogu\u0107uje djeci da o\u017eive svoje omiljene scene ili osmisle potpuno nove pri\u010de. Zahvaljuju\u0107i mekanim materijalima, ovaj set je idealan suputnik za igru, ali i za ma\u017eenje prije spavanja.<\/p>\n","protected":false},"excerpt":{"rendered":"<p>Pli\u0161ana verzija Gabbyne ku\u0107e lutaka koja uklju\u010duje i tri mini pli\u0161ana prijatelja<br \/>\nIzra\u0111eno od nje\u017enih materijala, idealno za igru i grljenje<\/p>\n","protected":false},"featured_media":36681,"template":"","meta":{"_seopress_robots_primary_cat":"","_seopress_titles_title":"","_seopress_titles_desc":"","_seopress_robots_index":"","iawp_total_views":0},"product_brand":[787],"product_cat":[221,291],"product_tag":[],"class_list":{"0":"post-36680","1":"product","2":"type-product","3":"status-publish","4":"has-post-thumbnail","6":"product_brand-gabbys-dollhouse","7":"product_cat-igracke","8":"product_cat-igracke-za-djecu-221","10":"first","11":"instock","12":"shipping-taxable","13":"purchasable","14":"product-type-simple"},"_links":{"self":[{"href":"https:\/\/singuli.wpress.me\/index.php\/wp-json\/wp\/v2\/product\/36680","targetHints":{"allow":["GET"]}}],"collection":[{"href":"https:\/\/singuli.wpress.me\/index.php\/wp-json\/wp\/v2\/product"}],"about":[{"href":"https:\/\/singuli.wpress.me\/index.php\/wp-json\/wp\/v2\/types\/product"}],"version-history":[{"count":0,"href":"https:\/\/singuli.wpress.me\/index.php\/wp-json\/wp\/v2\/product\/36680\/revisions"}],"wp:featuredmedia":[{"embeddable":true,"href":"https:\/\/singuli.wpress.me\/index.php\/wp-json\/wp\/v2\/media\/36681"}],"wp:attachment":[{"href":"https:\/\/singuli.wpress.me\/index.php\/wp-json\/wp\/v2\/media?parent=36680"}],"wp:term":[{"taxonomy":"product_brand","embeddable":true,"href":"https:\/\/singuli.wpress.me\/index.php\/wp-json\/wp\/v2\/product_brand?post=36680"},{"taxonomy":"product_cat","embeddable":true,"href":"https:\/\/singuli.wpress.me\/index.php\/wp-json\/wp\/v2\/product_cat?post=36680"},{"taxonomy":"product_tag","embeddable":true,"href":"https:\/\/singuli.wpress.me\/index.php\/wp-json\/wp\/v2\/product_tag?post=36680"}],"curies":[{"name":"wp","href":"https:\/\/api.w.org\/{rel}","templated":true}]}}