{"id":36690,"date":"2026-04-18T02:00:05","date_gmt":"2026-04-18T02:00:05","guid":{"rendered":"https:\/\/singuli.wpress.me\/index.php\/proizvod\/braun-serija-6-64b-zamjenska-mrezica-i-noz\/"},"modified":"2026-04-20T12:33:18","modified_gmt":"2026-04-20T12:33:18","slug":"braun-serija-6-64b-zamjenska-mrezica-i-noz","status":"publish","type":"product","link":"https:\/\/singuli.wpress.me\/index.php\/proizvod\/braun-serija-6-64b-zamjenska-mrezica-i-noz\/","title":{"rendered":"BRAUN SERIJA 6 64B, zamjenska mre\u017eica i no\u017e"},"content":{"rendered":"<p>\n    Braun Series 6 64B ORIGINALNA zamjenska glava (srebrna)<\/p>\n<p>\n    Vratite svom brija\u0107em aparatu 100% performanse brijanja! Braun preporu\u010duje zamjenu mre\u017eice i bloka no\u017ea svakih 18 mjeseci, budu\u0107i da se glava nakon brijanja oko 6.000.000 dla\u010dica prirodno istro\u0161i.<\/p>\n<p>\n    Ova ORIGINALNA zamjenska glava proizvedena je u Njema\u010dkoj i pru\u017ea ugodno i u\u010dinkovito brijanje. Opremljena je s 3 fleksibilne o\u0161trice i ima 2D prilagodbu konturama koje omogu\u0107uju ugodno pra\u0107enje kontura va\u0161eg lica. Za izuzetnu nje\u017enost, uklju\u010duje \u0161titnik Sensitive SkinGuard koji smanjuje pritisak na ko\u017eu, idealno za osjetljivu ko\u017eu.<\/p>\n<p>\n    Glava je kompatibilna s generacijama 60, 61 i 62 brija\u0107ih aparata Series 6 te se lako mijenja jednim klikom. Koristite isklju\u010divo originalne Braunove zamjenske glave kako biste osigurali da ne\u0107e do\u0107i do o\u0161te\u0107enja va\u0161eg aparata.<\/p>\n<p>\n    Sadr\u017eaj kutije: 1x ORIGINALNA zamjenska brija\u0107a glava za Series 6.<\/p>\n","protected":false},"excerpt":{"rendered":"<p>Vra\u0107a 100% performanse brijanja<br \/>\nUgodno brijanje uz 3 fleksibilne o\u0161trice i 2D prilagodbu konturama<br \/>\ntnik Sensitive SkinGuard za nje\u017eno brijanje osjetljive ko\u017ee<\/p>\n","protected":false},"featured_media":0,"template":"","meta":{"_seopress_robots_primary_cat":"","_seopress_titles_title":"","_seopress_titles_desc":"","_seopress_robots_index":"","iawp_total_views":0},"product_brand":[144],"product_cat":[280,192,279],"product_tag":[],"class_list":{"0":"post-36690","1":"product","2":"type-product","3":"status-publish","5":"product_brand-braun","6":"product_cat-aparati-za-muskarce-279","7":"product_cat-aparati-za-osobnu-njegu","8":"product_cat-brijanje-i-sisanje-192","10":"first","11":"outofstock","12":"shipping-taxable","13":"purchasable","14":"product-type-simple"},"_links":{"self":[{"href":"https:\/\/singuli.wpress.me\/index.php\/wp-json\/wp\/v2\/product\/36690","targetHints":{"allow":["GET"]}}],"collection":[{"href":"https:\/\/singuli.wpress.me\/index.php\/wp-json\/wp\/v2\/product"}],"about":[{"href":"https:\/\/singuli.wpress.me\/index.php\/wp-json\/wp\/v2\/types\/product"}],"version-history":[{"count":0,"href":"https:\/\/singuli.wpress.me\/index.php\/wp-json\/wp\/v2\/product\/36690\/revisions"}],"wp:attachment":[{"href":"https:\/\/singuli.wpress.me\/index.php\/wp-json\/wp\/v2\/media?parent=36690"}],"wp:term":[{"taxonomy":"product_brand","embeddable":true,"href":"https:\/\/singuli.wpress.me\/index.php\/wp-json\/wp\/v2\/product_brand?post=36690"},{"taxonomy":"product_cat","embeddable":true,"href":"https:\/\/singuli.wpress.me\/index.php\/wp-json\/wp\/v2\/product_cat?post=36690"},{"taxonomy":"product_tag","embeddable":true,"href":"https:\/\/singuli.wpress.me\/index.php\/wp-json\/wp\/v2\/product_tag?post=36690"}],"curies":[{"name":"wp","href":"https:\/\/api.w.org\/{rel}","templated":true}]}}