{"id":36691,"date":"2026-04-18T02:00:05","date_gmt":"2026-04-18T02:00:05","guid":{"rendered":"https:\/\/singuli.wpress.me\/index.php\/proizvod\/rimula-r6-me-e4-5w30-motorno-ulje-za-gospodarska-vozila-20-l\/"},"modified":"2026-04-20T12:33:18","modified_gmt":"2026-04-20T12:33:18","slug":"rimula-r6-me-e4-5w30-motorno-ulje-za-gospodarska-vozila-20-l","status":"publish","type":"product","link":"https:\/\/singuli.wpress.me\/index.php\/proizvod\/rimula-r6-me-e4-5w30-motorno-ulje-za-gospodarska-vozila-20-l\/","title":{"rendered":"RIMULA R6 ME E4 5W30, motorno ulje za gospodarska vozila, 20\u00a0l"},"content":{"rendered":"<p><strong>Shell Rimula R6 ME<\/strong> je vrhunsko <strong>sinteti\u010dko motorno ulje<\/strong> formulirano posebno za dizelske motore <strong>gospodarskih vozila<\/strong>. Koristi naprednu tehnologiju aktivne za\u0161tite i vi\u0161efunkcionalne aditive za beskompromisnu prilagodbu promjenjivim uvjetima rada motora.<\/p>\n<p>Odabrana sinteti\u010dna bazna ulja niskog viskoziteta dodatno poja\u010davaju snagu za\u0161tite, pru\u017eaju\u0107i zna\u010dajno pobolj\u0161anu <strong>u\u010dinkovitost u potro\u0161nji goriva<\/strong>.<\/p>\n<p><strong>Shell Rimula R6 ME<\/strong> pru\u017ea izvrsnu za\u0161titu od tro\u0161enja uzrokovanog \u010da\u0111om i sprje\u010dava nastajanje taloga na klipovima i vitalnim dijelovima motora. Na taj na\u010din **produljuje intervale izmjene ulja**, donose\u0107i vam zna\u010dajne u\u0161tede u tro\u0161kovima odr\u017eavanja.<\/p>\n","protected":false},"excerpt":{"rendered":"<p>Sinteti\u010dka osnova za dizelske motore gospodarskih vozila<br \/>\nPobolj\u0161ana u\u010dinkovitost u potro\u0161nji goriva<br \/>\nIzvrsna za\u0161tita od tro\u0161enja i nastajanja taloga, produljuje intervale izmjene ulja<\/p>\n","protected":false},"featured_media":36692,"template":"","meta":{"_seopress_robots_primary_cat":"","_seopress_titles_title":"","_seopress_titles_desc":"","_seopress_robots_index":"","iawp_total_views":0},"product_brand":[469],"product_cat":[243,272],"product_tag":[],"class_list":{"0":"post-36691","1":"product","2":"type-product","3":"status-publish","4":"has-post-thumbnail","6":"product_brand-rimula","7":"product_cat-automobili-i-motori","8":"product_cat-motorna-ulja-243","10":"first","11":"instock","12":"shipping-taxable","13":"purchasable","14":"product-type-simple"},"_links":{"self":[{"href":"https:\/\/singuli.wpress.me\/index.php\/wp-json\/wp\/v2\/product\/36691","targetHints":{"allow":["GET"]}}],"collection":[{"href":"https:\/\/singuli.wpress.me\/index.php\/wp-json\/wp\/v2\/product"}],"about":[{"href":"https:\/\/singuli.wpress.me\/index.php\/wp-json\/wp\/v2\/types\/product"}],"version-history":[{"count":0,"href":"https:\/\/singuli.wpress.me\/index.php\/wp-json\/wp\/v2\/product\/36691\/revisions"}],"wp:featuredmedia":[{"embeddable":true,"href":"https:\/\/singuli.wpress.me\/index.php\/wp-json\/wp\/v2\/media\/36692"}],"wp:attachment":[{"href":"https:\/\/singuli.wpress.me\/index.php\/wp-json\/wp\/v2\/media?parent=36691"}],"wp:term":[{"taxonomy":"product_brand","embeddable":true,"href":"https:\/\/singuli.wpress.me\/index.php\/wp-json\/wp\/v2\/product_brand?post=36691"},{"taxonomy":"product_cat","embeddable":true,"href":"https:\/\/singuli.wpress.me\/index.php\/wp-json\/wp\/v2\/product_cat?post=36691"},{"taxonomy":"product_tag","embeddable":true,"href":"https:\/\/singuli.wpress.me\/index.php\/wp-json\/wp\/v2\/product_tag?post=36691"}],"curies":[{"name":"wp","href":"https:\/\/api.w.org\/{rel}","templated":true}]}}