{"id":36693,"date":"2026-04-18T02:00:07","date_gmt":"2026-04-18T02:00:07","guid":{"rendered":"https:\/\/singuli.wpress.me\/index.php\/proizvod\/tellus-zinc-free-s3-mx-46-hidraulicko-ulje-20-l\/"},"modified":"2026-04-20T12:33:18","modified_gmt":"2026-04-20T12:33:18","slug":"tellus-zinc-free-s3-mx-46-hidraulicko-ulje-20-l","status":"publish","type":"product","link":"https:\/\/singuli.wpress.me\/index.php\/proizvod\/tellus-zinc-free-s3-mx-46-hidraulicko-ulje-20-l\/","title":{"rendered":"TELLUS ZINC FREE S3 MX 46, hidrauli\u010dko ulje, 20\u00a0l"},"content":{"rendered":"<p><strong>Shell Tellus Zinc Free S3 MX<\/strong> je premium hidrauli\u010dno ulje namijenjeno za industrijsku primjenu. Ovo mazivo koristi inovativnu **tehnologiju bez cinka** kako bi osiguralo iznimnu za\u0161titu i stabilne performanse u va\u0161im hidrauli\u010dkim sustavima.<\/p>\n<p>Idealno je za uporabu u **ve\u0107ini proizvodnih sustava** te na mnogim **pokretnim hidrauli\u010dkim ure\u0111ajima**. Njegova formulacija osigurava **pouzdano funkcioniranje hidrauli\u010dkih ure\u0111aja** i izvrsnu za\u0161titu od tro\u0161enja, bez potrebe za aditivima na bazi cinka.<\/p>\n<p>Odaberite Shell Tellus Zinc Free S3 MX za premium za\u0161titu u industrijskim i mobilnim aplikacijama.<\/p>\n","protected":false},"excerpt":{"rendered":"<p>Premium hidrauli\u010dno ulje bez aditiva na bazi cinka<br \/>\nIzvrsna za\u0161tita i stabilne performanse u hidrauli\u010dkim sustavima<br \/>\nPogodno za industrijske i mobilne\/pokretne hidrauli\u010dke ure\u0111aje<\/p>\n","protected":false},"featured_media":36694,"template":"","meta":{"_seopress_robots_primary_cat":"","_seopress_titles_title":"","_seopress_titles_desc":"","_seopress_robots_index":"","iawp_total_views":0},"product_brand":[414],"product_cat":[243,276],"product_tag":[],"class_list":{"0":"post-36693","1":"product","2":"type-product","3":"status-publish","4":"has-post-thumbnail","6":"product_brand-tellus","7":"product_cat-automobili-i-motori","8":"product_cat-industrijska-i-specijalna-ulja-243","10":"first","11":"instock","12":"shipping-taxable","13":"purchasable","14":"product-type-simple"},"_links":{"self":[{"href":"https:\/\/singuli.wpress.me\/index.php\/wp-json\/wp\/v2\/product\/36693","targetHints":{"allow":["GET"]}}],"collection":[{"href":"https:\/\/singuli.wpress.me\/index.php\/wp-json\/wp\/v2\/product"}],"about":[{"href":"https:\/\/singuli.wpress.me\/index.php\/wp-json\/wp\/v2\/types\/product"}],"version-history":[{"count":0,"href":"https:\/\/singuli.wpress.me\/index.php\/wp-json\/wp\/v2\/product\/36693\/revisions"}],"wp:featuredmedia":[{"embeddable":true,"href":"https:\/\/singuli.wpress.me\/index.php\/wp-json\/wp\/v2\/media\/36694"}],"wp:attachment":[{"href":"https:\/\/singuli.wpress.me\/index.php\/wp-json\/wp\/v2\/media?parent=36693"}],"wp:term":[{"taxonomy":"product_brand","embeddable":true,"href":"https:\/\/singuli.wpress.me\/index.php\/wp-json\/wp\/v2\/product_brand?post=36693"},{"taxonomy":"product_cat","embeddable":true,"href":"https:\/\/singuli.wpress.me\/index.php\/wp-json\/wp\/v2\/product_cat?post=36693"},{"taxonomy":"product_tag","embeddable":true,"href":"https:\/\/singuli.wpress.me\/index.php\/wp-json\/wp\/v2\/product_tag?post=36693"}],"curies":[{"name":"wp","href":"https:\/\/api.w.org\/{rel}","templated":true}]}}