{"id":36697,"date":"2026-04-18T02:00:09","date_gmt":"2026-04-18T02:00:09","guid":{"rendered":"https:\/\/singuli.wpress.me\/index.php\/proizvod\/jurassic-world-akcijski-dinosauri-figure\/"},"modified":"2026-04-21T00:26:49","modified_gmt":"2026-04-21T00:26:49","slug":"jurassic-world-akcijski-dinosauri-figure","status":"publish","type":"product","link":"https:\/\/singuli.wpress.me\/index.php\/proizvod\/jurassic-world-akcijski-dinosauri-figure\/","title":{"rendered":"JURASSIC WORLD akcijski dinosauri, figure"},"content":{"rendered":"<p>U\u0111ite u svijet prapovijesnih avantura s Jurassic World akcijskim figurama! Svaki dinosaur iz ove serije duga\u010dak je oko 17 cm i visok oko 7 cm, \u0161to ih \u010dini idealnim za male ruke i velike bitke. Figure su realisti\u010dno oblikovane, detaljno ukra\u0161ene i opremljene pokretnim zglobovima te jedinstvenom funkcijom napada specifi\u010dnom za svaku vrstu. Za potpuno interaktivno iskustvo, skenirajte skriveni DNK kod putem besplatne aplikacije Jurassic World Play. Digitalno otklju\u010dajte svog dinosaura, istra\u017eujte x-zrake, sudjelujte u misijama spa\u0161avanja i lovite dinosaure u razli\u010ditim virtualnim okru\u017eenjima!<\/p>\n","protected":false},"excerpt":{"rendered":"<p>Skenirajte skriveni DNK kod za pristup aplikaciji Jurassic World Play i zabavnim edukativnim igrama<br \/>\nFigure imaju autenti\u010dne detalje, pokretne zglobove i jedinstvenu funkciju napada<br \/>\ndu\u017einom od 17 cm i visinom od 7 cm, ovi su dinosauri savr\u0161en poklon za djecu od 4+ godine i kolekcionare<\/p>\n","protected":false},"featured_media":36698,"template":"","meta":{"_seopress_robots_primary_cat":"","_seopress_titles_title":"","_seopress_titles_desc":"","_seopress_robots_index":"","iawp_total_views":0},"product_brand":[786],"product_cat":[221,263],"product_tag":[],"class_list":{"0":"post-36697","1":"product","2":"type-product","3":"status-publish","4":"has-post-thumbnail","6":"product_brand-jurassic-world","7":"product_cat-igracke","8":"product_cat-tematske-igracke-221","10":"first","11":"instock","12":"shipping-taxable","13":"purchasable","14":"product-type-simple"},"_links":{"self":[{"href":"https:\/\/singuli.wpress.me\/index.php\/wp-json\/wp\/v2\/product\/36697","targetHints":{"allow":["GET"]}}],"collection":[{"href":"https:\/\/singuli.wpress.me\/index.php\/wp-json\/wp\/v2\/product"}],"about":[{"href":"https:\/\/singuli.wpress.me\/index.php\/wp-json\/wp\/v2\/types\/product"}],"version-history":[{"count":0,"href":"https:\/\/singuli.wpress.me\/index.php\/wp-json\/wp\/v2\/product\/36697\/revisions"}],"wp:featuredmedia":[{"embeddable":true,"href":"https:\/\/singuli.wpress.me\/index.php\/wp-json\/wp\/v2\/media\/36698"}],"wp:attachment":[{"href":"https:\/\/singuli.wpress.me\/index.php\/wp-json\/wp\/v2\/media?parent=36697"}],"wp:term":[{"taxonomy":"product_brand","embeddable":true,"href":"https:\/\/singuli.wpress.me\/index.php\/wp-json\/wp\/v2\/product_brand?post=36697"},{"taxonomy":"product_cat","embeddable":true,"href":"https:\/\/singuli.wpress.me\/index.php\/wp-json\/wp\/v2\/product_cat?post=36697"},{"taxonomy":"product_tag","embeddable":true,"href":"https:\/\/singuli.wpress.me\/index.php\/wp-json\/wp\/v2\/product_tag?post=36697"}],"curies":[{"name":"wp","href":"https:\/\/api.w.org\/{rel}","templated":true}]}}