{"id":36703,"date":"2026-04-18T02:00:31","date_gmt":"2026-04-18T02:00:31","guid":{"rendered":"https:\/\/singuli.wpress.me\/index.php\/proizvod\/jurassic-world-napad-t-rexa-figure\/"},"modified":"2026-04-20T12:33:18","modified_gmt":"2026-04-20T12:33:18","slug":"jurassic-world-napad-t-rexa-figure","status":"publish","type":"product","link":"https:\/\/singuli.wpress.me\/index.php\/proizvod\/jurassic-world-napad-t-rexa-figure\/","title":{"rendered":"JURASSIC WORLD napad T-Rexa, figure"},"content":{"rendered":"<p>Oslobodite snagu najpoznatijeg predatora uz Power Devour Tyrannosaurus rex figuru, inspiriranu filmom Jurassic World Rebirth! Ovaj T. rex donosi zastra\u0161uju\u0107u funkciju ponavljaju\u0107eg ugriza koja \u0107e odu\u0161eviti svakog ljubitelja akcije. Kratkim pritiskom na jezik aktivira se pobjedni\u010dki urlik, dok dulji pritisak pokre\u0107e neprekidnu akciju ugriza uz spektakularne svjetlosne i zvu\u010dne efekte. Zahvaljuju\u0107i pokretnom repu, mo\u017eete upravljati glavom dinosaura u svim smjerovima dok mu \u010deljust ostaje \u0161irom otvorena za napad. Za digitalnu avanturu, skenirajte kod na nozi u besplatnoj Jurassic World Play aplikaciji i otklju\u010dajte uzbudljive utrke vozilima po kopnu, zraku i moru!<\/p>\n","protected":false},"excerpt":{"rendered":"<p>Funkcija neprekidnog ugriza sa svjetlosnim i zvu\u010dnim efektima aktivira se pritiskom na jezik<br \/>\nPomicanjem repa upravljate glavom gore-dolje i lijevo-desno uz \u0161irom otvorenu \u010deljust<br \/>\nSkenirajte kod za pra\u0107enje i otklju\u010dajte digitalnu verziju dinosaura te posebne igre utrkivanja u aplikaciji<\/p>\n","protected":false},"featured_media":36704,"template":"","meta":{"_seopress_robots_primary_cat":"","_seopress_titles_title":"","_seopress_titles_desc":"","_seopress_robots_index":"","iawp_total_views":0},"product_brand":[786],"product_cat":[221,263],"product_tag":[],"class_list":{"0":"post-36703","1":"product","2":"type-product","3":"status-publish","4":"has-post-thumbnail","6":"product_brand-jurassic-world","7":"product_cat-igracke","8":"product_cat-tematske-igracke-221","10":"first","11":"instock","12":"shipping-taxable","13":"purchasable","14":"product-type-simple"},"_links":{"self":[{"href":"https:\/\/singuli.wpress.me\/index.php\/wp-json\/wp\/v2\/product\/36703","targetHints":{"allow":["GET"]}}],"collection":[{"href":"https:\/\/singuli.wpress.me\/index.php\/wp-json\/wp\/v2\/product"}],"about":[{"href":"https:\/\/singuli.wpress.me\/index.php\/wp-json\/wp\/v2\/types\/product"}],"version-history":[{"count":0,"href":"https:\/\/singuli.wpress.me\/index.php\/wp-json\/wp\/v2\/product\/36703\/revisions"}],"wp:featuredmedia":[{"embeddable":true,"href":"https:\/\/singuli.wpress.me\/index.php\/wp-json\/wp\/v2\/media\/36704"}],"wp:attachment":[{"href":"https:\/\/singuli.wpress.me\/index.php\/wp-json\/wp\/v2\/media?parent=36703"}],"wp:term":[{"taxonomy":"product_brand","embeddable":true,"href":"https:\/\/singuli.wpress.me\/index.php\/wp-json\/wp\/v2\/product_brand?post=36703"},{"taxonomy":"product_cat","embeddable":true,"href":"https:\/\/singuli.wpress.me\/index.php\/wp-json\/wp\/v2\/product_cat?post=36703"},{"taxonomy":"product_tag","embeddable":true,"href":"https:\/\/singuli.wpress.me\/index.php\/wp-json\/wp\/v2\/product_tag?post=36703"}],"curies":[{"name":"wp","href":"https:\/\/api.w.org\/{rel}","templated":true}]}}