{"id":36709,"date":"2026-04-18T02:00:49","date_gmt":"2026-04-18T02:00:49","guid":{"rendered":"https:\/\/singuli.wpress.me\/index.php\/proizvod\/jurassic-world-spinosaurus-figura\/"},"modified":"2026-04-20T12:33:18","modified_gmt":"2026-04-20T12:33:18","slug":"jurassic-world-spinosaurus-figura","status":"publish","type":"product","link":"https:\/\/singuli.wpress.me\/index.php\/proizvod\/jurassic-world-spinosaurus-figura\/","title":{"rendered":"JURASSIC WORLD Spinosaurus, figura"},"content":{"rendered":"<p>O\u017eivite uzbu\u0111enje iz filma Jurassic World Rebirth uz impresivnu akcijsku figuru Tail Thrasher Spinosaurus! Prepoznatljiv po svom legendarnom le\u0111nom grebenu i autenti\u010dnom dizajnu, ovaj grabe\u017eljivac spreman je za naj\u017ee\u0161\u0107e bitke. Njegova glavna snaga le\u017ei u dvostrukom napadu koji se aktivira gumbom: istovremeno pomi\u010de glavu s ugrizom i sna\u017eno zamahuje repom s jedne na drugu stranu. \u0160to br\u017ee priti\u0161\u0107ete gumb, to napadi postaju sna\u017eniji i bjesniji! Uz pokretne zglobove i filmski precizne detalje, ovaj Spinosaurus je idealan za kreiranje borbenih poza ili digitalnu zabavu putem Jurassic World Play aplikacije, gdje skeniranjem koda na stopalu otklju\u010davate utrke vozilima u razli\u010ditim okru\u017eenjima<\/p>\n","protected":false},"excerpt":{"rendered":"<p>Istovremena akcija ugriza glavom i zamaha repom \u010diji intenzitet ovisi o brzini pritiska<br \/>\nFilmski precizan dizajn s pokretnim zglobovima omogu\u0107uje postavljanje figure u razli\u010dite borbene polo\u017eaje<br \/>\nSkriveni kod na stopalu omogu\u0107uje otklju\u010davanje digitalne verzije dinosaura i igranje utrka u slu\u017ebenoj aplikaciji<\/p>\n","protected":false},"featured_media":36710,"template":"","meta":{"_seopress_robots_primary_cat":"","_seopress_titles_title":"","_seopress_titles_desc":"","_seopress_robots_index":"","iawp_total_views":0},"product_brand":[786],"product_cat":[221,263],"product_tag":[],"class_list":{"0":"post-36709","1":"product","2":"type-product","3":"status-publish","4":"has-post-thumbnail","6":"product_brand-jurassic-world","7":"product_cat-igracke","8":"product_cat-tematske-igracke-221","10":"first","11":"instock","12":"shipping-taxable","13":"purchasable","14":"product-type-simple"},"_links":{"self":[{"href":"https:\/\/singuli.wpress.me\/index.php\/wp-json\/wp\/v2\/product\/36709","targetHints":{"allow":["GET"]}}],"collection":[{"href":"https:\/\/singuli.wpress.me\/index.php\/wp-json\/wp\/v2\/product"}],"about":[{"href":"https:\/\/singuli.wpress.me\/index.php\/wp-json\/wp\/v2\/types\/product"}],"version-history":[{"count":0,"href":"https:\/\/singuli.wpress.me\/index.php\/wp-json\/wp\/v2\/product\/36709\/revisions"}],"wp:featuredmedia":[{"embeddable":true,"href":"https:\/\/singuli.wpress.me\/index.php\/wp-json\/wp\/v2\/media\/36710"}],"wp:attachment":[{"href":"https:\/\/singuli.wpress.me\/index.php\/wp-json\/wp\/v2\/media?parent=36709"}],"wp:term":[{"taxonomy":"product_brand","embeddable":true,"href":"https:\/\/singuli.wpress.me\/index.php\/wp-json\/wp\/v2\/product_brand?post=36709"},{"taxonomy":"product_cat","embeddable":true,"href":"https:\/\/singuli.wpress.me\/index.php\/wp-json\/wp\/v2\/product_cat?post=36709"},{"taxonomy":"product_tag","embeddable":true,"href":"https:\/\/singuli.wpress.me\/index.php\/wp-json\/wp\/v2\/product_tag?post=36709"}],"curies":[{"name":"wp","href":"https:\/\/api.w.org\/{rel}","templated":true}]}}