{"id":36716,"date":"2026-04-18T02:01:07","date_gmt":"2026-04-18T02:01:07","guid":{"rendered":"https:\/\/singuli.wpress.me\/index.php\/proizvod\/jurassic-world-mossosaurus-figura\/"},"modified":"2026-04-20T12:33:18","modified_gmt":"2026-04-20T12:33:18","slug":"jurassic-world-mossosaurus-figura","status":"publish","type":"product","link":"https:\/\/singuli.wpress.me\/index.php\/proizvod\/jurassic-world-mossosaurus-figura\/","title":{"rendered":"JURASSIC WORLD Mossosaurus, figura"},"content":{"rendered":"<p>Zaronite u uzbu\u0111enje filma Jurassic World Rebirth s impresivnom akcijskom figurom Bite \u2018N Blast Mosasaurus! Ovaj vodeni div, dug nevjerojatnih 65 cm, donosi dramati\u010dne scene izravno u va\u0161 dom. Pomo\u0107u gumba na repu, djeca mogu upravljati \u010deljusti koja se \u0161irom otvara kako bi &quot;progutala&quot; prilo\u017eenu figuru Dilophosaurusa. No, akcija tu ne staje \u2013 ponovnim pritiskom na gumb, plijen se &quot;izbacuje&quot; van za beskrajnu igru! Uz filmski precizan dizajn i pokretne zglobove, ovaj Mosasaurus je savr\u0161en za igru u pokretu ili kao sredi\u0161nji dio svake kolekcije.<\/p>\n","protected":false},"excerpt":{"rendered":"<p>\u010celjust se \u0161irom otvara za &#8220;gutanje&#8221; Dilophosaurusa, koji se potom mo\u017ee ponovno izbaciti van<br \/>\nFigura je duga 65 cm, realisti\u010dno je oblikovana i ima pokretne zglobove za autenti\u010dan prikaz<br \/>\nSkenirajte kod za pra\u0107enje ispod peraje u aplikaciji Jurassic World Play za otklju\u010davanje digitalnog dinosaura i igara utrkivanja.<\/p>\n","protected":false},"featured_media":36717,"template":"","meta":{"_seopress_robots_primary_cat":"","_seopress_titles_title":"","_seopress_titles_desc":"","_seopress_robots_index":"","iawp_total_views":0},"product_brand":[786],"product_cat":[221,263],"product_tag":[],"class_list":{"0":"post-36716","1":"product","2":"type-product","3":"status-publish","4":"has-post-thumbnail","6":"product_brand-jurassic-world","7":"product_cat-igracke","8":"product_cat-tematske-igracke-221","10":"first","11":"instock","12":"shipping-taxable","13":"purchasable","14":"product-type-simple"},"_links":{"self":[{"href":"https:\/\/singuli.wpress.me\/index.php\/wp-json\/wp\/v2\/product\/36716","targetHints":{"allow":["GET"]}}],"collection":[{"href":"https:\/\/singuli.wpress.me\/index.php\/wp-json\/wp\/v2\/product"}],"about":[{"href":"https:\/\/singuli.wpress.me\/index.php\/wp-json\/wp\/v2\/types\/product"}],"version-history":[{"count":0,"href":"https:\/\/singuli.wpress.me\/index.php\/wp-json\/wp\/v2\/product\/36716\/revisions"}],"wp:featuredmedia":[{"embeddable":true,"href":"https:\/\/singuli.wpress.me\/index.php\/wp-json\/wp\/v2\/media\/36717"}],"wp:attachment":[{"href":"https:\/\/singuli.wpress.me\/index.php\/wp-json\/wp\/v2\/media?parent=36716"}],"wp:term":[{"taxonomy":"product_brand","embeddable":true,"href":"https:\/\/singuli.wpress.me\/index.php\/wp-json\/wp\/v2\/product_brand?post=36716"},{"taxonomy":"product_cat","embeddable":true,"href":"https:\/\/singuli.wpress.me\/index.php\/wp-json\/wp\/v2\/product_cat?post=36716"},{"taxonomy":"product_tag","embeddable":true,"href":"https:\/\/singuli.wpress.me\/index.php\/wp-json\/wp\/v2\/product_tag?post=36716"}],"curies":[{"name":"wp","href":"https:\/\/api.w.org\/{rel}","templated":true}]}}