{"id":36733,"date":"2026-04-18T02:01:25","date_gmt":"2026-04-18T02:01:25","guid":{"rendered":"https:\/\/singuli.wpress.me\/index.php\/proizvod\/gabbys-dollhouse-gabby-25-cm-plisana-igracka\/"},"modified":"2026-04-20T12:33:18","modified_gmt":"2026-04-20T12:33:18","slug":"gabbys-dollhouse-gabby-25-cm-plisana-igracka","status":"publish","type":"product","link":"https:\/\/singuli.wpress.me\/index.php\/proizvod\/gabbys-dollhouse-gabby-25-cm-plisana-igracka\/","title":{"rendered":"GABBY&#8217;S DOLLHOUSE Gabby 25 cm, pli\u0161ana igra\u010dka"},"content":{"rendered":"<p>Upoznajte svoju omiljenu junakinju u najmek\u0161em izdanju! Gabby je vesela, pametna i uvijek pozitivna djevoj\u010dica koja dolazi iz svijeta prepunog slatkih maca, \u010darolija i osebujnih vje\u0161tina. Ova pli\u0161ana lutka izra\u0111ena je od mekanog i neodoljivog materijala, \u0161to je \u010dini savr\u0161enim izborom za ma\u017eenje i igru. Visoka je 25 cm, a zbog svoje sigurne izrade, namijenjena je djeci od samog ro\u0111enja (0+), donose\u0107i vedrinu i pozitivnu energiju u svaku dje\u010dju sobu.<\/p>\n","protected":false},"excerpt":{"rendered":"<p>Siguran i mekan pli\u0161 namijenjen svim uzrastima<br \/>\nVeli\u010dina od 25 cm \u010dini je savr\u0161enom za no\u0161enje i grljenje<br \/>\nVjerna interpretacija vesele i pozitivne Gabby iz svijeta maca<\/p>\n","protected":false},"featured_media":36734,"template":"","meta":{"_seopress_robots_primary_cat":"","_seopress_titles_title":"","_seopress_titles_desc":"","_seopress_robots_index":"","iawp_total_views":0},"product_brand":[787],"product_cat":[221,291],"product_tag":[],"class_list":{"0":"post-36733","1":"product","2":"type-product","3":"status-publish","4":"has-post-thumbnail","6":"product_brand-gabbys-dollhouse","7":"product_cat-igracke","8":"product_cat-igracke-za-djecu-221","10":"first","11":"instock","12":"shipping-taxable","13":"purchasable","14":"product-type-simple"},"_links":{"self":[{"href":"https:\/\/singuli.wpress.me\/index.php\/wp-json\/wp\/v2\/product\/36733","targetHints":{"allow":["GET"]}}],"collection":[{"href":"https:\/\/singuli.wpress.me\/index.php\/wp-json\/wp\/v2\/product"}],"about":[{"href":"https:\/\/singuli.wpress.me\/index.php\/wp-json\/wp\/v2\/types\/product"}],"version-history":[{"count":0,"href":"https:\/\/singuli.wpress.me\/index.php\/wp-json\/wp\/v2\/product\/36733\/revisions"}],"wp:featuredmedia":[{"embeddable":true,"href":"https:\/\/singuli.wpress.me\/index.php\/wp-json\/wp\/v2\/media\/36734"}],"wp:attachment":[{"href":"https:\/\/singuli.wpress.me\/index.php\/wp-json\/wp\/v2\/media?parent=36733"}],"wp:term":[{"taxonomy":"product_brand","embeddable":true,"href":"https:\/\/singuli.wpress.me\/index.php\/wp-json\/wp\/v2\/product_brand?post=36733"},{"taxonomy":"product_cat","embeddable":true,"href":"https:\/\/singuli.wpress.me\/index.php\/wp-json\/wp\/v2\/product_cat?post=36733"},{"taxonomy":"product_tag","embeddable":true,"href":"https:\/\/singuli.wpress.me\/index.php\/wp-json\/wp\/v2\/product_tag?post=36733"}],"curies":[{"name":"wp","href":"https:\/\/api.w.org\/{rel}","templated":true}]}}