{"id":36739,"date":"2026-04-18T02:01:27","date_gmt":"2026-04-18T02:01:27","guid":{"rendered":"https:\/\/singuli.wpress.me\/index.php\/proizvod\/ariel-fresh-breeze-of-greek-island-tekuci-deterdzent-za-pranje-rublja-40-pranja-1-8-l\/"},"modified":"2026-04-20T12:33:18","modified_gmt":"2026-04-20T12:33:18","slug":"ariel-fresh-breeze-of-greek-island-tekuci-deterdzent-za-pranje-rublja-40-pranja-1-8-l","status":"publish","type":"product","link":"https:\/\/singuli.wpress.me\/index.php\/proizvod\/ariel-fresh-breeze-of-greek-island-tekuci-deterdzent-za-pranje-rublja-40-pranja-1-8-l\/","title":{"rendered":"ARIEL Fresh Breeze of Greek Island, teku\u0107i deterd\u017eent za pranje rublja, 40 pranja, 1.8\u00a0l"},"content":{"rendered":"<p>Otkrijte teku\u0107i deterd\u017eent za pranje rublja Ariel Limited Edition: Fresh Breeze of Greek Island oboga\u0107en osvje\u017eavaju\u0107im mirisom jasmina i morske soli. Pru\u017ea besprijekorno \u010di\u0161\u0107enje i dugotrajnu svje\u017einu. Koristite cijelu kolekciju za maksimalan u\u017eitak i svje\u017einu: kombinirajte s omek\u0161iva\u010dem i mirisnim perlicama za rublje Lenor Fresh Breeze of Greek Island. Tvrdokorne mrlje prije pranja tretirajte teku\u0107im deterd\u017eentom Fresh Breeze of Greek Island i njegovim zelenim \u010depom, a zatim operite rublje u perilici. Za najbolje rezultate \u010dep s deterd\u017eentom stavite izravno u bubanj perilice rublja. Iz ekolo\u0161kih razloga na neke boce ne stavljamo \u010dep s mjericom. Takav je \u010dep besplatno dostupan na internetskoj stranici ariel.info. Za dodatnu svje\u017einu kombinirajte s Lenorovim omek\u0161iva\u010dem i mirisnim perlicama<\/p>\n","protected":false},"excerpt":{"rendered":"<p>Lako uklanjanje mrlja: Zeleni \u010dep slu\u017ei za direktno tretiranje tvrdokornih mrlja prije pranja<br \/>\nOgrani\u010deno izdanje: Ekskluzivan miris jasmina i morske soli za jedinstveno iskustvo pranja<br \/>\n\u010cep s deterd\u017eentom mo\u017ee se staviti izravno u bubanj perilice za postizanje najboljih rezultata<\/p>\n","protected":false},"featured_media":36740,"template":"","meta":{"_seopress_robots_primary_cat":"","_seopress_titles_title":"","_seopress_titles_desc":"","_seopress_robots_index":"","iawp_total_views":0},"product_brand":[427],"product_cat":[283,238],"product_tag":[],"class_list":{"0":"post-36739","1":"product","2":"type-product","3":"status-publish","4":"has-post-thumbnail","6":"product_brand-ariel","7":"product_cat-pranje-rublja-238","8":"product_cat-sve-za-dom","10":"first","11":"instock","12":"shipping-taxable","13":"purchasable","14":"product-type-simple"},"_links":{"self":[{"href":"https:\/\/singuli.wpress.me\/index.php\/wp-json\/wp\/v2\/product\/36739","targetHints":{"allow":["GET"]}}],"collection":[{"href":"https:\/\/singuli.wpress.me\/index.php\/wp-json\/wp\/v2\/product"}],"about":[{"href":"https:\/\/singuli.wpress.me\/index.php\/wp-json\/wp\/v2\/types\/product"}],"version-history":[{"count":0,"href":"https:\/\/singuli.wpress.me\/index.php\/wp-json\/wp\/v2\/product\/36739\/revisions"}],"wp:featuredmedia":[{"embeddable":true,"href":"https:\/\/singuli.wpress.me\/index.php\/wp-json\/wp\/v2\/media\/36740"}],"wp:attachment":[{"href":"https:\/\/singuli.wpress.me\/index.php\/wp-json\/wp\/v2\/media?parent=36739"}],"wp:term":[{"taxonomy":"product_brand","embeddable":true,"href":"https:\/\/singuli.wpress.me\/index.php\/wp-json\/wp\/v2\/product_brand?post=36739"},{"taxonomy":"product_cat","embeddable":true,"href":"https:\/\/singuli.wpress.me\/index.php\/wp-json\/wp\/v2\/product_cat?post=36739"},{"taxonomy":"product_tag","embeddable":true,"href":"https:\/\/singuli.wpress.me\/index.php\/wp-json\/wp\/v2\/product_tag?post=36739"}],"curies":[{"name":"wp","href":"https:\/\/api.w.org\/{rel}","templated":true}]}}