{"id":36741,"date":"2026-04-18T02:01:30","date_gmt":"2026-04-18T02:01:30","guid":{"rendered":"https:\/\/singuli.wpress.me\/index.php\/proizvod\/lenor-fresh-breeze-of-greek-island-omeksivac-56-pranja-1-76-l\/"},"modified":"2026-04-20T12:33:18","modified_gmt":"2026-04-20T12:33:18","slug":"lenor-fresh-breeze-of-greek-island-omeksivac-56-pranja-1-76-l","status":"publish","type":"product","link":"https:\/\/singuli.wpress.me\/index.php\/proizvod\/lenor-fresh-breeze-of-greek-island-omeksivac-56-pranja-1-76-l\/","title":{"rendered":"LENOR Fresh Breeze of Greek Island, omek\u0161iva\u010d, 56 pranja, 1.76\u00a0l"},"content":{"rendered":"<p>Otkrijte ograni\u010deno izdanje Lenor omek\u0161iva\u010da rublja: Fresh Breeze of Greek Island. Oboga\u0107en osvje\u017eavaju\u0107im mirisom jasmina i morske soli. Pru\u017ea dugotrajnu svje\u017einu. Koristite cijelu kolekciju za maksimalan u\u017eitak u svje\u017eini: kombinirajte s Arielovim deterd\u017eentom za rublje Fresh Breeze of Greek Island i Lenorovim mirisnim perlicama Fresh Breeze of Greek Island.<\/p>\n","protected":false},"excerpt":{"rendered":"<p>Ograni\u010deno izdanje: Ekskluzivan miris dostupan samo privremeno<br \/>\nOsvje\u017eavaju\u0107i miris: Spoj jasmina i morske soli za osje\u0107aj svje\u017eine<br \/>\nDugotrajna svje\u017eina: Pru\u017ea dugotrajan i ugodan miris va\u0161em rublju<\/p>\n","protected":false},"featured_media":36742,"template":"","meta":{"_seopress_robots_primary_cat":"","_seopress_titles_title":"","_seopress_titles_desc":"","_seopress_robots_index":"","iawp_total_views":0},"product_brand":[446],"product_cat":[283,238],"product_tag":[],"class_list":{"0":"post-36741","1":"product","2":"type-product","3":"status-publish","4":"has-post-thumbnail","6":"product_brand-lenor","7":"product_cat-pranje-rublja-238","8":"product_cat-sve-za-dom","10":"first","11":"instock","12":"shipping-taxable","13":"purchasable","14":"product-type-simple"},"_links":{"self":[{"href":"https:\/\/singuli.wpress.me\/index.php\/wp-json\/wp\/v2\/product\/36741","targetHints":{"allow":["GET"]}}],"collection":[{"href":"https:\/\/singuli.wpress.me\/index.php\/wp-json\/wp\/v2\/product"}],"about":[{"href":"https:\/\/singuli.wpress.me\/index.php\/wp-json\/wp\/v2\/types\/product"}],"version-history":[{"count":0,"href":"https:\/\/singuli.wpress.me\/index.php\/wp-json\/wp\/v2\/product\/36741\/revisions"}],"wp:featuredmedia":[{"embeddable":true,"href":"https:\/\/singuli.wpress.me\/index.php\/wp-json\/wp\/v2\/media\/36742"}],"wp:attachment":[{"href":"https:\/\/singuli.wpress.me\/index.php\/wp-json\/wp\/v2\/media?parent=36741"}],"wp:term":[{"taxonomy":"product_brand","embeddable":true,"href":"https:\/\/singuli.wpress.me\/index.php\/wp-json\/wp\/v2\/product_brand?post=36741"},{"taxonomy":"product_cat","embeddable":true,"href":"https:\/\/singuli.wpress.me\/index.php\/wp-json\/wp\/v2\/product_cat?post=36741"},{"taxonomy":"product_tag","embeddable":true,"href":"https:\/\/singuli.wpress.me\/index.php\/wp-json\/wp\/v2\/product_tag?post=36741"}],"curies":[{"name":"wp","href":"https:\/\/api.w.org\/{rel}","templated":true}]}}