{"id":36745,"date":"2026-04-18T02:01:36","date_gmt":"2026-04-18T02:01:36","guid":{"rendered":"https:\/\/singuli.wpress.me\/index.php\/proizvod\/lenor-fresh-breeze-of-greek-island-mirisne-perlice-195-g\/"},"modified":"2026-04-20T12:33:18","modified_gmt":"2026-04-20T12:33:18","slug":"lenor-fresh-breeze-of-greek-island-mirisne-perlice-195-g","status":"publish","type":"product","link":"https:\/\/singuli.wpress.me\/index.php\/proizvod\/lenor-fresh-breeze-of-greek-island-mirisne-perlice-195-g\/","title":{"rendered":"LENOR Fresh Breeze of Greek Island, mirisne perlice, 195\u00a0g"},"content":{"rendered":"<p>\n    Uronite svoje rublje u neodoljivu i dugotrajnu svje\u017einu uz <strong>Lenor Fresh Breeze mirisne perlice<\/strong>. Ove perlice su <em>Limited Edition<\/em> i inspirirane su svje\u017einom i \u010disto\u0107om gr\u010dkih otoka, s primamljivim notama <strong>jasmina i morske soli<\/strong>.\n<\/p>\n<p>\n    Zahvaljuju\u0107i inovativnoj formuli s visoko koncentriranim mirisnim uljima, perlice prodiru duboko u vlakna tkanine. To osigurava da se val svje\u017eine osloba\u0111a <strong>pri svakom pokretu<\/strong> i da miris traje <em>tjednima<\/em>.\n<\/p>\n<p>\n    Lenor perlice su izuzetno jednostavne za kori\u0161tenje i <strong>pogodne su za sve vrste tkanina<\/strong> i sve temperature pranja, pru\u017eaju\u0107i jedinstveno mirisno iskustvo koje produljuje osje\u0107aj \u010disto\u0107e.<\/p>\n","protected":false},"excerpt":{"rendered":"<p>Miris traje tjednima nakon pranja<br \/>\nMirisne perlice s uljima za duboko prodiranje u vlakna tkanine<br \/>\nSvje\u017ea aroma jasmina i morske soli<\/p>\n","protected":false},"featured_media":36746,"template":"","meta":{"_seopress_robots_primary_cat":"","_seopress_titles_title":"","_seopress_titles_desc":"","_seopress_robots_index":"","iawp_total_views":0},"product_brand":[446],"product_cat":[294,238],"product_tag":[],"class_list":{"0":"post-36745","1":"product","2":"type-product","3":"status-publish","4":"has-post-thumbnail","6":"product_brand-lenor","7":"product_cat-osvjezivaci-zraka-238","8":"product_cat-sve-za-dom","10":"first","11":"outofstock","12":"shipping-taxable","13":"purchasable","14":"product-type-simple"},"_links":{"self":[{"href":"https:\/\/singuli.wpress.me\/index.php\/wp-json\/wp\/v2\/product\/36745","targetHints":{"allow":["GET"]}}],"collection":[{"href":"https:\/\/singuli.wpress.me\/index.php\/wp-json\/wp\/v2\/product"}],"about":[{"href":"https:\/\/singuli.wpress.me\/index.php\/wp-json\/wp\/v2\/types\/product"}],"version-history":[{"count":0,"href":"https:\/\/singuli.wpress.me\/index.php\/wp-json\/wp\/v2\/product\/36745\/revisions"}],"wp:featuredmedia":[{"embeddable":true,"href":"https:\/\/singuli.wpress.me\/index.php\/wp-json\/wp\/v2\/media\/36746"}],"wp:attachment":[{"href":"https:\/\/singuli.wpress.me\/index.php\/wp-json\/wp\/v2\/media?parent=36745"}],"wp:term":[{"taxonomy":"product_brand","embeddable":true,"href":"https:\/\/singuli.wpress.me\/index.php\/wp-json\/wp\/v2\/product_brand?post=36745"},{"taxonomy":"product_cat","embeddable":true,"href":"https:\/\/singuli.wpress.me\/index.php\/wp-json\/wp\/v2\/product_cat?post=36745"},{"taxonomy":"product_tag","embeddable":true,"href":"https:\/\/singuli.wpress.me\/index.php\/wp-json\/wp\/v2\/product_tag?post=36745"}],"curies":[{"name":"wp","href":"https:\/\/api.w.org\/{rel}","templated":true}]}}