{"id":36747,"date":"2026-04-18T02:01:42","date_gmt":"2026-04-18T02:01:42","guid":{"rendered":"https:\/\/singuli.wpress.me\/index.php\/proizvod\/ariel-fresh-breeze-of-greek-island-kapsule-za-pranje-rublja-60-pranja\/"},"modified":"2026-04-20T12:33:18","modified_gmt":"2026-04-20T12:33:18","slug":"ariel-fresh-breeze-of-greek-island-kapsule-za-pranje-rublja-60-pranja","status":"publish","type":"product","link":"https:\/\/singuli.wpress.me\/index.php\/proizvod\/ariel-fresh-breeze-of-greek-island-kapsule-za-pranje-rublja-60-pranja\/","title":{"rendered":"ARIEL Fresh Breeze of Greek Island, kapsule za pranje rublja, 60 pranja"},"content":{"rendered":"<p>Otkrijte deterd\u017eent za pranje rublja Ariel Limited Edition Allin1 PODS\u00ae: Fresh Breeze of Greek Island oboga\u0107en osvje\u017eavaju\u0107im mirisom jasmina i morske soli. Pru\u017ea besprijekorno \u010di\u0161\u0107enje i dugotrajnu svje\u017einu. Koristite cijelu kolekciju za maksimalan u\u017eitak i svje\u017einu: kombinirajte s omek\u0161iva\u010dem i mirisnim perlicama za rublje Lenor Fresh Breeze of Greek Island. UPOZORENJE: proizvod mo\u017ee biti \u0161tetan i mo\u017ee prouzro\u010diti te\u0161ku ozljedu. Kapsule deterd\u017eenta za pranje rublja Ariel Allin1 PODS\u00ae obavezno \u010duvajte izvan dohvata djece. Za vi\u0161e informacija posjetite keepcapsfromkids.eu.<\/p>\n","protected":false},"excerpt":{"rendered":"<p>Besprijekorno \u010di\u0161\u0107enje: Ariel Allin1 PODS\u00ae osiguravaju temeljito pranje rublja<br \/>\nOgrani\u010deno izdanje: Ekskluzivan proizvod s jedinstvenim mirisom jasmina i morske soli<br \/>\nDugotrajna svje\u017eina: Pru\u017ea dugotrajan i ugodan miris va\u0161oj odje\u0107i<\/p>\n","protected":false},"featured_media":36748,"template":"","meta":{"_seopress_robots_primary_cat":"","_seopress_titles_title":"","_seopress_titles_desc":"","_seopress_robots_index":"","iawp_total_views":0},"product_brand":[427],"product_cat":[283,238],"product_tag":[],"class_list":{"0":"post-36747","1":"product","2":"type-product","3":"status-publish","4":"has-post-thumbnail","6":"product_brand-ariel","7":"product_cat-pranje-rublja-238","8":"product_cat-sve-za-dom","10":"first","11":"outofstock","12":"shipping-taxable","13":"purchasable","14":"product-type-simple"},"_links":{"self":[{"href":"https:\/\/singuli.wpress.me\/index.php\/wp-json\/wp\/v2\/product\/36747","targetHints":{"allow":["GET"]}}],"collection":[{"href":"https:\/\/singuli.wpress.me\/index.php\/wp-json\/wp\/v2\/product"}],"about":[{"href":"https:\/\/singuli.wpress.me\/index.php\/wp-json\/wp\/v2\/types\/product"}],"version-history":[{"count":0,"href":"https:\/\/singuli.wpress.me\/index.php\/wp-json\/wp\/v2\/product\/36747\/revisions"}],"wp:featuredmedia":[{"embeddable":true,"href":"https:\/\/singuli.wpress.me\/index.php\/wp-json\/wp\/v2\/media\/36748"}],"wp:attachment":[{"href":"https:\/\/singuli.wpress.me\/index.php\/wp-json\/wp\/v2\/media?parent=36747"}],"wp:term":[{"taxonomy":"product_brand","embeddable":true,"href":"https:\/\/singuli.wpress.me\/index.php\/wp-json\/wp\/v2\/product_brand?post=36747"},{"taxonomy":"product_cat","embeddable":true,"href":"https:\/\/singuli.wpress.me\/index.php\/wp-json\/wp\/v2\/product_cat?post=36747"},{"taxonomy":"product_tag","embeddable":true,"href":"https:\/\/singuli.wpress.me\/index.php\/wp-json\/wp\/v2\/product_tag?post=36747"}],"curies":[{"name":"wp","href":"https:\/\/api.w.org\/{rel}","templated":true}]}}