{"id":36768,"date":"2026-04-18T02:02:13","date_gmt":"2026-04-18T02:02:13","guid":{"rendered":"https:\/\/singuli.wpress.me\/index.php\/proizvod\/hot-wheels-akcijska-turbina-set-za-igru\/"},"modified":"2026-04-20T12:33:19","modified_gmt":"2026-04-20T12:33:19","slug":"hot-wheels-akcijska-turbina-set-za-igru","status":"publish","type":"product","link":"https:\/\/singuli.wpress.me\/index.php\/proizvod\/hot-wheels-akcijska-turbina-set-za-igru\/","title":{"rendered":"HOT WHEELS Akcijska turbina, set za igru"},"content":{"rendered":"<p>Do\u017eivite neprekidnu akciju uz ovaj inovativni Hot Wheels set za igru s turbinom! Pokrenite mo\u0107ni mehanizam turbine koji automatski lansira va\u0161 Hot Wheels auti\u0107 kroz petlju, o\u0161tre zavoje i opasnu zonu sudara, vra\u0107aju\u0107i ga na po\u010detak za beskona\u010dnu jurnjavu. Set uklju\u010duje jedan auti\u0107 u mjerilu 1:64, a za maksimalno uzbu\u0111enje mo\u017eete dodati jo\u0161 automobila i izazvati neizbje\u017ene sudare. Kada igra zavr\u0161i, set se jednostavno sklapa i pomo\u0107u prakti\u010dne ru\u010dke omogu\u0107uje lagan transport i urednu pohranu.<\/p>\n","protected":false},"excerpt":{"rendered":"<p>Inovativni mehanizam turbine neprestano vrti auti\u0107 kroz stazu, petlju i zonu sudara<br \/>\nSet je sklopiv i opremljen ru\u010dkom, \u0161to ga \u010dini idealnim za no\u0161enje i jednostavno spremanje<br \/>\nUklju\u010duje jedan Hot Wheels auti\u0107, a kompatibilan je i s drugim vozilima iste serije za jo\u0161 ve\u0107e sudare<\/p>\n","protected":false},"featured_media":36769,"template":"","meta":{"_seopress_robots_primary_cat":"","_seopress_titles_title":"","_seopress_titles_desc":"","_seopress_robots_index":"","iawp_total_views":0},"product_brand":[429],"product_cat":[221,263],"product_tag":[],"class_list":{"0":"post-36768","1":"product","2":"type-product","3":"status-publish","4":"has-post-thumbnail","6":"product_brand-hot-wheels","7":"product_cat-igracke","8":"product_cat-tematske-igracke-221","10":"first","11":"instock","12":"shipping-taxable","13":"purchasable","14":"product-type-simple"},"_links":{"self":[{"href":"https:\/\/singuli.wpress.me\/index.php\/wp-json\/wp\/v2\/product\/36768","targetHints":{"allow":["GET"]}}],"collection":[{"href":"https:\/\/singuli.wpress.me\/index.php\/wp-json\/wp\/v2\/product"}],"about":[{"href":"https:\/\/singuli.wpress.me\/index.php\/wp-json\/wp\/v2\/types\/product"}],"version-history":[{"count":0,"href":"https:\/\/singuli.wpress.me\/index.php\/wp-json\/wp\/v2\/product\/36768\/revisions"}],"wp:featuredmedia":[{"embeddable":true,"href":"https:\/\/singuli.wpress.me\/index.php\/wp-json\/wp\/v2\/media\/36769"}],"wp:attachment":[{"href":"https:\/\/singuli.wpress.me\/index.php\/wp-json\/wp\/v2\/media?parent=36768"}],"wp:term":[{"taxonomy":"product_brand","embeddable":true,"href":"https:\/\/singuli.wpress.me\/index.php\/wp-json\/wp\/v2\/product_brand?post=36768"},{"taxonomy":"product_cat","embeddable":true,"href":"https:\/\/singuli.wpress.me\/index.php\/wp-json\/wp\/v2\/product_cat?post=36768"},{"taxonomy":"product_tag","embeddable":true,"href":"https:\/\/singuli.wpress.me\/index.php\/wp-json\/wp\/v2\/product_tag?post=36768"}],"curies":[{"name":"wp","href":"https:\/\/api.w.org\/{rel}","templated":true}]}}