{"id":36787,"date":"2026-04-18T02:03:14","date_gmt":"2026-04-18T02:03:14","guid":{"rendered":"https:\/\/singuli.wpress.me\/index.php\/proizvod\/domo-do7329h-keramicki-grijac\/"},"modified":"2026-04-20T12:33:19","modified_gmt":"2026-04-20T12:33:19","slug":"domo-do7329h-keramicki-grijac","status":"publish","type":"product","link":"https:\/\/singuli.wpress.me\/index.php\/proizvod\/domo-do7329h-keramicki-grijac\/","title":{"rendered":"DOMO DO7329H, kerami\u010dki grija\u010d"},"content":{"rendered":"<p>Kompaktna grijalica s ventilatorom: Brzo i kontrolirano grijanje<br \/>\nOva kompaktna grijalica s ventilatorom dizajnirana je za efikasno i brzo zagrijavanje va\u0161eg prostora. Nudi tri na\u010dina rada \u2013 od samog puhanja bez grijanja, preko grijanja I snage 750 W, do sna\u017enog grijanja II snage 1500 W \u2013 omogu\u0107uju\u0107i vam brzu prilagodbu topline potrebama prostorije.<\/p>\n<p>Zahvaljuju\u0107i preciznoj kontroli temperature, mo\u017eete birati u rasponu od 5 do 35 \u00b0C. Ure\u0111aj \u0107e automatski prestati zagrijavati kada dosegne postavljenu temperaturu, \u010dime se osigurava energetska u\u010dinkovitost i udobnost.<\/p>\n<p>Jednostavno rukovanje pomo\u0107u dva rotiraju\u0107a gumba i ugra\u0111ena ru\u010dka \u010dine ovu grijalicu prakti\u010dnom za preno\u0161enje i uporabu. Pouzdanost je zagarantirana uz dvogodi\u0161nje jamstvo na tvorni\u010dke gre\u0161ke, osiguravaju\u0107i vam miran i topao dom.<\/p>\n","protected":false},"excerpt":{"rendered":"<p>Dva stupnja grijanja: Izbor izme\u0111u 750 W (grijanje I) i sna\u017enog 1500 W (grijanje II) za brzu regulaciju topline<br \/>\nPrilagodljiva temperatura: Raspon temperature od 5 do 35 \u00b0C s ugra\u0111enim termostatom<\/p>\n","protected":false},"featured_media":36788,"template":"","meta":{"_seopress_robots_primary_cat":"","_seopress_titles_title":"","_seopress_titles_desc":"","_seopress_robots_index":"","iawp_total_views":0},"product_brand":[255],"product_cat":[184,160],"product_tag":[],"class_list":{"0":"post-36787","1":"product","2":"type-product","3":"status-publish","4":"has-post-thumbnail","6":"product_brand-domo","7":"product_cat-kvaliteta-zraka-i-grijanje","8":"product_cat-mali-kucanski-aparati","10":"first","11":"instock","12":"shipping-taxable","13":"purchasable","14":"product-type-simple"},"_links":{"self":[{"href":"https:\/\/singuli.wpress.me\/index.php\/wp-json\/wp\/v2\/product\/36787","targetHints":{"allow":["GET"]}}],"collection":[{"href":"https:\/\/singuli.wpress.me\/index.php\/wp-json\/wp\/v2\/product"}],"about":[{"href":"https:\/\/singuli.wpress.me\/index.php\/wp-json\/wp\/v2\/types\/product"}],"version-history":[{"count":0,"href":"https:\/\/singuli.wpress.me\/index.php\/wp-json\/wp\/v2\/product\/36787\/revisions"}],"wp:featuredmedia":[{"embeddable":true,"href":"https:\/\/singuli.wpress.me\/index.php\/wp-json\/wp\/v2\/media\/36788"}],"wp:attachment":[{"href":"https:\/\/singuli.wpress.me\/index.php\/wp-json\/wp\/v2\/media?parent=36787"}],"wp:term":[{"taxonomy":"product_brand","embeddable":true,"href":"https:\/\/singuli.wpress.me\/index.php\/wp-json\/wp\/v2\/product_brand?post=36787"},{"taxonomy":"product_cat","embeddable":true,"href":"https:\/\/singuli.wpress.me\/index.php\/wp-json\/wp\/v2\/product_cat?post=36787"},{"taxonomy":"product_tag","embeddable":true,"href":"https:\/\/singuli.wpress.me\/index.php\/wp-json\/wp\/v2\/product_tag?post=36787"}],"curies":[{"name":"wp","href":"https:\/\/api.w.org\/{rel}","templated":true}]}}