{"id":36805,"date":"2026-04-18T02:03:45","date_gmt":"2026-04-18T02:03:45","guid":{"rendered":"https:\/\/singuli.wpress.me\/index.php\/proizvod\/domo-do7355ch-grijac-s-ventilatorom\/"},"modified":"2026-04-20T12:33:19","modified_gmt":"2026-04-20T12:33:19","slug":"domo-do7355ch-grijac-s-ventilatorom","status":"publish","type":"product","link":"https:\/\/singuli.wpress.me\/index.php\/proizvod\/domo-do7355ch-grijac-s-ventilatorom\/","title":{"rendered":"DOMO DO7355CH, grija\u010d s ventilatorom"},"content":{"rendered":"<p>Pametna konvekcijska grijalica: Wi-Fi upravljanje i maksimalna u\u010dinkovitost<br \/>\nOva moderna konvekcijska grijalica idealno je rje\u0161enje za jednostavno i efikasno grijanje va\u0161eg doma. S mogu\u0107no\u0161\u0107u rada na dvije razine snage, 1000 W i 2000 W (maksimalna kontinuirana snaga), brzo prilago\u0111ava toplinu svakoj prostoriji.<\/p>\n<p>Glavna prednost je pametno upravljanje \u2013 grijalicom mo\u017eete upravljati putem intuitivne upravlja\u010dke plo\u010de sa zaslonom, daljinskim upravlja\u010dem ili preko Wi-Fi aplikacije, \u0161to vam omogu\u0107uje potpunu kontrolu s bilo kojeg mjesta.<\/p>\n<p>Ure\u0111aj nudi \u010detiri na\u010dina grijanja: dva razine udobnosti (niska i visoka snaga), automatski na\u010din rada s optimalnom snagom te na\u010din rada protiv zamrzavanja (zadan na 7 \u00b0C). \u017deljenu temperaturu mo\u017eete precizno podesiti u \u0161irokom rasponu od 5 \u00b0C do 45 \u00b0C.<\/p>\n<p>Dodatnu funkcionalnost pru\u017ea mjera\u010d vremena koji se mo\u017ee postaviti do 24 sata, nakon \u010dega ure\u0111aj automatski prelazi u stanje pripravnosti. Ure\u0111aj je energetski u\u010dinkovit i dolazi s dvogodi\u0161njim jamstvom na tvorni\u010dke nedostatke.<\/p>\n","protected":false},"excerpt":{"rendered":"<p>Wi-Fi i daljinsko upravljanje: Potpuna kontrola putem aplikacije, daljinskog upravlja\u010da ili zaslona.<br \/>\n\u010cetiri na\u010dina rada (uklju\u010duju\u0107i automatski i protiv zamrzavanja): Prilagodljivost grijanja s rasponom temperature od 5 \u00b0C do 45 \u00b0C.<br \/>\nSna\u017enih 2000 W i 24-satni mjera\u010d vremena: Brzo zagrijavanje prostora i mogu\u0107nost odgode isklju\u010divanja do 24 sata<\/p>\n","protected":false},"featured_media":36806,"template":"","meta":{"_seopress_robots_primary_cat":"","_seopress_titles_title":"","_seopress_titles_desc":"","_seopress_robots_index":"","iawp_total_views":0},"product_brand":[255],"product_cat":[184,160],"product_tag":[],"class_list":{"0":"post-36805","1":"product","2":"type-product","3":"status-publish","4":"has-post-thumbnail","6":"product_brand-domo","7":"product_cat-kvaliteta-zraka-i-grijanje","8":"product_cat-mali-kucanski-aparati","10":"first","11":"instock","12":"shipping-taxable","13":"purchasable","14":"product-type-simple"},"_links":{"self":[{"href":"https:\/\/singuli.wpress.me\/index.php\/wp-json\/wp\/v2\/product\/36805","targetHints":{"allow":["GET"]}}],"collection":[{"href":"https:\/\/singuli.wpress.me\/index.php\/wp-json\/wp\/v2\/product"}],"about":[{"href":"https:\/\/singuli.wpress.me\/index.php\/wp-json\/wp\/v2\/types\/product"}],"version-history":[{"count":0,"href":"https:\/\/singuli.wpress.me\/index.php\/wp-json\/wp\/v2\/product\/36805\/revisions"}],"wp:featuredmedia":[{"embeddable":true,"href":"https:\/\/singuli.wpress.me\/index.php\/wp-json\/wp\/v2\/media\/36806"}],"wp:attachment":[{"href":"https:\/\/singuli.wpress.me\/index.php\/wp-json\/wp\/v2\/media?parent=36805"}],"wp:term":[{"taxonomy":"product_brand","embeddable":true,"href":"https:\/\/singuli.wpress.me\/index.php\/wp-json\/wp\/v2\/product_brand?post=36805"},{"taxonomy":"product_cat","embeddable":true,"href":"https:\/\/singuli.wpress.me\/index.php\/wp-json\/wp\/v2\/product_cat?post=36805"},{"taxonomy":"product_tag","embeddable":true,"href":"https:\/\/singuli.wpress.me\/index.php\/wp-json\/wp\/v2\/product_tag?post=36805"}],"curies":[{"name":"wp","href":"https:\/\/api.w.org\/{rel}","templated":true}]}}