{"id":36811,"date":"2026-04-18T02:03:49","date_gmt":"2026-04-18T02:03:49","guid":{"rendered":"https:\/\/singuli.wpress.me\/index.php\/proizvod\/domo-do7297s-usisavac\/"},"modified":"2026-04-20T12:33:19","modified_gmt":"2026-04-20T12:33:19","slug":"domo-do7297s-usisavac","status":"publish","type":"product","link":"https:\/\/singuli.wpress.me\/index.php\/proizvod\/domo-do7297s-usisavac\/","title":{"rendered":"DOMO DO7297S, usisava\u010d"},"content":{"rendered":"<p>Sna\u017ean usisava\u010d bez vre\u0107ice: \u010cisto\u0107a i fleksibilnost<br \/>\nOvaj svestrani usisava\u010d kombinira sna\u017eno usisavanje s prakti\u010dnim dizajnom bez vre\u0107ice za pra\u0161inu. Uz impresivnu snagu usisavanja od 15 kPa, ure\u0111aj jam\u010di temeljito \u010di\u0161\u0107enje svih povr\u0161ina. Snagu lako prilagodite okretnim gumbom, a za tvrde podloge i tepihe koristite prilagodljivi podni nastavak ili prilo\u017eenu \u010detku za parket.<\/p>\n<p>Zaboravite na kupnju vre\u0107ica \u2013 ovaj usisava\u010d ima spremnik za pra\u0161inu s integriranim predfiltrom i finim filtrom, te izlazni otvor s HEPA filtrom za \u010dist zrak.<\/p>\n<p>Dizajniran je za prakti\u010dnu upotrebu, uklju\u010duju\u0107i gumb za uklju\u010divanje\/isklju\u010divanje koji se aktivira nogom, automatsko namatanje kabela i regulator za zrak na ru\u010dki za brzu prilagodbu snage. Uz teleskopsku cijev i bogat set dodataka (\u010detka za pra\u0161inu, nastavak za tapecirani namje\u0161taj, nastavak za uske prostore), \u010di\u0161\u0107enje je prilago\u0111eno svakom kutu va\u0161eg doma.<\/p>\n<p>Ure\u0111aj dolazi s dvogodi\u0161njim jamstvom na tvorni\u010dke nedostatke, osiguravaju\u0107i vam pouzdanost i dugotrajnu uporabu.<\/p>\n","protected":false},"excerpt":{"rendered":"<p>Sna\u017eno usisavanje (15 kPa): Jam\u010di izuzetno sna\u017eno i temeljito \u010di\u0161\u0107enje svih vrsta podloga<br \/>\nSustav bez vre\u0107ice s HEPA filtrom: Jednostavno pra\u017enjenje spremnika za pra\u0161inu i filtracija zraka za \u010dist i zdrav okoli\u0161<\/p>\n","protected":false},"featured_media":36812,"template":"","meta":{"_seopress_robots_primary_cat":"","_seopress_titles_title":"","_seopress_titles_desc":"","_seopress_robots_index":"","iawp_total_views":0},"product_brand":[255],"product_cat":[160,271],"product_tag":[],"class_list":{"0":"post-36811","1":"product","2":"type-product","3":"status-publish","4":"has-post-thumbnail","6":"product_brand-domo","7":"product_cat-mali-kucanski-aparati","8":"product_cat-usisavaci-i-ciscenje-160","10":"first","11":"instock","12":"shipping-taxable","13":"purchasable","14":"product-type-simple"},"_links":{"self":[{"href":"https:\/\/singuli.wpress.me\/index.php\/wp-json\/wp\/v2\/product\/36811","targetHints":{"allow":["GET"]}}],"collection":[{"href":"https:\/\/singuli.wpress.me\/index.php\/wp-json\/wp\/v2\/product"}],"about":[{"href":"https:\/\/singuli.wpress.me\/index.php\/wp-json\/wp\/v2\/types\/product"}],"version-history":[{"count":0,"href":"https:\/\/singuli.wpress.me\/index.php\/wp-json\/wp\/v2\/product\/36811\/revisions"}],"wp:featuredmedia":[{"embeddable":true,"href":"https:\/\/singuli.wpress.me\/index.php\/wp-json\/wp\/v2\/media\/36812"}],"wp:attachment":[{"href":"https:\/\/singuli.wpress.me\/index.php\/wp-json\/wp\/v2\/media?parent=36811"}],"wp:term":[{"taxonomy":"product_brand","embeddable":true,"href":"https:\/\/singuli.wpress.me\/index.php\/wp-json\/wp\/v2\/product_brand?post=36811"},{"taxonomy":"product_cat","embeddable":true,"href":"https:\/\/singuli.wpress.me\/index.php\/wp-json\/wp\/v2\/product_cat?post=36811"},{"taxonomy":"product_tag","embeddable":true,"href":"https:\/\/singuli.wpress.me\/index.php\/wp-json\/wp\/v2\/product_tag?post=36811"}],"curies":[{"name":"wp","href":"https:\/\/api.w.org\/{rel}","templated":true}]}}