{"id":36823,"date":"2026-04-18T02:04:00","date_gmt":"2026-04-18T02:04:00","guid":{"rendered":"https:\/\/singuli.wpress.me\/index.php\/proizvod\/domo-do549fr-friteza-na-vruci-zrak\/"},"modified":"2026-04-20T12:33:19","modified_gmt":"2026-04-20T12:33:19","slug":"domo-do549fr-friteza-na-vruci-zrak","status":"publish","type":"product","link":"https:\/\/singuli.wpress.me\/index.php\/proizvod\/domo-do549fr-friteza-na-vruci-zrak\/","title":{"rendered":"DOMO DO549FR, friteza na vru\u0107i zrak"},"content":{"rendered":"<p>Air Fryer DO549FR: Dvostruka snaga, dvostruki rezultati<br \/>\nPredstavljamo Air Fryer DO549FR, revolucionarnu fritezu na vru\u0107i zrak koja donosi fleksibilnost i mo\u0107 u va\u0161u kuhinju. S impresivnom snagom od 2500 W i dvostrukim odjeljkom, ovaj ure\u0111aj vam omogu\u0107uje pripremu dva razli\u010dita jela istovremeno, neovisno pode\u0161avaju\u0107i postavke za svaki odjeljak (GORNJI\/DONJI) ili ih sinkroniziraju\u0107i pomo\u0107u funkcije DUAL.<\/p>\n<p>Digitalna kontrolna plo\u010da s 8 automatskih programa i intuitivnim Upravlja\u010dkim gumbom (okretni gumb s funkcijom tipkala) \u010dini kuhanje iznimno jednostavnim. Funkcija SMART COOK omogu\u0107uje vam zavr\u0161etak pr\u017eenja u oba odjeljka u isto vrijeme, osiguravaju\u0107i savr\u0161enu sinkronizaciju va\u0161eg obroka.<\/p>\n<p>Friteza ne zahtijeva prethodno zagrijavanje, a u svakom trenutku tijekom pr\u017eenja mo\u017eete provjeriti ili protresti hranu \u2013 ure\u0111aj se automatski zaustavlja i nastavlja raditi \u010dim vratite spremnik.<\/p>\n<p>Nabavite DO549FR i dobit \u0107ete ure\u0111aj s dvogodi\u0161njim jamstvom na tvorni\u010dke i materijalne nedostatke, dizajniran za zdravu i efikasnu pripremu hrane.<\/p>\n","protected":false},"excerpt":{"rendered":"<p>Iznimna snaga od 2500 W i dvostruki odjeljak: pripremite kompletan obrok istovremeno uz neovisno ili sinkronizirano upravljanje gornjim i donjim odjeljkom<br \/>\n8 automatskih programa i SMART COOK funkcija: brzo kuhanje uz gotove postavke i pametnu funkciju za istovremeni zavr\u0161etak pripreme u oba odjeljka.<\/p>\n","protected":false},"featured_media":36824,"template":"","meta":{"_seopress_robots_primary_cat":"","_seopress_titles_title":"","_seopress_titles_desc":"","_seopress_robots_index":"","iawp_total_views":0},"product_brand":[255],"product_cat":[266,265,160],"product_tag":[],"class_list":{"0":"post-36823","1":"product","2":"type-product","3":"status-publish","4":"has-post-thumbnail","6":"product_brand-domo","7":"product_cat-aparati-za-kuhanje-265","8":"product_cat-kuhinjski-aparati-160","9":"product_cat-mali-kucanski-aparati","11":"first","12":"outofstock","13":"shipping-taxable","14":"purchasable","15":"product-type-simple"},"_links":{"self":[{"href":"https:\/\/singuli.wpress.me\/index.php\/wp-json\/wp\/v2\/product\/36823","targetHints":{"allow":["GET"]}}],"collection":[{"href":"https:\/\/singuli.wpress.me\/index.php\/wp-json\/wp\/v2\/product"}],"about":[{"href":"https:\/\/singuli.wpress.me\/index.php\/wp-json\/wp\/v2\/types\/product"}],"version-history":[{"count":0,"href":"https:\/\/singuli.wpress.me\/index.php\/wp-json\/wp\/v2\/product\/36823\/revisions"}],"wp:featuredmedia":[{"embeddable":true,"href":"https:\/\/singuli.wpress.me\/index.php\/wp-json\/wp\/v2\/media\/36824"}],"wp:attachment":[{"href":"https:\/\/singuli.wpress.me\/index.php\/wp-json\/wp\/v2\/media?parent=36823"}],"wp:term":[{"taxonomy":"product_brand","embeddable":true,"href":"https:\/\/singuli.wpress.me\/index.php\/wp-json\/wp\/v2\/product_brand?post=36823"},{"taxonomy":"product_cat","embeddable":true,"href":"https:\/\/singuli.wpress.me\/index.php\/wp-json\/wp\/v2\/product_cat?post=36823"},{"taxonomy":"product_tag","embeddable":true,"href":"https:\/\/singuli.wpress.me\/index.php\/wp-json\/wp\/v2\/product_tag?post=36823"}],"curies":[{"name":"wp","href":"https:\/\/api.w.org\/{rel}","templated":true}]}}