{"id":36829,"date":"2026-04-18T02:04:08","date_gmt":"2026-04-18T02:04:08","guid":{"rendered":"https:\/\/singuli.wpress.me\/index.php\/proizvod\/domo-do1134fr-friteza-na-vruci-zrak\/"},"modified":"2026-04-20T12:33:19","modified_gmt":"2026-04-20T12:33:19","slug":"domo-do1134fr-friteza-na-vruci-zrak","status":"publish","type":"product","link":"https:\/\/singuli.wpress.me\/index.php\/proizvod\/domo-do1134fr-friteza-na-vruci-zrak\/","title":{"rendered":"DOMO DO1134FR, friteza na vru\u0107i zrak"},"content":{"rendered":"<p>Air Fryer DO1134FR: Nova era pr\u017eenja bez ulja<br \/>\nUnaprijedite svoju kuhinju uz Air Fryer DO1134FR, mo\u0107nu fritezu na vru\u0107i zrak snage 1500 W koja vam omogu\u0107uje u\u017eivanje u hrskavim jelima sa znatno manje masti.<\/p>\n<p>Ovaj ure\u0111aj je dizajniran za jednostavnost i sigurnost, eliminiraju\u0107i potrebu za uljem ili ma\u0161\u0107u. S intuitivnim digitalnim zaslonom, omogu\u0107uje precizno postavljanje temperature (80 \u2013 220 \u00b0C) i vremena (1 \u2013 60 minuta). Za dodatnu prakti\u010dnost, dostupan je i izbor od 8 automatskih programa.<\/p>\n<p>DO1134FR osigurava ravnomjerno pr\u017eenje i ima ugra\u0111enu funkciju &quot;SHAKE&quot; (protresi) koja vas podsje\u0107a da protresete hranu usred ciklusa. Tijekom pr\u017eenja, mo\u017eete pratiti namirnice kroz prozor\u010di\u0107 i vaditi spremnik u bilo kojem trenutku bez prekidanja programa.<\/p>\n<p>Ure\u0111aj ne zahtijeva prethodno zagrijavanje, a mo\u017ee se koristiti i za podgrijavanje hrane. Izra\u0111en je za sigurno i pouzdano kori\u0161tenje, dolaze\u0107i s dvogodi\u0161njim jamstvom uz dokaz o kupnji.<\/p>\n","protected":false},"excerpt":{"rendered":"<p>Sna\u017enih 1500 W: Brzo i u\u010dinkovito pr\u017eenje na zrak s rasponom temperature od 80 do 220 \u00b0C.<br \/>\n8 Automatskih Programa i SHAKE Funkcija: Jednostavno kuhanje uz unaprijed postavljene programe i podsjetnik za protresanje za savr\u0161eno hrskave rezultate.<br \/>\nBez dodavanja ulja ili masti<\/p>\n","protected":false},"featured_media":36830,"template":"","meta":{"_seopress_robots_primary_cat":"","_seopress_titles_title":"","_seopress_titles_desc":"","_seopress_robots_index":"","iawp_total_views":0},"product_brand":[255],"product_cat":[266,265,160],"product_tag":[],"class_list":{"0":"post-36829","1":"product","2":"type-product","3":"status-publish","4":"has-post-thumbnail","6":"product_brand-domo","7":"product_cat-aparati-za-kuhanje-265","8":"product_cat-kuhinjski-aparati-160","9":"product_cat-mali-kucanski-aparati","11":"first","12":"instock","13":"shipping-taxable","14":"purchasable","15":"product-type-simple"},"_links":{"self":[{"href":"https:\/\/singuli.wpress.me\/index.php\/wp-json\/wp\/v2\/product\/36829","targetHints":{"allow":["GET"]}}],"collection":[{"href":"https:\/\/singuli.wpress.me\/index.php\/wp-json\/wp\/v2\/product"}],"about":[{"href":"https:\/\/singuli.wpress.me\/index.php\/wp-json\/wp\/v2\/types\/product"}],"version-history":[{"count":0,"href":"https:\/\/singuli.wpress.me\/index.php\/wp-json\/wp\/v2\/product\/36829\/revisions"}],"wp:featuredmedia":[{"embeddable":true,"href":"https:\/\/singuli.wpress.me\/index.php\/wp-json\/wp\/v2\/media\/36830"}],"wp:attachment":[{"href":"https:\/\/singuli.wpress.me\/index.php\/wp-json\/wp\/v2\/media?parent=36829"}],"wp:term":[{"taxonomy":"product_brand","embeddable":true,"href":"https:\/\/singuli.wpress.me\/index.php\/wp-json\/wp\/v2\/product_brand?post=36829"},{"taxonomy":"product_cat","embeddable":true,"href":"https:\/\/singuli.wpress.me\/index.php\/wp-json\/wp\/v2\/product_cat?post=36829"},{"taxonomy":"product_tag","embeddable":true,"href":"https:\/\/singuli.wpress.me\/index.php\/wp-json\/wp\/v2\/product_tag?post=36829"}],"curies":[{"name":"wp","href":"https:\/\/api.w.org\/{rel}","templated":true}]}}