{"id":36835,"date":"2026-04-18T02:04:13","date_gmt":"2026-04-18T02:04:13","guid":{"rendered":"https:\/\/singuli.wpress.me\/index.php\/proizvod\/domo-do9268wk-kuhalo-za-vodu\/"},"modified":"2026-04-20T12:33:19","modified_gmt":"2026-04-20T12:33:19","slug":"domo-do9268wk-kuhalo-za-vodu","status":"publish","type":"product","link":"https:\/\/singuli.wpress.me\/index.php\/proizvod\/domo-do9268wk-kuhalo-za-vodu\/","title":{"rendered":"DOMO DO9268WK, kuhalo za vodu"},"content":{"rendered":"<p>Klasi\u010dno kuhalo za vodu: Brzo klju\u010danje s kapacitetom 1,7 l<br \/>\nOvo elektri\u010dno kuhalo za vodu s jednostavnim i pouzdanim dizajnom brzo zagrijava vodu za va\u0161e tople napitke. Ima maksimalni kapacitet od 1,7 litara i minimalnu razinu od 0,5 litara, a opremljeno je pokazateljem razine vode za precizno punjenje.<\/p>\n<p>Kuhalo je jednostavno za kori\u0161tenje: poklopac se otvara pritiskom na gumb, a kuhanje zapo\u010dinje pritiskom na prekida\u010d s ugra\u0111enim svjetlosnim pokaziva\u010dem. Ure\u0111aj osigurava sigurnost jer se automatski isklju\u010duje \u010dim voda zakuha.<\/p>\n<p>Radi va\u0161e udobnosti, kuhalo se postavlja na postolje koje ima ugra\u0111eno spremi\u0161te za kabel. Ugra\u0111eni filtar poma\u017ee u odr\u017eavanju \u010disto\u0107e vode. Uz pravilno odr\u017eavanje (uklanjanje kamenca), ovo kuhalo nudi dugotrajnu pouzdanost, za\u0161ti\u0107enu dvogodi\u0161njim jamstvom na tvorni\u010dke gre\u0161ke.<\/p>\n","protected":false},"excerpt":{"rendered":"<p>Veliki kapacitet (1,7 l): Idealan za ku\u0107anstva i ve\u0107e koli\u010dine tople vode<br \/>\nAutomatsko isklju\u010divanje: Sigurnosna zna\u010dajka koja osigurava isklju\u010divanje \u010dim voda zakuha.<\/p>\n","protected":false},"featured_media":36836,"template":"","meta":{"_seopress_robots_primary_cat":"","_seopress_titles_title":"","_seopress_titles_desc":"","_seopress_robots_index":"","iawp_total_views":0},"product_brand":[255],"product_cat":[160],"product_tag":[],"class_list":{"0":"post-36835","1":"product","2":"type-product","3":"status-publish","4":"has-post-thumbnail","6":"product_brand-domo","7":"product_cat-mali-kucanski-aparati","9":"first","10":"instock","11":"shipping-taxable","12":"purchasable","13":"product-type-simple"},"_links":{"self":[{"href":"https:\/\/singuli.wpress.me\/index.php\/wp-json\/wp\/v2\/product\/36835","targetHints":{"allow":["GET"]}}],"collection":[{"href":"https:\/\/singuli.wpress.me\/index.php\/wp-json\/wp\/v2\/product"}],"about":[{"href":"https:\/\/singuli.wpress.me\/index.php\/wp-json\/wp\/v2\/types\/product"}],"version-history":[{"count":0,"href":"https:\/\/singuli.wpress.me\/index.php\/wp-json\/wp\/v2\/product\/36835\/revisions"}],"wp:featuredmedia":[{"embeddable":true,"href":"https:\/\/singuli.wpress.me\/index.php\/wp-json\/wp\/v2\/media\/36836"}],"wp:attachment":[{"href":"https:\/\/singuli.wpress.me\/index.php\/wp-json\/wp\/v2\/media?parent=36835"}],"wp:term":[{"taxonomy":"product_brand","embeddable":true,"href":"https:\/\/singuli.wpress.me\/index.php\/wp-json\/wp\/v2\/product_brand?post=36835"},{"taxonomy":"product_cat","embeddable":true,"href":"https:\/\/singuli.wpress.me\/index.php\/wp-json\/wp\/v2\/product_cat?post=36835"},{"taxonomy":"product_tag","embeddable":true,"href":"https:\/\/singuli.wpress.me\/index.php\/wp-json\/wp\/v2\/product_tag?post=36835"}],"curies":[{"name":"wp","href":"https:\/\/api.w.org\/{rel}","templated":true}]}}