{"id":36841,"date":"2026-04-18T02:04:22","date_gmt":"2026-04-18T02:04:22","guid":{"rendered":"https:\/\/singuli.wpress.me\/index.php\/proizvod\/ambi-pur-spiced-apple-osvjezivac-kupaonice-6x3x8-ml\/"},"modified":"2026-04-20T12:33:19","modified_gmt":"2026-04-20T12:33:19","slug":"ambi-pur-spiced-apple-osvjezivac-kupaonice-6x3x8-ml","status":"publish","type":"product","link":"https:\/\/singuli.wpress.me\/index.php\/proizvod\/ambi-pur-spiced-apple-osvjezivac-kupaonice-6x3x8-ml\/","title":{"rendered":"AMBI PUR Spiced Apple, osvje\u017eiva\u010d kupaonice, 6x3x8, \u00a0ml"},"content":{"rendered":"<p>\n    Osigurajte da va\u0161a kupaonica uvijek miri\u0161e neodoljivo \u010disto i svje\u017ee uz <strong>Ambi Pur Osvje\u017eiva\u010d kupaonice<\/strong>. Ovaj proizvod je posebno dizajniran da <em>u\u010dinkovito uklanja neugodne mirise<\/em>, umjesto da ih samo maskira.\n<\/p>\n<p>\n    U\u017eivajte u ugodnom i toplom mirisu <strong>Limited Edition<\/strong> arome &#8220;Spiced Apple&#8221;. Rije\u010d je o savr\u0161enoj kombinaciji slatke jabuke, bazge i profinjenih zimskih za\u010dina kao \u0161to su <strong>cimet, mu\u0161katni ora\u0161\u010di\u0107 i klin\u010di\u0107i<\/strong>, zaokru\u017eenoj nje\u017enom notom vanilije.\n<\/p>\n<p>\n    Formula Ambi Pura aktivno <em>sprje\u010dava zadr\u017eavanje mirisa<\/em> na mekim tekstilnim povr\u0161inama, uklju\u010duju\u0107i ru\u010dnike, tepihe i zavjese za tu\u0161iranje.\n<\/p>\n<p>\n    Kori\u0161tenje je izuzetno jednostavno i prakti\u010dno: ne zahtijeva <strong>ni struju ni baterije<\/strong>, a osigurava svje\u017einu <strong>do 180 dana<\/strong>!<\/p>\n","protected":false},"excerpt":{"rendered":"<p>Ne zahtijeva baterije, djeluje do 180 dana<br \/>\nUklanja neugodne mirise i sprje\u010dava njihovo zadr\u017eavanje na tkaninama<br \/>\nBogata i topla mje\u0161avina jabuke, bazge, cimeta i vanilije<\/p>\n","protected":false},"featured_media":36842,"template":"","meta":{"_seopress_robots_primary_cat":"","_seopress_titles_title":"","_seopress_titles_desc":"","_seopress_robots_index":"","iawp_total_views":0},"product_brand":[447],"product_cat":[294,238],"product_tag":[],"class_list":{"0":"post-36841","1":"product","2":"type-product","3":"status-publish","4":"has-post-thumbnail","6":"product_brand-ambi-pur","7":"product_cat-osvjezivaci-zraka-238","8":"product_cat-sve-za-dom","10":"first","11":"outofstock","12":"shipping-taxable","13":"purchasable","14":"product-type-simple"},"_links":{"self":[{"href":"https:\/\/singuli.wpress.me\/index.php\/wp-json\/wp\/v2\/product\/36841","targetHints":{"allow":["GET"]}}],"collection":[{"href":"https:\/\/singuli.wpress.me\/index.php\/wp-json\/wp\/v2\/product"}],"about":[{"href":"https:\/\/singuli.wpress.me\/index.php\/wp-json\/wp\/v2\/types\/product"}],"version-history":[{"count":0,"href":"https:\/\/singuli.wpress.me\/index.php\/wp-json\/wp\/v2\/product\/36841\/revisions"}],"wp:featuredmedia":[{"embeddable":true,"href":"https:\/\/singuli.wpress.me\/index.php\/wp-json\/wp\/v2\/media\/36842"}],"wp:attachment":[{"href":"https:\/\/singuli.wpress.me\/index.php\/wp-json\/wp\/v2\/media?parent=36841"}],"wp:term":[{"taxonomy":"product_brand","embeddable":true,"href":"https:\/\/singuli.wpress.me\/index.php\/wp-json\/wp\/v2\/product_brand?post=36841"},{"taxonomy":"product_cat","embeddable":true,"href":"https:\/\/singuli.wpress.me\/index.php\/wp-json\/wp\/v2\/product_cat?post=36841"},{"taxonomy":"product_tag","embeddable":true,"href":"https:\/\/singuli.wpress.me\/index.php\/wp-json\/wp\/v2\/product_tag?post=36841"}],"curies":[{"name":"wp","href":"https:\/\/api.w.org\/{rel}","templated":true}]}}