{"id":36843,"date":"2026-04-18T02:04:25","date_gmt":"2026-04-18T02:04:25","guid":{"rendered":"https:\/\/singuli.wpress.me\/index.php\/proizvod\/ambi-pur-spiced-apple-osvjezivac-zraka-2x20-ml\/"},"modified":"2026-04-20T12:33:19","modified_gmt":"2026-04-20T12:33:19","slug":"ambi-pur-spiced-apple-osvjezivac-zraka-2x20-ml","status":"publish","type":"product","link":"https:\/\/singuli.wpress.me\/index.php\/proizvod\/ambi-pur-spiced-apple-osvjezivac-zraka-2x20-ml\/","title":{"rendered":"AMBI PUR Spiced Apple, osvje\u017eiva\u010d zraka, 2&#215;20, \u00a0ml"},"content":{"rendered":"<p>\n    Unesite kontinuiranu svje\u017einu i toplinu u svoj dom s <strong>Ambi Pur 3volution punjenjem<\/strong>. Ovo punjenje koristi naprednu <em>OdourClear tehnologiju<\/em> koja aktivno eliminira tvrdokorne neugodne mirise, osiguravaju\u0107i da se miris samo ne prekriva.\n<\/p>\n<p>\n    U\u017eivajte u ekskluzivnom, zimskom mirisu so\u010dne <strong>jabuke i bazge<\/strong>, pro\u017eetom tradicionalnim za\u010dinima kao \u0161to su <strong>cimet, mu\u0161katni ora\u0161\u010di\u0107 i klin\u010di\u0107i<\/strong>, te nje\u017enom notom vanilije. Stvorite ugodan i sve\u010dan ambijent!\n<\/p>\n<p>\n    Klju\u010dna zna\u010dajka 3volution sustava je izmjena <strong>tri komplementarna mirisa<\/strong> svakih 45 minuta, \u010dime se sprje\u010dava da se nos navikne na miris, a svje\u017eina ostaje primjetna.\n<\/p>\n<p>\n    Jedno punjenje pru\u017ea <em>dugotrajnu svje\u017einu do 90 dana<\/em> (kada se koristi 12 sati dnevno na najni\u017eoj razini intenziteta).<\/p>\n","protected":false},"excerpt":{"rendered":"<p>Tri komplementarna mirisa izmjenjuju se svakih 45 minuta za stalnu svje\u017einu<br \/>\nU\u010dinkovito eliminira neugodne mirise<br \/>\nTopla Limited Edition aroma jabuke, bazge i zimskih za\u010dina<\/p>\n","protected":false},"featured_media":36844,"template":"","meta":{"_seopress_robots_primary_cat":"","_seopress_titles_title":"","_seopress_titles_desc":"","_seopress_robots_index":"","iawp_total_views":0},"product_brand":[447],"product_cat":[294,238],"product_tag":[],"class_list":{"0":"post-36843","1":"product","2":"type-product","3":"status-publish","4":"has-post-thumbnail","6":"product_brand-ambi-pur","7":"product_cat-osvjezivaci-zraka-238","8":"product_cat-sve-za-dom","10":"first","11":"outofstock","12":"shipping-taxable","13":"purchasable","14":"product-type-simple"},"_links":{"self":[{"href":"https:\/\/singuli.wpress.me\/index.php\/wp-json\/wp\/v2\/product\/36843","targetHints":{"allow":["GET"]}}],"collection":[{"href":"https:\/\/singuli.wpress.me\/index.php\/wp-json\/wp\/v2\/product"}],"about":[{"href":"https:\/\/singuli.wpress.me\/index.php\/wp-json\/wp\/v2\/types\/product"}],"version-history":[{"count":0,"href":"https:\/\/singuli.wpress.me\/index.php\/wp-json\/wp\/v2\/product\/36843\/revisions"}],"wp:featuredmedia":[{"embeddable":true,"href":"https:\/\/singuli.wpress.me\/index.php\/wp-json\/wp\/v2\/media\/36844"}],"wp:attachment":[{"href":"https:\/\/singuli.wpress.me\/index.php\/wp-json\/wp\/v2\/media?parent=36843"}],"wp:term":[{"taxonomy":"product_brand","embeddable":true,"href":"https:\/\/singuli.wpress.me\/index.php\/wp-json\/wp\/v2\/product_brand?post=36843"},{"taxonomy":"product_cat","embeddable":true,"href":"https:\/\/singuli.wpress.me\/index.php\/wp-json\/wp\/v2\/product_cat?post=36843"},{"taxonomy":"product_tag","embeddable":true,"href":"https:\/\/singuli.wpress.me\/index.php\/wp-json\/wp\/v2\/product_tag?post=36843"}],"curies":[{"name":"wp","href":"https:\/\/api.w.org\/{rel}","templated":true}]}}