{"id":36845,"date":"2026-04-18T02:04:27","date_gmt":"2026-04-18T02:04:27","guid":{"rendered":"https:\/\/singuli.wpress.me\/index.php\/proizvod\/jar-platinum-plus-all-in-one-lemon-kapsule-za-strojno-pranje-posuda-71-kom\/"},"modified":"2026-04-20T12:33:19","modified_gmt":"2026-04-20T12:33:19","slug":"jar-platinum-plus-all-in-one-lemon-kapsule-za-strojno-pranje-posuda-71-kom","status":"publish","type":"product","link":"https:\/\/singuli.wpress.me\/index.php\/proizvod\/jar-platinum-plus-all-in-one-lemon-kapsule-za-strojno-pranje-posuda-71-kom\/","title":{"rendered":"JAR Platinum Plus All in One Lemon, kapsule za strojno pranje posu\u0111a, 71\u00a0kom"},"content":{"rendered":"<p>\n    <strong>Na\u0161 najbolji deterd\u017eent, za posu\u0111e \u010disto kao novo!<\/strong>\n<\/p>\n<p>\n    Kapsule <strong>Jar Platinum Plus All in One<\/strong> s mirisom limuna su najmo\u0107niji Jarov deterd\u017eent, dizajniran za rje\u0161avanje najtvrdokornijih ostataka hrane i vra\u0107anje originalnog sjaja va\u0161em posu\u0111u.\n<\/p>\n<h3>Glavne prednosti:<\/h3>\n<ul>\n<li><strong>Uklanja mutni sloj i kamenac:<\/strong> Poma\u017ee ukloniti nakupljeni mutni sloj i <strong>vra\u0107a originalan sjaj<\/strong> va\u0161em posu\u0111u zahvaljuju\u0107i tehnologiji protiv stvaranja mutnog sloja i spre\u010davanju kamenca.<\/li>\n<li><strong>Izvanredno \u010di\u0161\u0107enje na kratkim programima:<\/strong> U\u010dinkovite \u010dak i na kratkim programima pranja \u2013 perite na kratkom programu te u\u0161tedite vrijeme, energiju i vodu!<\/li>\n<li><strong>Sustav pretpranja:<\/strong> Sustav pretpranja umjesto vas obavlja taj dio posla, omogu\u0107uju\u0107i vam u\u0161tedu vode.<\/li>\n<li><strong>Sve u jednome:<\/strong> Sadr\u017ee sol i sredstvo za pomo\u0107 pri ispiranju sa za\u0161titom za stakleno i srebrno posu\u0111e.<\/li>\n<\/ul>\n<p>\n    Ove kapsule su izuzetno jednostavne za upotrebu \u2013 <strong>ne treba im skidati omot<\/strong>, samo ih stavite u pretinac za deterd\u017eent. Preporu\u010duju globalni proizvo\u0111a\u010di perilica posu\u0111a.<\/p>\n","protected":false},"excerpt":{"rendered":"<p>Nakon mo\u0107nih Jarovih tableta va\u0161e posu\u0111e blista kao da je novo<br \/>\nUklanja mutni sloj i vra\u0107a originalan sjaj va\u0161em posu\u0111u zahvaljuju\u0107i tehnologiji protiv stvaranja mutnog sloja<br \/>\nU\u010dinkovite \u010dak i na kratkim programima pranja<\/p>\n","protected":false},"featured_media":36846,"template":"","meta":{"_seopress_robots_primary_cat":"","_seopress_titles_title":"","_seopress_titles_desc":"","_seopress_robots_index":"","iawp_total_views":0},"product_brand":[454],"product_cat":[314,238],"product_tag":[],"class_list":{"0":"post-36845","1":"product","2":"type-product","3":"status-publish","4":"has-post-thumbnail","6":"product_brand-jar","7":"product_cat-pranje-posuda-238","8":"product_cat-sve-za-dom","10":"first","11":"outofstock","12":"shipping-taxable","13":"purchasable","14":"product-type-simple"},"_links":{"self":[{"href":"https:\/\/singuli.wpress.me\/index.php\/wp-json\/wp\/v2\/product\/36845","targetHints":{"allow":["GET"]}}],"collection":[{"href":"https:\/\/singuli.wpress.me\/index.php\/wp-json\/wp\/v2\/product"}],"about":[{"href":"https:\/\/singuli.wpress.me\/index.php\/wp-json\/wp\/v2\/types\/product"}],"version-history":[{"count":0,"href":"https:\/\/singuli.wpress.me\/index.php\/wp-json\/wp\/v2\/product\/36845\/revisions"}],"wp:featuredmedia":[{"embeddable":true,"href":"https:\/\/singuli.wpress.me\/index.php\/wp-json\/wp\/v2\/media\/36846"}],"wp:attachment":[{"href":"https:\/\/singuli.wpress.me\/index.php\/wp-json\/wp\/v2\/media?parent=36845"}],"wp:term":[{"taxonomy":"product_brand","embeddable":true,"href":"https:\/\/singuli.wpress.me\/index.php\/wp-json\/wp\/v2\/product_brand?post=36845"},{"taxonomy":"product_cat","embeddable":true,"href":"https:\/\/singuli.wpress.me\/index.php\/wp-json\/wp\/v2\/product_cat?post=36845"},{"taxonomy":"product_tag","embeddable":true,"href":"https:\/\/singuli.wpress.me\/index.php\/wp-json\/wp\/v2\/product_tag?post=36845"}],"curies":[{"name":"wp","href":"https:\/\/api.w.org\/{rel}","templated":true}]}}