{"id":36859,"date":"2026-04-18T02:04:45","date_gmt":"2026-04-18T02:04:45","guid":{"rendered":"https:\/\/singuli.wpress.me\/index.php\/proizvod\/pan-radler-limun-pivo-0-5-l\/"},"modified":"2026-04-20T12:33:19","modified_gmt":"2026-04-20T12:33:19","slug":"pan-radler-limun-pivo-0-5-l","status":"publish","type":"product","link":"https:\/\/singuli.wpress.me\/index.php\/proizvod\/pan-radler-limun-pivo-0-5-l\/","title":{"rendered":"PAN Radler limun, pivo, 0.5\u00a0l"},"content":{"rendered":"<p>Pan Radler Limun\u00a0je osvje\u017eavaju\u0107e pi\u0107e koje spaja 40% svijetlog Pan lagera i 60% soka od limuna. S udjelom alkohola od 2%, idealan je lagani izbor za tople dane i osvje\u017eenje. Proizvodi ga Carlsberg Croatia, nude\u0107i balansiran okus piva i citrusa<\/p>\n","protected":false},"excerpt":{"rendered":"<p>Osvje\u017eavaju\u0107a kombinacija lagera i limuna.<br \/>\nAlk. 2,0% vol.<br \/>\nPru\u017ea autenti\u010dan, citrusni okus koji trenutno gasi \u017ee\u0111<\/p>\n","protected":false},"featured_media":36860,"template":"","meta":{"_seopress_robots_primary_cat":"","_seopress_titles_title":"","_seopress_titles_desc":"","_seopress_robots_index":"","iawp_total_views":0},"product_brand":[515],"product_cat":[298,261],"product_tag":[],"class_list":{"0":"post-36859","1":"product","2":"type-product","3":"status-publish","4":"has-post-thumbnail","6":"product_brand-pan","7":"product_cat-alkoholna-pica-261","8":"product_cat-hrana-i-pice","10":"first","11":"instock","12":"shipping-taxable","13":"purchasable","14":"product-type-simple"},"_links":{"self":[{"href":"https:\/\/singuli.wpress.me\/index.php\/wp-json\/wp\/v2\/product\/36859","targetHints":{"allow":["GET"]}}],"collection":[{"href":"https:\/\/singuli.wpress.me\/index.php\/wp-json\/wp\/v2\/product"}],"about":[{"href":"https:\/\/singuli.wpress.me\/index.php\/wp-json\/wp\/v2\/types\/product"}],"version-history":[{"count":0,"href":"https:\/\/singuli.wpress.me\/index.php\/wp-json\/wp\/v2\/product\/36859\/revisions"}],"wp:featuredmedia":[{"embeddable":true,"href":"https:\/\/singuli.wpress.me\/index.php\/wp-json\/wp\/v2\/media\/36860"}],"wp:attachment":[{"href":"https:\/\/singuli.wpress.me\/index.php\/wp-json\/wp\/v2\/media?parent=36859"}],"wp:term":[{"taxonomy":"product_brand","embeddable":true,"href":"https:\/\/singuli.wpress.me\/index.php\/wp-json\/wp\/v2\/product_brand?post=36859"},{"taxonomy":"product_cat","embeddable":true,"href":"https:\/\/singuli.wpress.me\/index.php\/wp-json\/wp\/v2\/product_cat?post=36859"},{"taxonomy":"product_tag","embeddable":true,"href":"https:\/\/singuli.wpress.me\/index.php\/wp-json\/wp\/v2\/product_tag?post=36859"}],"curies":[{"name":"wp","href":"https:\/\/api.w.org\/{rel}","templated":true}]}}