{"id":36869,"date":"2026-04-18T02:04:52","date_gmt":"2026-04-18T02:04:52","guid":{"rendered":"https:\/\/singuli.wpress.me\/index.php\/proizvod\/pokemon-battle-feature-figure\/"},"modified":"2026-04-20T12:33:19","modified_gmt":"2026-04-20T12:33:19","slug":"pokemon-battle-feature-figure","status":"publish","type":"product","link":"https:\/\/singuli.wpress.me\/index.php\/proizvod\/pokemon-battle-feature-figure\/","title":{"rendered":"POKEMON Battle Feature, figure"},"content":{"rendered":"<p>Treniraj sa svojim omiljenim <strong>Pok\u00e9mon junakom<\/strong> i do\u017eivi uzbu\u0111enje bitke! Svaka figura donosi pravu akciju iz Pok\u00e9mon svijeta ravno u tvoje ruke zahvaljuju\u0107i <strong>vi\u0161estrukim pokretnim zglobovima<\/strong> i <strong>posebnoj napada\u010dkoj funkciji<\/strong>.<\/p>\n<p>Dizajnirane s <strong>autenti\u010dnim detaljima<\/strong>, ove figure izgledaju kao da su upravo isko\u010dile iz Pok\u00e9mon animirane serije. Svaki detalj pa\u017eljivo je izra\u0111en kako bi vjerno prikazao tvog omiljenog Pokemona.<\/p>\n<p>Dodaj ih u svoj <strong>Pok\u00e9mon tim<\/strong> i pripremi se za uzbudljive borbe, ili ih ponosno izlo\u017ei u svojoj kolekciji. Postani pravi Pok\u00e9mon trener!<\/p>\n","protected":false},"excerpt":{"rendered":"<p>Vi\u0161e pokretnih zglobova za dinami\u010dne poze<br \/>\nPosebna napada\u010dka funkcija za akciju<br \/>\nAutenti\u010dni detalji vjerni animiranoj seriji<\/p>\n","protected":false},"featured_media":36870,"template":"","meta":{"_seopress_robots_primary_cat":"","_seopress_titles_title":"","_seopress_titles_desc":"","_seopress_robots_index":"","iawp_total_views":0},"product_brand":[334],"product_cat":[221,263],"product_tag":[],"class_list":{"0":"post-36869","1":"product","2":"type-product","3":"status-publish","4":"has-post-thumbnail","6":"product_brand-pokemon","7":"product_cat-igracke","8":"product_cat-tematske-igracke-221","10":"first","11":"instock","12":"shipping-taxable","13":"purchasable","14":"product-type-simple"},"_links":{"self":[{"href":"https:\/\/singuli.wpress.me\/index.php\/wp-json\/wp\/v2\/product\/36869","targetHints":{"allow":["GET"]}}],"collection":[{"href":"https:\/\/singuli.wpress.me\/index.php\/wp-json\/wp\/v2\/product"}],"about":[{"href":"https:\/\/singuli.wpress.me\/index.php\/wp-json\/wp\/v2\/types\/product"}],"version-history":[{"count":0,"href":"https:\/\/singuli.wpress.me\/index.php\/wp-json\/wp\/v2\/product\/36869\/revisions"}],"wp:featuredmedia":[{"embeddable":true,"href":"https:\/\/singuli.wpress.me\/index.php\/wp-json\/wp\/v2\/media\/36870"}],"wp:attachment":[{"href":"https:\/\/singuli.wpress.me\/index.php\/wp-json\/wp\/v2\/media?parent=36869"}],"wp:term":[{"taxonomy":"product_brand","embeddable":true,"href":"https:\/\/singuli.wpress.me\/index.php\/wp-json\/wp\/v2\/product_brand?post=36869"},{"taxonomy":"product_cat","embeddable":true,"href":"https:\/\/singuli.wpress.me\/index.php\/wp-json\/wp\/v2\/product_cat?post=36869"},{"taxonomy":"product_tag","embeddable":true,"href":"https:\/\/singuli.wpress.me\/index.php\/wp-json\/wp\/v2\/product_tag?post=36869"}],"curies":[{"name":"wp","href":"https:\/\/api.w.org\/{rel}","templated":true}]}}