{"id":36881,"date":"2026-04-18T02:05:04","date_gmt":"2026-04-18T02:05:04","guid":{"rendered":"https:\/\/singuli.wpress.me\/index.php\/proizvod\/pokemon-w12-battle-figure\/"},"modified":"2026-04-20T12:33:19","modified_gmt":"2026-04-20T12:33:19","slug":"pokemon-w12-battle-figure","status":"publish","type":"product","link":"https:\/\/singuli.wpress.me\/index.php\/proizvod\/pokemon-w12-battle-figure\/","title":{"rendered":"POKEMON W12 Battle, figure"},"content":{"rendered":"<p>Pripremi se za <strong>epske Pok\u00e9mon borbe<\/strong> s ovim fantasti\u010dnim setom borbenih figura! U paketu dolazi \u010dak **osam Pok\u00e9mona** spremnih za akciju, \u0161to je idealno za stvaranje mo\u0107nog tima i treniranje.<\/p>\n<p>Set uklju\u010duje: <strong>Pikachu, Tepig, Oshawott, Rotom i Snubbull<\/strong> u manjem izdanju, te mo\u0107ne figure **Alolan Marowaka i Luxija** u ve\u0107oj veli\u010dini. Svaka figura dizajnirana je s <strong>autenti\u010dnim detaljima i dinami\u010dnim pozama<\/strong> te izgleda kao da je upravo isko\u010dila iz Pok\u00e9mon svijeta!<\/p>\n<p>Stvori vlastite bitke, treniraj svoj tim i doka\u017ei da si **najbolji trener od svih**!<\/p>\n","protected":false},"excerpt":{"rendered":"<p>Set sadr\u017ei ukupno 8 borbenih Pok\u00e9mon figura<br \/>\nRazli\u010dite veli\u010dine figura<br \/>\nFigure su detaljno izra\u0111ene i imaju dinami\u010dne poze<\/p>\n","protected":false},"featured_media":36882,"template":"","meta":{"_seopress_robots_primary_cat":"","_seopress_titles_title":"","_seopress_titles_desc":"","_seopress_robots_index":"","iawp_total_views":0},"product_brand":[334],"product_cat":[221,263],"product_tag":[],"class_list":{"0":"post-36881","1":"product","2":"type-product","3":"status-publish","4":"has-post-thumbnail","6":"product_brand-pokemon","7":"product_cat-igracke","8":"product_cat-tematske-igracke-221","10":"first","11":"outofstock","12":"shipping-taxable","13":"purchasable","14":"product-type-simple"},"_links":{"self":[{"href":"https:\/\/singuli.wpress.me\/index.php\/wp-json\/wp\/v2\/product\/36881","targetHints":{"allow":["GET"]}}],"collection":[{"href":"https:\/\/singuli.wpress.me\/index.php\/wp-json\/wp\/v2\/product"}],"about":[{"href":"https:\/\/singuli.wpress.me\/index.php\/wp-json\/wp\/v2\/types\/product"}],"version-history":[{"count":0,"href":"https:\/\/singuli.wpress.me\/index.php\/wp-json\/wp\/v2\/product\/36881\/revisions"}],"wp:featuredmedia":[{"embeddable":true,"href":"https:\/\/singuli.wpress.me\/index.php\/wp-json\/wp\/v2\/media\/36882"}],"wp:attachment":[{"href":"https:\/\/singuli.wpress.me\/index.php\/wp-json\/wp\/v2\/media?parent=36881"}],"wp:term":[{"taxonomy":"product_brand","embeddable":true,"href":"https:\/\/singuli.wpress.me\/index.php\/wp-json\/wp\/v2\/product_brand?post=36881"},{"taxonomy":"product_cat","embeddable":true,"href":"https:\/\/singuli.wpress.me\/index.php\/wp-json\/wp\/v2\/product_cat?post=36881"},{"taxonomy":"product_tag","embeddable":true,"href":"https:\/\/singuli.wpress.me\/index.php\/wp-json\/wp\/v2\/product_tag?post=36881"}],"curies":[{"name":"wp","href":"https:\/\/api.w.org\/{rel}","templated":true}]}}