{"id":36888,"date":"2026-04-18T02:05:08","date_gmt":"2026-04-18T02:05:08","guid":{"rendered":"https:\/\/singuli.wpress.me\/index.php\/proizvod\/squishmallows-30-cm-plisana-igracka\/"},"modified":"2026-04-20T12:33:19","modified_gmt":"2026-04-20T12:33:19","slug":"squishmallows-30-cm-plisana-igracka","status":"publish","type":"product","link":"https:\/\/singuli.wpress.me\/index.php\/proizvod\/squishmallows-30-cm-plisana-igracka\/","title":{"rendered":"SQUISHMALLOWS 30 cm, pli\u0161ana igra\u010dka"},"content":{"rendered":"<p>Dodajte ove <strong>30 cm pli\u0161ane Squishmallowse<\/strong> svojoj ekipi! Ovi neodoljivi pli\u0161anci izra\u0111eni su od <strong>iznimno mekog materijala<\/strong>, \u0161to ih \u010dini savr\u0161enima za igru, zagrljaje i ma\u017eenje.<\/p>\n<p>Svaki Squishmallows dolazi s <strong>jedinstvenim imenom i pri\u010dom<\/strong> koju \u0107ete prona\u0107i unutar etikete, \u0161to ga \u010dini posebnim i daje mu karakter.<\/p>\n<p>Bilo da ste iskusni kolekcionar ili tek ulazite u svijet Squishmallowsa, ovi posebni pli\u0161anci donijet \u0107e <strong>radost i \u010daroliju<\/strong> u svaki kutak va\u0161e sobe i bit \u0107e savr\u0161en dodatak va\u0161oj kolekciji.<\/p>\n","protected":false},"excerpt":{"rendered":"<p>Pli\u0161anci veli\u010dine 30 cm<br \/>\nIzra\u0111eni od iznimno mekog i udobnog materijala<br \/>\nSvaki pli\u0161anac ima jedinstveno ime i pri\u010du<\/p>\n","protected":false},"featured_media":36889,"template":"","meta":{"_seopress_robots_primary_cat":"","_seopress_titles_title":"","_seopress_titles_desc":"","_seopress_robots_index":"","iawp_total_views":0},"product_brand":[791],"product_cat":[221,291],"product_tag":[],"class_list":{"0":"post-36888","1":"product","2":"type-product","3":"status-publish","4":"has-post-thumbnail","6":"product_brand-squishmallows","7":"product_cat-igracke","8":"product_cat-igracke-za-djecu-221","10":"first","11":"instock","12":"shipping-taxable","13":"purchasable","14":"product-type-simple"},"_links":{"self":[{"href":"https:\/\/singuli.wpress.me\/index.php\/wp-json\/wp\/v2\/product\/36888","targetHints":{"allow":["GET"]}}],"collection":[{"href":"https:\/\/singuli.wpress.me\/index.php\/wp-json\/wp\/v2\/product"}],"about":[{"href":"https:\/\/singuli.wpress.me\/index.php\/wp-json\/wp\/v2\/types\/product"}],"version-history":[{"count":0,"href":"https:\/\/singuli.wpress.me\/index.php\/wp-json\/wp\/v2\/product\/36888\/revisions"}],"wp:featuredmedia":[{"embeddable":true,"href":"https:\/\/singuli.wpress.me\/index.php\/wp-json\/wp\/v2\/media\/36889"}],"wp:attachment":[{"href":"https:\/\/singuli.wpress.me\/index.php\/wp-json\/wp\/v2\/media?parent=36888"}],"wp:term":[{"taxonomy":"product_brand","embeddable":true,"href":"https:\/\/singuli.wpress.me\/index.php\/wp-json\/wp\/v2\/product_brand?post=36888"},{"taxonomy":"product_cat","embeddable":true,"href":"https:\/\/singuli.wpress.me\/index.php\/wp-json\/wp\/v2\/product_cat?post=36888"},{"taxonomy":"product_tag","embeddable":true,"href":"https:\/\/singuli.wpress.me\/index.php\/wp-json\/wp\/v2\/product_tag?post=36888"}],"curies":[{"name":"wp","href":"https:\/\/api.w.org\/{rel}","templated":true}]}}