{"id":36935,"date":"2026-04-18T02:06:11","date_gmt":"2026-04-18T02:06:11","guid":{"rendered":"https:\/\/singuli.wpress.me\/index.php\/proizvod\/pokemon-clip-n-go-figure\/"},"modified":"2026-04-20T12:33:19","modified_gmt":"2026-04-20T12:33:19","slug":"pokemon-clip-n-go-figure","status":"publish","type":"product","link":"https:\/\/singuli.wpress.me\/index.php\/proizvod\/pokemon-clip-n-go-figure\/","title":{"rendered":"POKEMON Clip N Go, figure"},"content":{"rendered":"<p>Trenirajte i pripremite se za bitku bilo gdje uz **Pok\u00e9mon Clip &#8216;N&#8217; Go**! Ovaj set omogu\u0107uje vam da zaka\u010dite svoju lopticu na bilo koji pojas ili na **Clip &#8216;N&#8217; Go Pok\u00e9 Ball pojas** (prodaje se zasebno) i krenete u skupljanje Pok\u00e9mona.<\/p>\n<p>Jednostavno otvorite lopticu na stra\u017enjoj strani i stavite unutra prilo\u017eenu ili bilo koju drugu **Pok\u00e9mon borbenu figuricu od 5 cm**.<\/p>\n<p>Skupite sve setove i postanite pravi Pok\u00e9mon trener! Budite uvijek spremni za borbu!<\/p>\n<p><strong>Napomena:<\/strong> Clip &#8216;N&#8217; Go Pok\u00e9 Ball pojas i dodatne borbene figurice od 5 cm prodaju se zasebno.<\/p>\n","protected":false},"excerpt":{"rendered":"<p>Clip &#8216;N&#8217; Go mehanizam za no\u0161enje loptice na pojasu<br \/>\nLoptica se otvara za umetanje figure<br \/>\nKompatibilno sa svim Pok\u00e9mon borbenim figuricama od 5 cm<\/p>\n","protected":false},"featured_media":36936,"template":"","meta":{"_seopress_robots_primary_cat":"","_seopress_titles_title":"","_seopress_titles_desc":"","_seopress_robots_index":"","iawp_total_views":0},"product_brand":[334],"product_cat":[221,263],"product_tag":[],"class_list":{"0":"post-36935","1":"product","2":"type-product","3":"status-publish","4":"has-post-thumbnail","6":"product_brand-pokemon","7":"product_cat-igracke","8":"product_cat-tematske-igracke-221","10":"first","11":"instock","12":"shipping-taxable","13":"purchasable","14":"product-type-simple"},"_links":{"self":[{"href":"https:\/\/singuli.wpress.me\/index.php\/wp-json\/wp\/v2\/product\/36935","targetHints":{"allow":["GET"]}}],"collection":[{"href":"https:\/\/singuli.wpress.me\/index.php\/wp-json\/wp\/v2\/product"}],"about":[{"href":"https:\/\/singuli.wpress.me\/index.php\/wp-json\/wp\/v2\/types\/product"}],"version-history":[{"count":0,"href":"https:\/\/singuli.wpress.me\/index.php\/wp-json\/wp\/v2\/product\/36935\/revisions"}],"wp:featuredmedia":[{"embeddable":true,"href":"https:\/\/singuli.wpress.me\/index.php\/wp-json\/wp\/v2\/media\/36936"}],"wp:attachment":[{"href":"https:\/\/singuli.wpress.me\/index.php\/wp-json\/wp\/v2\/media?parent=36935"}],"wp:term":[{"taxonomy":"product_brand","embeddable":true,"href":"https:\/\/singuli.wpress.me\/index.php\/wp-json\/wp\/v2\/product_brand?post=36935"},{"taxonomy":"product_cat","embeddable":true,"href":"https:\/\/singuli.wpress.me\/index.php\/wp-json\/wp\/v2\/product_cat?post=36935"},{"taxonomy":"product_tag","embeddable":true,"href":"https:\/\/singuli.wpress.me\/index.php\/wp-json\/wp\/v2\/product_tag?post=36935"}],"curies":[{"name":"wp","href":"https:\/\/api.w.org\/{rel}","templated":true}]}}