{"id":36941,"date":"2026-04-18T02:06:17","date_gmt":"2026-04-18T02:06:17","guid":{"rendered":"https:\/\/singuli.wpress.me\/index.php\/proizvod\/squishmallows-seria-a-35-cm-plisana-igracka\/"},"modified":"2026-04-20T12:33:19","modified_gmt":"2026-04-20T12:33:19","slug":"squishmallows-seria-a-35-cm-plisana-igracka","status":"publish","type":"product","link":"https:\/\/singuli.wpress.me\/index.php\/proizvod\/squishmallows-seria-a-35-cm-plisana-igracka\/","title":{"rendered":"SQUISHMALLOWS Seria A 35 cm, pli\u0161ana igra\u010dka"},"content":{"rendered":"<p>Otkrijte \u010daroliju s ovim pli\u0161anim <strong>Squishmallowsima visine 35 cm<\/strong> iz <strong>Serije A<\/strong>! Ovi mekani i veliki pli\u0161anci idealni su suputnici za igru, ma\u017eenje i sakupljanje.<\/p>\n<p>Svaki Squishmallows nosi svoje <strong>jedinstveno ime i pri\u010du<\/strong> unutar etikete, \u0161to ga \u010dini posebnim i nezaboravnim \u2013 savr\u0161enim za kolekcionare!<\/p>\n<p>Bilo da ste strastveni kolekcionar ili tek ulazite u svijet Squishmallowsa, ovi pli\u0161anci donose <strong>radost i ma\u0161tovite trenutke<\/strong> svima i oboga\u0107uju svaki kutak sobe.<\/p>\n","protected":false},"excerpt":{"rendered":"<p>Pli\u0161anci veli\u010dine 35 cm<br \/>\nDio kolekcije Serije A<br \/>\nIznimno mekani pli\u0161<\/p>\n","protected":false},"featured_media":36942,"template":"","meta":{"_seopress_robots_primary_cat":"","_seopress_titles_title":"","_seopress_titles_desc":"","_seopress_robots_index":"","iawp_total_views":0},"product_brand":[791],"product_cat":[221,291],"product_tag":[],"class_list":{"0":"post-36941","1":"product","2":"type-product","3":"status-publish","4":"has-post-thumbnail","6":"product_brand-squishmallows","7":"product_cat-igracke","8":"product_cat-igracke-za-djecu-221","10":"first","11":"outofstock","12":"shipping-taxable","13":"purchasable","14":"product-type-simple"},"_links":{"self":[{"href":"https:\/\/singuli.wpress.me\/index.php\/wp-json\/wp\/v2\/product\/36941","targetHints":{"allow":["GET"]}}],"collection":[{"href":"https:\/\/singuli.wpress.me\/index.php\/wp-json\/wp\/v2\/product"}],"about":[{"href":"https:\/\/singuli.wpress.me\/index.php\/wp-json\/wp\/v2\/types\/product"}],"version-history":[{"count":0,"href":"https:\/\/singuli.wpress.me\/index.php\/wp-json\/wp\/v2\/product\/36941\/revisions"}],"wp:featuredmedia":[{"embeddable":true,"href":"https:\/\/singuli.wpress.me\/index.php\/wp-json\/wp\/v2\/media\/36942"}],"wp:attachment":[{"href":"https:\/\/singuli.wpress.me\/index.php\/wp-json\/wp\/v2\/media?parent=36941"}],"wp:term":[{"taxonomy":"product_brand","embeddable":true,"href":"https:\/\/singuli.wpress.me\/index.php\/wp-json\/wp\/v2\/product_brand?post=36941"},{"taxonomy":"product_cat","embeddable":true,"href":"https:\/\/singuli.wpress.me\/index.php\/wp-json\/wp\/v2\/product_cat?post=36941"},{"taxonomy":"product_tag","embeddable":true,"href":"https:\/\/singuli.wpress.me\/index.php\/wp-json\/wp\/v2\/product_tag?post=36941"}],"curies":[{"name":"wp","href":"https:\/\/api.w.org\/{rel}","templated":true}]}}