{"id":36947,"date":"2026-04-18T02:06:27","date_gmt":"2026-04-18T02:06:27","guid":{"rendered":"https:\/\/singuli.wpress.me\/index.php\/proizvod\/pan-radler-limun-pivo-20x0-5-l\/"},"modified":"2026-04-20T12:33:19","modified_gmt":"2026-04-20T12:33:19","slug":"pan-radler-limun-pivo-20x0-5-l","status":"publish","type":"product","link":"https:\/\/singuli.wpress.me\/index.php\/proizvod\/pan-radler-limun-pivo-20x0-5-l\/","title":{"rendered":"PAN Radler limun, pivo, 20&#215;0.5 l"},"content":{"rendered":"<p>Pan Radler Limun\u00a0je osvje\u017eavaju\u0107e pi\u0107e koje spaja 40% svijetlog Pan lagera i 60% soka od limuna. S udjelom alkohola od 2%, idealan je lagani izbor za tople dane i osvje\u017eenje. Proizvodi ga Carlsberg Croatia, nude\u0107i balansiran okus piva i citrusa<\/p>\n","protected":false},"excerpt":{"rendered":"<p>Osvje\u017eavaju\u0107a kombinacija lagera i limuna.<br \/>\nAlk. 2,0% vol.<br \/>\nPru\u017ea autenti\u010dan, citrusni okus koji trenutno gasi \u017ee\u0111<\/p>\n","protected":false},"featured_media":0,"template":"","meta":{"_seopress_robots_primary_cat":"","_seopress_titles_title":"","_seopress_titles_desc":"","_seopress_robots_index":"","iawp_total_views":0},"product_brand":[515],"product_cat":[298,261],"product_tag":[],"class_list":{"0":"post-36947","1":"product","2":"type-product","3":"status-publish","5":"product_brand-pan","6":"product_cat-alkoholna-pica-261","7":"product_cat-hrana-i-pice","9":"first","10":"instock","11":"shipping-taxable","12":"purchasable","13":"product-type-simple"},"_links":{"self":[{"href":"https:\/\/singuli.wpress.me\/index.php\/wp-json\/wp\/v2\/product\/36947","targetHints":{"allow":["GET"]}}],"collection":[{"href":"https:\/\/singuli.wpress.me\/index.php\/wp-json\/wp\/v2\/product"}],"about":[{"href":"https:\/\/singuli.wpress.me\/index.php\/wp-json\/wp\/v2\/types\/product"}],"version-history":[{"count":0,"href":"https:\/\/singuli.wpress.me\/index.php\/wp-json\/wp\/v2\/product\/36947\/revisions"}],"wp:attachment":[{"href":"https:\/\/singuli.wpress.me\/index.php\/wp-json\/wp\/v2\/media?parent=36947"}],"wp:term":[{"taxonomy":"product_brand","embeddable":true,"href":"https:\/\/singuli.wpress.me\/index.php\/wp-json\/wp\/v2\/product_brand?post=36947"},{"taxonomy":"product_cat","embeddable":true,"href":"https:\/\/singuli.wpress.me\/index.php\/wp-json\/wp\/v2\/product_cat?post=36947"},{"taxonomy":"product_tag","embeddable":true,"href":"https:\/\/singuli.wpress.me\/index.php\/wp-json\/wp\/v2\/product_tag?post=36947"}],"curies":[{"name":"wp","href":"https:\/\/api.w.org\/{rel}","templated":true}]}}