{"id":36966,"date":"2026-04-18T18:02:39","date_gmt":"2026-04-18T18:02:39","guid":{"rendered":"https:\/\/singuli.wpress.me\/index.php\/proizvod\/pokemon-w6-battle-figure\/"},"modified":"2026-04-20T12:33:19","modified_gmt":"2026-04-20T12:33:19","slug":"pokemon-w6-battle-figure","status":"publish","type":"product","link":"https:\/\/singuli.wpress.me\/index.php\/proizvod\/pokemon-w6-battle-figure\/","title":{"rendered":"POKEMON W6 Battle, figure"},"content":{"rendered":"<p>S ovim setom od <strong>2 borbene figure<\/strong>, mo\u017eete jednostavno i u\u010dinkovito trenirati Pok\u00e9mone! Razli\u010diti setovi uklju\u010duju <strong>Pikachua<\/strong> i jednog od tri po\u010detna Pok\u00e9mona: <strong>Snivyja, Tepiga ili Oshawotta<\/strong>.<\/p>\n<p>Svaka od ovih s ljubavlju dizajniranih figura od <strong>5 cm<\/strong> izgleda kao da je isko\u010dila iz animirane serije Pok\u00e9mon igara zahvaljuju\u0107i <strong>originalnim detaljima<\/strong>. Lako ih je dodati svom timu i pripremiti se za bitku!<\/p>\n<p>Ove su figure <strong>kompatibilne<\/strong> s Clip &#8216;N&#8217; Go pojasom, setom torbica za no\u0161enje i Surprise Attackom (prodaju se zasebno).<\/p>\n","protected":false},"excerpt":{"rendered":"<p>Set uklju\u010duje 2 borbene figure<br \/>\nFigure su visine 5 cm, s originalnim detaljima<br \/>\nKompatibilno s Clip &#8216;N&#8217; Go i Surprise Attack igrom<\/p>\n","protected":false},"featured_media":36967,"template":"","meta":{"_seopress_robots_primary_cat":"","_seopress_titles_title":"","_seopress_titles_desc":"","_seopress_robots_index":"","iawp_total_views":0},"product_brand":[334],"product_cat":[221,263],"product_tag":[],"class_list":{"0":"post-36966","1":"product","2":"type-product","3":"status-publish","4":"has-post-thumbnail","6":"product_brand-pokemon","7":"product_cat-igracke","8":"product_cat-tematske-igracke-221","10":"first","11":"instock","12":"shipping-taxable","13":"purchasable","14":"product-type-simple"},"_links":{"self":[{"href":"https:\/\/singuli.wpress.me\/index.php\/wp-json\/wp\/v2\/product\/36966","targetHints":{"allow":["GET"]}}],"collection":[{"href":"https:\/\/singuli.wpress.me\/index.php\/wp-json\/wp\/v2\/product"}],"about":[{"href":"https:\/\/singuli.wpress.me\/index.php\/wp-json\/wp\/v2\/types\/product"}],"version-history":[{"count":0,"href":"https:\/\/singuli.wpress.me\/index.php\/wp-json\/wp\/v2\/product\/36966\/revisions"}],"wp:featuredmedia":[{"embeddable":true,"href":"https:\/\/singuli.wpress.me\/index.php\/wp-json\/wp\/v2\/media\/36967"}],"wp:attachment":[{"href":"https:\/\/singuli.wpress.me\/index.php\/wp-json\/wp\/v2\/media?parent=36966"}],"wp:term":[{"taxonomy":"product_brand","embeddable":true,"href":"https:\/\/singuli.wpress.me\/index.php\/wp-json\/wp\/v2\/product_brand?post=36966"},{"taxonomy":"product_cat","embeddable":true,"href":"https:\/\/singuli.wpress.me\/index.php\/wp-json\/wp\/v2\/product_cat?post=36966"},{"taxonomy":"product_tag","embeddable":true,"href":"https:\/\/singuli.wpress.me\/index.php\/wp-json\/wp\/v2\/product_tag?post=36966"}],"curies":[{"name":"wp","href":"https:\/\/api.w.org\/{rel}","templated":true}]}}