{"id":36978,"date":"2026-04-18T18:02:43","date_gmt":"2026-04-18T18:02:43","guid":{"rendered":"https:\/\/singuli.wpress.me\/index.php\/proizvod\/pokemon-clip-n-go-figure-2\/"},"modified":"2026-04-20T12:33:19","modified_gmt":"2026-04-20T12:33:19","slug":"pokemon-clip-n-go-figure-2","status":"publish","type":"product","link":"https:\/\/singuli.wpress.me\/index.php\/proizvod\/pokemon-clip-n-go-figure-2\/","title":{"rendered":"POKEMON Clip N Go, figure"},"content":{"rendered":"<p>S ovim sjajnim <strong>Pok\u00e9mon Pok\u00e9 Ball Clip &#8216;N&#8217; Go pojasom<\/strong>, spremni ste za bitku bilo kada i bilo gdje! Zakora\u010dite u ulogu Pok\u00e9mon trenera i neka sakupljanje po\u010dne \u2013 <strong>Moram ih sve uhvatiti!<\/strong><\/p>\n<p>Ovaj set uklju\u010duje: <strong>jednu figuru od 5 cm<\/strong>, <strong>dvije Pok\u00e9 Ball loptice<\/strong> i <strong>jedan podesivi Clip &#8216;N&#8217; Go pojas<\/strong>. Pojas je dizajniran da mo\u017ee dr\u017eati do <strong>6 Clip &#8216;N&#8217; Go Pok\u00e9 loptica<\/strong>.<\/p>\n<p>Pojas je podesiv, pa ga mo\u017eete prilagoditi svakom treneru. Uzmite svoje loptice, zaka\u010dite ih za pojas i krenite u avanturu!<\/p>\n<p><strong>Napomena:<\/strong> Ostale Pok\u00e9 loptice prodaju se zasebno.<\/p>\n","protected":false},"excerpt":{"rendered":"<p>Clip &#8216;N&#8217; Go pojas za no\u0161enje loptica<br \/>\nPojas mo\u017ee dr\u017eati do 6 Pok\u00e9 loptica<br \/>\nSet uklju\u010duje 1 figuru od 5 cm i 2 Pok\u00e9 Ball loptice<\/p>\n","protected":false},"featured_media":36979,"template":"","meta":{"_seopress_robots_primary_cat":"","_seopress_titles_title":"","_seopress_titles_desc":"","_seopress_robots_index":"","iawp_total_views":0},"product_brand":[334],"product_cat":[221,263],"product_tag":[],"class_list":{"0":"post-36978","1":"product","2":"type-product","3":"status-publish","4":"has-post-thumbnail","6":"product_brand-pokemon","7":"product_cat-igracke","8":"product_cat-tematske-igracke-221","10":"first","11":"instock","12":"shipping-taxable","13":"purchasable","14":"product-type-simple"},"_links":{"self":[{"href":"https:\/\/singuli.wpress.me\/index.php\/wp-json\/wp\/v2\/product\/36978","targetHints":{"allow":["GET"]}}],"collection":[{"href":"https:\/\/singuli.wpress.me\/index.php\/wp-json\/wp\/v2\/product"}],"about":[{"href":"https:\/\/singuli.wpress.me\/index.php\/wp-json\/wp\/v2\/types\/product"}],"version-history":[{"count":0,"href":"https:\/\/singuli.wpress.me\/index.php\/wp-json\/wp\/v2\/product\/36978\/revisions"}],"wp:featuredmedia":[{"embeddable":true,"href":"https:\/\/singuli.wpress.me\/index.php\/wp-json\/wp\/v2\/media\/36979"}],"wp:attachment":[{"href":"https:\/\/singuli.wpress.me\/index.php\/wp-json\/wp\/v2\/media?parent=36978"}],"wp:term":[{"taxonomy":"product_brand","embeddable":true,"href":"https:\/\/singuli.wpress.me\/index.php\/wp-json\/wp\/v2\/product_brand?post=36978"},{"taxonomy":"product_cat","embeddable":true,"href":"https:\/\/singuli.wpress.me\/index.php\/wp-json\/wp\/v2\/product_cat?post=36978"},{"taxonomy":"product_tag","embeddable":true,"href":"https:\/\/singuli.wpress.me\/index.php\/wp-json\/wp\/v2\/product_tag?post=36978"}],"curies":[{"name":"wp","href":"https:\/\/api.w.org\/{rel}","templated":true}]}}